{"id":3439,"date":"2022-09-05T22:11:24","date_gmt":"2022-09-06T04:11:24","guid":{"rendered":"https:\/\/itv.geekbotelectronics.com\/?post_type=product&#038;p=3439"},"modified":"2025-10-15T16:59:33","modified_gmt":"2025-10-15T22:59:33","slug":"74ls283-sumador-de-4-bits-con-acarreo","status":"publish","type":"product","link":"https:\/\/itv.geekbotelectronics.com\/index.php\/product\/74ls283-sumador-de-4-bits-con-acarreo\/","title":{"rendered":"74LS283 Sumador de 4 bits con Acarreo"},"content":{"rendered":"<h4>74LS283<\/h4>\n<p>Sumador binario completo\u00a0de 4 bits 74LS283, con acarreo. TTL<\/p>\n<p>En electr\u00f3nica un sumador es un circuito l\u00f3gico que calcula la operaci\u00f3n suma. En los computadores modernos se encuentra en lo que se denomina Unidad aritm\u00e9tico l\u00f3gica (ALU). Generalmente realizan las operaciones aritm\u00e9ticas en c\u00f3digo binario decimal o BCD exceso 3, por regla general los sumadores emplean el sistema binario. En los casos en los que se est\u00e9 empleando un complemento a dos para representar n\u00fameros negativos el sumador se convertir\u00e1 en un sumador- substractor. Las entradas son A, B, Cin que son las entradas de bits A y B, y Cin es la entrada de acarreo. Por otra parte, la salida es S y Cout es la salida de acarreo. El sumador completo de 4 bits es una concatenaci\u00f3n de 4 sumadores binarios completos de 1 bit, la concatenaci\u00f3n se realiza a trav\u00e9s de los terminales de acarreo saliente (Cin) y acarreo entrante (Cout).<\/p>\n<p><strong>Especificaciones<\/strong><\/p>\n<ul>\n<li>Sumador de dos n\u00fameros binarios de 4 bits c\/u<\/li>\n<li>Carry r\u00e1pido: 10 ns t\u00edpico<\/li>\n<li>Genera se\u00f1al de carry cuando la suma excede 15<\/li>\n<li>Se pueden configurar varias unidades en cascada para sumar n\u00fameros de mayor cantidad de bits<\/li>\n<li>Puede operar con l\u00f3gica positiva o negativa<\/li>\n<li>Tecnolog\u00eda: TTL Low Schottky (LS)<\/li>\n<li>Voltaje de alimentaci\u00f3n: 4.75 V a 5.25 V<\/li>\n<li>Encapsulado: PDIP\u00a016 pines<\/li>\n<\/ul>\n","protected":false},"excerpt":{"rendered":"<p>74LS283 Sumador binario completo\u00a0de 4 bits 74LS283, con acarreo. TTL En electr\u00f3nica un sumador es un circuito l\u00f3gico que calcula la operaci\u00f3n suma. En los computadores modernos se encuentra en lo que se denomina Unidad aritm\u00e9tico l\u00f3gica (ALU). Generalmente realizan las operaciones aritm\u00e9ticas en c\u00f3digo binario decimal o BCD exceso 3, por regla general los [&hellip;]<\/p>\n","protected":false},"featured_media":1034,"comment_status":"closed","ping_status":"closed","template":"","meta":{"_lmt_disableupdate":"no","_lmt_disable":""},"product_brand":[],"product_cat":[44],"product_tag":[],"class_list":{"0":"post-3439","1":"product","2":"type-product","3":"status-publish","4":"has-post-thumbnail","6":"product_cat-circuitos-integrados","8":"first","9":"instock","10":"taxable","11":"shipping-taxable","12":"purchasable","13":"product-type-simple"},"_links":{"self":[{"href":"https:\/\/itv.geekbotelectronics.com\/index.php\/wp-json\/wp\/v2\/product\/3439"}],"collection":[{"href":"https:\/\/itv.geekbotelectronics.com\/index.php\/wp-json\/wp\/v2\/product"}],"about":[{"href":"https:\/\/itv.geekbotelectronics.com\/index.php\/wp-json\/wp\/v2\/types\/product"}],"replies":[{"embeddable":true,"href":"https:\/\/itv.geekbotelectronics.com\/index.php\/wp-json\/wp\/v2\/comments?post=3439"}],"wp:featuredmedia":[{"embeddable":true,"href":"https:\/\/itv.geekbotelectronics.com\/index.php\/wp-json\/wp\/v2\/media\/1034"}],"wp:attachment":[{"href":"https:\/\/itv.geekbotelectronics.com\/index.php\/wp-json\/wp\/v2\/media?parent=3439"}],"wp:term":[{"taxonomy":"product_brand","embeddable":true,"href":"https:\/\/itv.geekbotelectronics.com\/index.php\/wp-json\/wp\/v2\/product_brand?post=3439"},{"taxonomy":"product_cat","embeddable":true,"href":"https:\/\/itv.geekbotelectronics.com\/index.php\/wp-json\/wp\/v2\/product_cat?post=3439"},{"taxonomy":"product_tag","embeddable":true,"href":"https:\/\/itv.geekbotelectronics.com\/index.php\/wp-json\/wp\/v2\/product_tag?post=3439"}],"curies":[{"name":"wp","href":"https:\/\/api.w.org\/{rel}","templated":true}]}}