{"id":3470,"date":"2022-09-05T22:11:35","date_gmt":"2022-09-06T04:11:35","guid":{"rendered":"https:\/\/itv.geekbotelectronics.com\/?post_type=product&#038;p=3470"},"modified":"2025-02-24T17:21:34","modified_gmt":"2025-02-24T23:21:34","slug":"conector-molex-hembra-6-pin","status":"publish","type":"product","link":"https:\/\/itv.geekbotelectronics.com\/index.php\/product\/conector-molex-hembra-6-pin\/","title":{"rendered":"Conector Molex Hembra 6 Pin"},"content":{"rendered":"","protected":false},"excerpt":{"rendered":"<p>Conector Molex hembra de 6 v\u00edas con separaci\u00f3n est\u00e1ndar de\u00a0 2.54 mm (.100&#8243;).<\/p>\n<p><strong>No incluye terminales.<\/strong><\/p>\n<p>-Corriente m\u00e1xima 3Amp.Voltaje Max. 600Vac (1min).<\/p>\n<p>-Resistencia de aislamiento 1000Mohms.<\/p>\n","protected":false},"featured_media":0,"comment_status":"open","ping_status":"closed","template":"","meta":{"_lmt_disableupdate":"","_lmt_disable":""},"product_brand":[],"product_cat":[38],"product_tag":[],"class_list":{"0":"post-3470","1":"product","2":"type-product","3":"status-publish","5":"product_cat-conector-molex","7":"first","8":"instock","9":"purchasable","10":"product-type-simple"},"_links":{"self":[{"href":"https:\/\/itv.geekbotelectronics.com\/index.php\/wp-json\/wp\/v2\/product\/3470"}],"collection":[{"href":"https:\/\/itv.geekbotelectronics.com\/index.php\/wp-json\/wp\/v2\/product"}],"about":[{"href":"https:\/\/itv.geekbotelectronics.com\/index.php\/wp-json\/wp\/v2\/types\/product"}],"replies":[{"embeddable":true,"href":"https:\/\/itv.geekbotelectronics.com\/index.php\/wp-json\/wp\/v2\/comments?post=3470"}],"wp:attachment":[{"href":"https:\/\/itv.geekbotelectronics.com\/index.php\/wp-json\/wp\/v2\/media?parent=3470"}],"wp:term":[{"taxonomy":"product_brand","embeddable":true,"href":"https:\/\/itv.geekbotelectronics.com\/index.php\/wp-json\/wp\/v2\/product_brand?post=3470"},{"taxonomy":"product_cat","embeddable":true,"href":"https:\/\/itv.geekbotelectronics.com\/index.php\/wp-json\/wp\/v2\/product_cat?post=3470"},{"taxonomy":"product_tag","embeddable":true,"href":"https:\/\/itv.geekbotelectronics.com\/index.php\/wp-json\/wp\/v2\/product_tag?post=3470"}],"curies":[{"name":"wp","href":"https:\/\/api.w.org\/{rel}","templated":true}]}}