{"id":3479,"date":"2022-09-05T22:11:35","date_gmt":"2022-09-06T04:11:35","guid":{"rendered":"https:\/\/itv.geekbotelectronics.com\/?post_type=product&#038;p=3479"},"modified":"2025-10-01T14:42:18","modified_gmt":"2025-10-01T20:42:18","slug":"termistor-axial-50-kohm-ntc","status":"publish","type":"product","link":"https:\/\/itv.geekbotelectronics.com\/index.php\/product\/termistor-axial-50-kohm-ntc\/","title":{"rendered":"Termistor Axial 50 Kohm NTC"},"content":{"rendered":"<h4><span style=\"color: #000000\">Termistor axial<\/span><\/h4>\n<p><span style=\"color: #000000\">Un termistor axial es un <a style=\"color: #000000\" title=\"Sensor\" href=\"https:\/\/es.wikipedia.org\/wiki\/Sensor\">sensor<\/a> resistivo de <a style=\"color: #000000\" title=\"Temperatura\" href=\"https:\/\/es.wikipedia.org\/wiki\/Temperatura\">temperatura<\/a>. Su funcionamiento se basa en la variaci\u00f3n de la <a style=\"color: #000000\" title=\"Resistividad\" href=\"https:\/\/es.wikipedia.org\/wiki\/Resistividad\">resistividad<\/a> que presenta un <a style=\"color: #000000\" title=\"Semiconductor\" href=\"https:\/\/es.wikipedia.org\/wiki\/Semiconductor\">semiconductor<\/a>\u00a0con la temperatura. Existen dos tipos de termistor:<\/span><\/p>\n<ul>\n<li><span style=\"color: #000000\"><a class=\"new\" style=\"color: #000000\" title=\"Negative Temperature Coefficient (a\u00fan no redactado)\" href=\"https:\/\/es.wikipedia.org\/w\/index.php?title=Negative_Temperature_Coefficient&amp;action=edit&amp;redlink=1\">NTC<\/a> (Negative Temperature Coefficient) \u2013 coeficiente de temperatura negativo<\/span><\/li>\n<li><span style=\"color: #000000\"><a class=\"new\" style=\"color: #000000\" title=\"Positive Temperature Coefficient (a\u00fan no redactado)\" href=\"https:\/\/es.wikipedia.org\/w\/index.php?title=Positive_Temperature_Coefficient&amp;action=edit&amp;redlink=1\">PTC<\/a> (Positive Temperature Coefficient) \u2013 coeficiente de temperatura positivo.<\/span><\/li>\n<\/ul>\n<p><span style=\"color: #000000\">Cuando la temperatura aumenta, los tipo PTC aumentan su resistencia y los NTC la disminuyen. Conociendo el principio b\u00e1sico del funcionamiento del termistor, ser\u00e1 f\u00e1cil entonces conocer en qu\u00e9 estado se encuentra.<\/span><\/p>\n<p><span lang=\"ES-CO\" style=\"color: #000000\">Compensaci\u00f3n de temperatura y detecci\u00f3n para:<\/span><\/p>\n<p><span style=\"color: #000000\"><span lang=\"ES-CO\">\u00b7 Electrodom\u00e9sticos (aires acondicionados, hornos de microondas, ventiladores el\u00e9ctricos, calentadores el\u00e9ctricos, etc.).\u00a0<\/span><span lang=\"ES-CO\">Equipo de oficina (fotocopiadoras, impresoras, etc.) Industrial, equipo m\u00e9dico, ambiental tiempo y procesamiento de alimentos, detecci\u00f3n de nivel de l\u00edquido y mediciones de caudal, bater\u00eda del tel\u00e9fono m\u00f3vil, bobinas Aparatos, circuitos integrados, los osciladores de cristal de cuarzo y termopares.<\/span><\/span><\/p>\n<p><span style=\"color: #000000\">Buena estabilidad y repetitividad, alta fiabilidad, amplia gama de resistencia: 0.1 ~ 1000K, tolerancia estrecha en los valores de resistencia y Beta. Se puede utilizar en ambientes de alta temperatura y alta humedad, peque\u00f1o, ligero, paquete fuerte, adecuado para inserci\u00f3n autom\u00e1tica en thru-hole PCB, respuesta r\u00e1pida.<\/span><\/p>\n<p><span style=\"color: #000000\"><strong>Especificaciones<\/strong><\/span><\/p>\n<table border=\"1\" cellpadding=\"0\">\n<tbody>\n<tr>\n<td><span style=\"color: #000000\"><span lang=\"ES-CO\">V<\/span><span lang=\"ES-CO\">alor Beta<\/span><\/span><\/td>\n<td><span lang=\"ES-CO\" style=\"color: #000000\">3950K \u00b1 1%<\/span><\/td>\n<\/tr>\n<tr>\n<td><span lang=\"ES-CO\" style=\"color: #000000\">Resistencia<\/span><\/td>\n<td><span lang=\"ES-CO\" style=\"color: #000000\">50 kohms \u00b1 5%<\/span><\/td>\n<\/tr>\n<tr>\n<td><span lang=\"ES-CO\" style=\"color: #000000\">Di\u00e1metro del cuerpo<\/span><\/td>\n<td><span lang=\"ES-CO\" style=\"color: #000000\">1,9 mm<\/span><\/td>\n<\/tr>\n<tr>\n<td><span lang=\"ES-CO\" style=\"color: #000000\">Longitud del cuerpo<\/span><\/td>\n<td><span lang=\"ES-CO\" style=\"color: #000000\">4 mm<\/span><\/td>\n<\/tr>\n<tr>\n<td><span lang=\"ES-CO\" style=\"color: #000000\">Longitud total<\/span><\/td>\n<td><span lang=\"ES-CO\" style=\"color: #000000\">60 mm<\/span><\/td>\n<\/tr>\n<tr>\n<td><span lang=\"ES-CO\" style=\"color: #000000\">Temperatura de trabajo<\/span><\/td>\n<td><span lang=\"ES-CO\" style=\"color: #000000\">-55\u00b0C ~ 200\u00b0C<\/span><\/td>\n<\/tr>\n<tr>\n<td><span lang=\"ES-CO\" style=\"color: #000000\">Valor B<\/span><\/td>\n<td><span lang=\"ES-CO\" style=\"color: #000000\">B25 \/ 50 \u00b0 C<\/span><\/td>\n<\/tr>\n<tr>\n<td><span lang=\"ES-CO\" style=\"color: #000000\">Constante t\u00e9rmica de tiempo<\/span><\/td>\n<td><span lang=\"ES-CO\"><span style=\"color: #000000\">20s (aire en ca<\/span>lma)<\/span><\/td>\n<\/tr>\n<tr>\n<td><span lang=\"ES-CO\">Potencia nominal<\/span><\/td>\n<td><span lang=\"ES-CO\">50mW<\/span><\/td>\n<\/tr>\n<\/tbody>\n<\/table>\n","protected":false},"excerpt":{"rendered":"<p>Termistor axial Un termistor axial es un sensor resistivo de temperatura. Su funcionamiento se basa en la variaci\u00f3n de la resistividad que presenta un semiconductor\u00a0con la temperatura. Existen dos tipos de termistor: NTC (Negative Temperature Coefficient) \u2013 coeficiente de temperatura negativo PTC (Positive Temperature Coefficient) \u2013 coeficiente de temperatura positivo. Cuando la temperatura aumenta, los [&hellip;]<\/p>\n","protected":false},"featured_media":1085,"comment_status":"closed","ping_status":"closed","template":"","meta":{"_lmt_disableupdate":"","_lmt_disable":""},"product_brand":[],"product_cat":[68,157],"product_tag":[],"class_list":{"0":"post-3479","1":"product","2":"type-product","3":"status-publish","4":"has-post-thumbnail","6":"product_cat-ambientales","7":"product_cat-termistor-varistor","9":"first","10":"instock","11":"purchasable","12":"product-type-simple"},"_links":{"self":[{"href":"https:\/\/itv.geekbotelectronics.com\/index.php\/wp-json\/wp\/v2\/product\/3479"}],"collection":[{"href":"https:\/\/itv.geekbotelectronics.com\/index.php\/wp-json\/wp\/v2\/product"}],"about":[{"href":"https:\/\/itv.geekbotelectronics.com\/index.php\/wp-json\/wp\/v2\/types\/product"}],"replies":[{"embeddable":true,"href":"https:\/\/itv.geekbotelectronics.com\/index.php\/wp-json\/wp\/v2\/comments?post=3479"}],"wp:featuredmedia":[{"embeddable":true,"href":"https:\/\/itv.geekbotelectronics.com\/index.php\/wp-json\/wp\/v2\/media\/1085"}],"wp:attachment":[{"href":"https:\/\/itv.geekbotelectronics.com\/index.php\/wp-json\/wp\/v2\/media?parent=3479"}],"wp:term":[{"taxonomy":"product_brand","embeddable":true,"href":"https:\/\/itv.geekbotelectronics.com\/index.php\/wp-json\/wp\/v2\/product_brand?post=3479"},{"taxonomy":"product_cat","embeddable":true,"href":"https:\/\/itv.geekbotelectronics.com\/index.php\/wp-json\/wp\/v2\/product_cat?post=3479"},{"taxonomy":"product_tag","embeddable":true,"href":"https:\/\/itv.geekbotelectronics.com\/index.php\/wp-json\/wp\/v2\/product_tag?post=3479"}],"curies":[{"name":"wp","href":"https:\/\/api.w.org\/{rel}","templated":true}]}}