{"id":3481,"date":"2022-09-05T22:11:35","date_gmt":"2022-09-06T04:11:35","guid":{"rendered":"https:\/\/itv.geekbotelectronics.com\/?post_type=product&#038;p=3481"},"modified":"2025-02-11T12:48:58","modified_gmt":"2025-02-11T18:48:58","slug":"sensor-adxl345-acelerometro-digital","status":"publish","type":"product","link":"https:\/\/itv.geekbotelectronics.com\/index.php\/product\/sensor-adxl345-acelerometro-digital\/","title":{"rendered":"Sensor ADXL345 Aceler\u00f3metro Digital"},"content":{"rendered":"<h4>ADXL345 Aceler\u00f3metro Digital de 3 ejes<\/h4>\n<p>El ADXL345 es un aceler\u00f3metro de 3 ejes de alta resoluci\u00f3n (13 <i>bit<\/i>) que puede medir hasta \u00b1 16 g. Es peque\u00f1o, delgado, y tiene bajo consumo de energ\u00eda. El formato de los datos de salida es de complemento a dos de 16 <i>bit<\/i>. Los datos se pueden obtener a trav\u00e9s de interfaz SPI de 3 o 4 alambres, o I2C.<\/p>\n<p>El ADXL345 es adecuado para medir la aceleraci\u00f3n est\u00e1tica de la gravedad para aplicaciones de detecci\u00f3n de inclinaci\u00f3n, as\u00ed como la aceleraci\u00f3n din\u00e1mica ocasionada por alg\u00fan movimiento o impacto. Su alta resoluci\u00f3n (4 <i>mg\/LSB<\/i>) permite medir cambios de inclinaci\u00f3n de menos de 1.0\u00b0.<\/p>\n<p>Incluye funciones especiales de detecci\u00f3n. Puede reconocer cuando no hay inactividad con base en la presencia o ausencia de movimiento, y si la aceleraci\u00f3n en cualquier eje excede de un nivel establecido por el usuario. Tambin detecta peque\u00f1os impulsos individuales y dobles, cuando el dispositivo est\u00e1 en ca\u00edda libre.<\/p>\n<p>Estas funciones se pueden asignar a cualquiera de los dos pines de salida de interrupci\u00f3n. La tarjeta cuenta con un buffer de 32 <i>bits<\/i> tipo FIFO, para almacenar datos y minimizar la intervenci\u00f3n del procesador que se este empleando. Incluye modalidades de bajo consumo que permiten administrar la energ\u00eda con base en la detecci\u00f3n de movimiento y la medici\u00f3n del umbral de aceleraci\u00f3n activa para lograr consumos de energ\u00eda extremadamente bajos.<\/p>\n<p><strong>Especificaciones<\/strong>:<\/p>\n<ul>\n<li>Voltaje de alimentaci\u00f3n: 2.0 &#8211; 3.6 <i>V DC<\/i><\/li>\n<li>Bajo consumo de potencia: 40 <i>\u00b5A<\/i> en modalidad de medici\u00f3n, y 0.1 <i>\u00b5A<\/i> en modo de espera @ 2.5<i>V<\/i><\/li>\n<li>Detecci\u00f3n de peque\u00f1os impulsos (sencillo y doble, semejante a un doble click)<\/li>\n<li>Detecci\u00f3n de ca\u00edda libre<\/li>\n<li>Compatible con interfaces SPI e I2C<\/li>\n<\/ul>\n<p><a href=\"http:\/\/www.geekbotelectronics.com\/wp-content\/uploads\/2015\/09\/ADXL345.pdf\">DataSheet<\/a><\/p>\n","protected":false},"excerpt":{"rendered":"<p>El sensor aceler\u00f3metro digital 3 ejes\u00a0ADXL345 es un m\u00f3dulo de alta precisi\u00f3n capaz de medir, aceleraci\u00f3n, inclinaci\u00f3n, vibraci\u00f3n y ca\u00edda libre. \u00a0En su resoluci\u00f3n m\u00e1s alta llega a medir variaciones menores a 1.0\u00b0.<\/p>\n","protected":false},"featured_media":1116,"comment_status":"closed","ping_status":"closed","template":"","meta":{"_lmt_disableupdate":"no","_lmt_disable":""},"product_brand":[],"product_cat":[60],"product_tag":[163],"class_list":{"0":"post-3481","1":"product","2":"type-product","3":"status-publish","4":"has-post-thumbnail","6":"product_cat-acelerometro-giroscopio-magnetometro","7":"product_tag-acelerometro","9":"first","10":"instock","11":"taxable","12":"shipping-taxable","13":"purchasable","14":"product-type-simple"},"_links":{"self":[{"href":"https:\/\/itv.geekbotelectronics.com\/index.php\/wp-json\/wp\/v2\/product\/3481"}],"collection":[{"href":"https:\/\/itv.geekbotelectronics.com\/index.php\/wp-json\/wp\/v2\/product"}],"about":[{"href":"https:\/\/itv.geekbotelectronics.com\/index.php\/wp-json\/wp\/v2\/types\/product"}],"replies":[{"embeddable":true,"href":"https:\/\/itv.geekbotelectronics.com\/index.php\/wp-json\/wp\/v2\/comments?post=3481"}],"wp:featuredmedia":[{"embeddable":true,"href":"https:\/\/itv.geekbotelectronics.com\/index.php\/wp-json\/wp\/v2\/media\/1116"}],"wp:attachment":[{"href":"https:\/\/itv.geekbotelectronics.com\/index.php\/wp-json\/wp\/v2\/media?parent=3481"}],"wp:term":[{"taxonomy":"product_brand","embeddable":true,"href":"https:\/\/itv.geekbotelectronics.com\/index.php\/wp-json\/wp\/v2\/product_brand?post=3481"},{"taxonomy":"product_cat","embeddable":true,"href":"https:\/\/itv.geekbotelectronics.com\/index.php\/wp-json\/wp\/v2\/product_cat?post=3481"},{"taxonomy":"product_tag","embeddable":true,"href":"https:\/\/itv.geekbotelectronics.com\/index.php\/wp-json\/wp\/v2\/product_tag?post=3481"}],"curies":[{"name":"wp","href":"https:\/\/api.w.org\/{rel}","templated":true}]}}