{"id":3482,"date":"2022-09-05T22:11:35","date_gmt":"2022-09-06T04:11:35","guid":{"rendered":"https:\/\/itv.geekbotelectronics.com\/?post_type=product&#038;p=3482"},"modified":"2023-09-08T17:14:25","modified_gmt":"2023-09-08T23:14:25","slug":"sensor-l3g4200d-giroscopio-digital","status":"publish","type":"product","link":"https:\/\/itv.geekbotelectronics.com\/index.php\/product\/sensor-l3g4200d-giroscopio-digital\/","title":{"rendered":"Sensor L3G4200D Giroscopio Digital"},"content":{"rendered":"<h4>Giroscopio digital L3G4200D 3 Ejes<\/h4>\n<p>Este giroscopio, se basa en el sensor de giro L3G4200D de tres ejes, el cual mide la velocidad angular de rotaci\u00f3n en el eje X, Y y Z , las se\u00f1ales tomadas son de tipo digital y puede ser en protocolo I2C o SPI, este\u00a0m\u00f3dulo\u00a0integra reguladores de voltajes y filtros pasa bajos para la reducci\u00f3n de ruido, las aplicaciones para las que se usan los giroscopios van desde control de posici\u00f3n en rob\u00f3tica m\u00f3vil hasta veh\u00edculos a\u00e9reos aut\u00f3nomos.<\/p>\n<p>Los giroscopios, son dispositivos que miden o mantienen el movimiento de rotaci\u00f3n. Los\u00a0giroscopios son peque\u00f1os sensores, de bajo costo para medir la velocidad angular. Las unidades de velocidad angular se miden en grados por segundo (\u00b0 \/ s) o revoluciones por segundo (RPS). La velocidad angular es simplemente una medida de la velocidad de rotaci\u00f3n.<\/p>\n<p><b>Especificaciones:<\/b><\/p>\n<ul>\n<li>Protocolo de comunicaci\u00f3n: salida digital\u00a0I2C \/ SPI<\/li>\n<li>Numero de ejes: 3 (eje X, eje Y, eje Z)<\/li>\n<li>Voltaje de alimentaci\u00f3n: 2.5V a 5.5V<\/li>\n<li>Rango de medici\u00f3n: 250\/500\/2000 dps<\/li>\n<\/ul>\n","protected":false},"excerpt":{"rendered":"<p>M\u00f3dulo L3G4200D portador de giroscopio de 3 ejes con regulador de voltaje.<\/p>\n","protected":false},"featured_media":1117,"comment_status":"closed","ping_status":"closed","template":"","meta":{"_lmt_disableupdate":"","_lmt_disable":""},"product_brand":[],"product_cat":[60],"product_tag":[],"class_list":{"0":"post-3482","1":"product","2":"type-product","3":"status-publish","4":"has-post-thumbnail","6":"product_cat-acelerometro-giroscopio-magnetometro","8":"first","9":"outofstock","10":"taxable","11":"shipping-taxable","12":"purchasable","13":"product-type-simple"},"_links":{"self":[{"href":"https:\/\/itv.geekbotelectronics.com\/index.php\/wp-json\/wp\/v2\/product\/3482"}],"collection":[{"href":"https:\/\/itv.geekbotelectronics.com\/index.php\/wp-json\/wp\/v2\/product"}],"about":[{"href":"https:\/\/itv.geekbotelectronics.com\/index.php\/wp-json\/wp\/v2\/types\/product"}],"replies":[{"embeddable":true,"href":"https:\/\/itv.geekbotelectronics.com\/index.php\/wp-json\/wp\/v2\/comments?post=3482"}],"wp:featuredmedia":[{"embeddable":true,"href":"https:\/\/itv.geekbotelectronics.com\/index.php\/wp-json\/wp\/v2\/media\/1117"}],"wp:attachment":[{"href":"https:\/\/itv.geekbotelectronics.com\/index.php\/wp-json\/wp\/v2\/media?parent=3482"}],"wp:term":[{"taxonomy":"product_brand","embeddable":true,"href":"https:\/\/itv.geekbotelectronics.com\/index.php\/wp-json\/wp\/v2\/product_brand?post=3482"},{"taxonomy":"product_cat","embeddable":true,"href":"https:\/\/itv.geekbotelectronics.com\/index.php\/wp-json\/wp\/v2\/product_cat?post=3482"},{"taxonomy":"product_tag","embeddable":true,"href":"https:\/\/itv.geekbotelectronics.com\/index.php\/wp-json\/wp\/v2\/product_tag?post=3482"}],"curies":[{"name":"wp","href":"https:\/\/api.w.org\/{rel}","templated":true}]}}