{"id":3484,"date":"2022-09-05T22:11:36","date_gmt":"2022-09-06T04:11:36","guid":{"rendered":"https:\/\/itv.geekbotelectronics.com\/?post_type=product&#038;p=3484"},"modified":"2023-09-08T17:14:25","modified_gmt":"2023-09-08T23:14:25","slug":"conector-molex-hembra-3-pin","status":"publish","type":"product","link":"https:\/\/itv.geekbotelectronics.com\/index.php\/product\/conector-molex-hembra-3-pin\/","title":{"rendered":"Conector Molex Hembra 3 Pin"},"content":{"rendered":"","protected":false},"excerpt":{"rendered":"<p>Conector tipo\u00a0Molex\u00a0hembra de 3 v\u00edas con separaci\u00f3n est\u00e1ndar de 2.54 mm (.100&#8243;).<\/p>\n<p>-Corriente m\u00e1xima 3Amp.Voltaje Max. 600Vac (1min).<\/p>\n<p>-Resistencia de aislamiento 1000Mohms.<\/p>\n<p><strong>No incluye terminales.<\/strong><\/p>\n","protected":false},"featured_media":0,"comment_status":"closed","ping_status":"closed","template":"","meta":{"_lmt_disableupdate":"","_lmt_disable":""},"product_brand":[],"product_cat":[38],"product_tag":[],"class_list":{"0":"post-3484","1":"product","2":"type-product","3":"status-publish","5":"product_cat-conector-molex","7":"first","8":"outofstock","9":"purchasable","10":"product-type-simple"},"_links":{"self":[{"href":"https:\/\/itv.geekbotelectronics.com\/index.php\/wp-json\/wp\/v2\/product\/3484"}],"collection":[{"href":"https:\/\/itv.geekbotelectronics.com\/index.php\/wp-json\/wp\/v2\/product"}],"about":[{"href":"https:\/\/itv.geekbotelectronics.com\/index.php\/wp-json\/wp\/v2\/types\/product"}],"replies":[{"embeddable":true,"href":"https:\/\/itv.geekbotelectronics.com\/index.php\/wp-json\/wp\/v2\/comments?post=3484"}],"wp:attachment":[{"href":"https:\/\/itv.geekbotelectronics.com\/index.php\/wp-json\/wp\/v2\/media?parent=3484"}],"wp:term":[{"taxonomy":"product_brand","embeddable":true,"href":"https:\/\/itv.geekbotelectronics.com\/index.php\/wp-json\/wp\/v2\/product_brand?post=3484"},{"taxonomy":"product_cat","embeddable":true,"href":"https:\/\/itv.geekbotelectronics.com\/index.php\/wp-json\/wp\/v2\/product_cat?post=3484"},{"taxonomy":"product_tag","embeddable":true,"href":"https:\/\/itv.geekbotelectronics.com\/index.php\/wp-json\/wp\/v2\/product_tag?post=3484"}],"curies":[{"name":"wp","href":"https:\/\/api.w.org\/{rel}","templated":true}]}}