{"id":3510,"date":"2022-09-05T22:11:44","date_gmt":"2022-09-06T04:11:44","guid":{"rendered":"https:\/\/itv.geekbotelectronics.com\/?post_type=product&#038;p=3510"},"modified":"2025-07-09T15:23:04","modified_gmt":"2025-07-09T21:23:04","slug":"sensor-ds18b20-temperatura-sumergible","status":"publish","type":"product","link":"https:\/\/itv.geekbotelectronics.com\/index.php\/product\/sensor-ds18b20-temperatura-sumergible\/","title":{"rendered":"Sensor DS18B20 Temperatura Sumergible"},"content":{"rendered":"<h4>DS18B20 Sensor de Temperatura Sumergible<\/h4>\n<p>Sensor de temperatura sumergible digital equipado con el chip Dallas\u00a0DS18B20 a prueba de agua. \u00a0Tiene una buena precisi\u00f3n y es muy sencillo de uilizar con Arduino. \u00a0Viene equipado con una punta de prueba de acero inoxdable.<\/p>\n<p>Dado que se trata de un sensor digital no hay problemas de perdidas de precisi\u00f3n por usar largas tiradas de cable. Adem\u00e1s utiliza el protocolo 1-Wire, cada sensor sale de fabrica con un ID de 64 bits que le identifica de forma \u00fanica permitiendo usar multiples sensores conectados a un solo pin digital.<\/p>\n<p><strong>Especificaciones<\/strong>:<\/p>\n<ul>\n<li>Longitud de cable : 1m<\/li>\n<li>Punta de puerba de acero inoxdable: 6 x 45 mm<\/li>\n<li>Voltaje de alimentaci\u00f3n: 3.0V to 5.5V<\/li>\n<li>Rango de temperatura: -55\u00b0C a +125\u00b0C<\/li>\n<li>Temperatura de almacenamiento: -55\u00b0C a +125\u00b0C<\/li>\n<li>Precisi\u00f3n: \u00a0-10\u00b0C a +85\u00b0C: \u00b10.5\u00b0C.<\/li>\n<li>Cables de salida: Rojo (VCC), Azul (DATA), Negro (GND)<\/li>\n<li>A prueba de agua<\/li>\n<\/ul>\n<p><a href=\"http:\/\/www.geekbotelectronics.com\/wp-content\/uploads\/2015\/11\/DS18B20.pdf\">DataSheet<\/a><\/p>\n","protected":false},"excerpt":{"rendered":"<p><span style=\"color: #000000\">Se trata de una versi\u00f3n sumergible del conocido sensor de temperatura para Arduino basado en el DS18B20, para usar en exterior o en contacto con l\u00edquidos.<\/span><\/p>\n<p>&nbsp;<\/p>\n<p>&nbsp;<\/p>\n","protected":false},"featured_media":1150,"comment_status":"closed","ping_status":"closed","template":"","meta":{"_lmt_disableupdate":"no","_lmt_disable":""},"product_brand":[],"product_cat":[68],"product_tag":[94,167],"class_list":{"0":"post-3510","1":"product","2":"type-product","3":"status-publish","4":"has-post-thumbnail","6":"product_cat-ambientales","7":"product_tag-arduino","8":"product_tag-sensor-de-temperatura-sumergible","10":"first","11":"instock","12":"taxable","13":"shipping-taxable","14":"purchasable","15":"product-type-simple"},"_links":{"self":[{"href":"https:\/\/itv.geekbotelectronics.com\/index.php\/wp-json\/wp\/v2\/product\/3510"}],"collection":[{"href":"https:\/\/itv.geekbotelectronics.com\/index.php\/wp-json\/wp\/v2\/product"}],"about":[{"href":"https:\/\/itv.geekbotelectronics.com\/index.php\/wp-json\/wp\/v2\/types\/product"}],"replies":[{"embeddable":true,"href":"https:\/\/itv.geekbotelectronics.com\/index.php\/wp-json\/wp\/v2\/comments?post=3510"}],"wp:featuredmedia":[{"embeddable":true,"href":"https:\/\/itv.geekbotelectronics.com\/index.php\/wp-json\/wp\/v2\/media\/1150"}],"wp:attachment":[{"href":"https:\/\/itv.geekbotelectronics.com\/index.php\/wp-json\/wp\/v2\/media?parent=3510"}],"wp:term":[{"taxonomy":"product_brand","embeddable":true,"href":"https:\/\/itv.geekbotelectronics.com\/index.php\/wp-json\/wp\/v2\/product_brand?post=3510"},{"taxonomy":"product_cat","embeddable":true,"href":"https:\/\/itv.geekbotelectronics.com\/index.php\/wp-json\/wp\/v2\/product_cat?post=3510"},{"taxonomy":"product_tag","embeddable":true,"href":"https:\/\/itv.geekbotelectronics.com\/index.php\/wp-json\/wp\/v2\/product_tag?post=3510"}],"curies":[{"name":"wp","href":"https:\/\/api.w.org\/{rel}","templated":true}]}}