{"id":3520,"date":"2022-09-05T22:11:53","date_gmt":"2022-09-06T04:11:53","guid":{"rendered":"https:\/\/itv.geekbotelectronics.com\/?post_type=product&#038;p=3520"},"modified":"2023-10-18T17:35:59","modified_gmt":"2023-10-18T23:35:59","slug":"broca-0-4-mm-de-carburo-de-tungsteno","status":"publish","type":"product","link":"https:\/\/itv.geekbotelectronics.com\/index.php\/product\/broca-0-4-mm-de-carburo-de-tungsteno\/","title":{"rendered":"Broca 0.4 mm de Carburo de Tungsteno"},"content":{"rendered":"<h4>Broca 0.4 mm de Carburo de Tungsteno<\/h4>\n<p><span style=\"color: #000000;\">La broca 0.4 mm es una pieza met\u00e1lica de corte que crea orificios circulares en diversos materiales cuando se coloca en una <a style=\"color: #000000;\" title=\"Herramienta\" href=\"https:\/\/es.wikipedia.org\/wiki\/Herramienta\">herramienta<\/a> mec\u00e1nica como <a class=\"mw-redirect\" style=\"color: #000000;\" title=\"Taladro\" href=\"https:\/\/es.wikipedia.org\/wiki\/Taladro\">taladro<\/a>\u00a0u otra m\u00e1quina. Su funci\u00f3n es formar un orificio o cavidad cil\u00edndrica.<\/span><\/p>\n<p><span style=\"color: #000000;\">Esta mini broca de alta calidad esta fabricada en carburo de tungsteno, es ideal para routers, dremel, moto tool o taladro flexible.<\/span><\/p>\n<p><span style=\"color: #000000;\">Tambi\u00e9n son perfectas para trabajar en metales como: aluminio, cobre, lat\u00f3n; ademas de madera, pl\u00e1stico, vidrio, cer\u00e1mica y cualquier otro tipo de piedras.<\/span><\/p>\n<p><span style=\"color: #000000;\">Puede ser usado para moldear o agujerear cualquier tipo de metal o material duro.\u00a0Sirve para trabajos de electr\u00f3nica, modelismo o trabajos de detalles.<\/span><\/p>\n<p><span style=\"color: #000000;\"><strong>Especificaciones:<\/strong><\/span><\/p>\n<ul>\n<li><span style=\"color: #000000;\">Di\u00e1metro:\u00a00.4 mm<\/span><\/li>\n<li><span style=\"color: #000000;\">Material: Carburo de tungsteno.<\/span><\/li>\n<li><span style=\"color: #000000;\">Di\u00e1metro del v\u00e1stago: 3.175 mm<\/span><\/li>\n<li><span style=\"color: #000000;\">Longitud total: 38 mm<\/span><\/li>\n<li><span style=\"color: #000000;\">Pueden operar a 30,000 rpm<\/span><\/li>\n<\/ul>\n<p>*El color puede variar<\/p>\n","protected":false},"excerpt":{"rendered":"<p>&nbsp;<\/p>\n<p>&nbsp;<\/p>\n","protected":false},"featured_media":1155,"comment_status":"closed","ping_status":"closed","template":"","meta":{"_lmt_disableupdate":"no","_lmt_disable":""},"product_brand":[],"product_cat":[144],"product_tag":[],"class_list":{"0":"post-3520","1":"product","2":"type-product","3":"status-publish","4":"has-post-thumbnail","6":"product_cat-brocas","8":"first","9":"instock","10":"taxable","11":"shipping-taxable","12":"purchasable","13":"product-type-simple"},"_links":{"self":[{"href":"https:\/\/itv.geekbotelectronics.com\/index.php\/wp-json\/wp\/v2\/product\/3520"}],"collection":[{"href":"https:\/\/itv.geekbotelectronics.com\/index.php\/wp-json\/wp\/v2\/product"}],"about":[{"href":"https:\/\/itv.geekbotelectronics.com\/index.php\/wp-json\/wp\/v2\/types\/product"}],"replies":[{"embeddable":true,"href":"https:\/\/itv.geekbotelectronics.com\/index.php\/wp-json\/wp\/v2\/comments?post=3520"}],"wp:featuredmedia":[{"embeddable":true,"href":"https:\/\/itv.geekbotelectronics.com\/index.php\/wp-json\/wp\/v2\/media\/1155"}],"wp:attachment":[{"href":"https:\/\/itv.geekbotelectronics.com\/index.php\/wp-json\/wp\/v2\/media?parent=3520"}],"wp:term":[{"taxonomy":"product_brand","embeddable":true,"href":"https:\/\/itv.geekbotelectronics.com\/index.php\/wp-json\/wp\/v2\/product_brand?post=3520"},{"taxonomy":"product_cat","embeddable":true,"href":"https:\/\/itv.geekbotelectronics.com\/index.php\/wp-json\/wp\/v2\/product_cat?post=3520"},{"taxonomy":"product_tag","embeddable":true,"href":"https:\/\/itv.geekbotelectronics.com\/index.php\/wp-json\/wp\/v2\/product_tag?post=3520"}],"curies":[{"name":"wp","href":"https:\/\/api.w.org\/{rel}","templated":true}]}}