{"id":3526,"date":"2022-09-05T22:11:54","date_gmt":"2022-09-06T04:11:54","guid":{"rendered":"https:\/\/itv.geekbotelectronics.com\/?post_type=product&#038;p=3526"},"modified":"2024-04-10T14:19:15","modified_gmt":"2024-04-10T20:19:15","slug":"celda-peltier-tec1-12709","status":"publish","type":"product","link":"https:\/\/itv.geekbotelectronics.com\/index.php\/product\/celda-peltier-tec1-12709\/","title":{"rendered":"Celda Peltier TEC1-12709"},"content":{"rendered":"<h3><strong><span>Celda Peltier &#8211; TEC1-12709<\/span><\/strong><\/h3>\n<p>Las Celdas Peltier o Enfriador termoel\u00e9ctrico son adecuados para las siguientes aplicaciones: en refrigeradores port\u00e1tiles de autom\u00f3viles, refrigeradores, refrigeradores de vino y cerveza &#8230;<\/p>\n<h4>Especificaciones<\/h4>\n<p>Potencia m\u00e1xima: 136,8W<\/p>\n<p>Potencia frigor\u00edfica Qcmax: 80,1W<\/p>\n<p>Actual: 5,5A (m\u00e1ximo 9A)<\/p>\n<p>Voltaje: 12V (m\u00e1ximo 15,4V)<\/p>\n<p>Resistencia: 1,25 &#8211; 1,4 ohmios<\/p>\n<p>Dimensiones: 40 x 40 x 3.4 mm<\/p>\n<p>Longitud de cables: 15cm<\/p>\n<p>Delta Tmax: 80\u00b0 C<\/p>\n<p>Temperatura min: -50\u00b0 C<\/p>\n<p>Durabilidad (h): 200 000<\/p>\n","protected":false},"excerpt":{"rendered":"<p>refrigerante semiconductor de estado solido, libre de vibraciones y ruidos.<\/p>\n<p>dispositivo modular f\u00e1cil de instalar y operar, ya que consiste principalmente de material semiconductor intercalado entre placas cer\u00e1micas y no tiene partes m\u00f3viles. inherentemente confiable.<\/p>\n<p>enfr\u00eda o calienta.<\/p>\n<p>&nbsp;<\/p>\n<p>&nbsp;<\/p>\n","protected":false},"featured_media":1161,"comment_status":"open","ping_status":"closed","template":"","meta":{"_lmt_disableupdate":"","_lmt_disable":""},"product_brand":[],"product_cat":[101,148],"product_tag":[],"class_list":{"0":"post-3526","1":"product","2":"type-product","3":"status-publish","4":"has-post-thumbnail","6":"product_cat-accesorios","7":"product_cat-disipadores-de-calor","9":"first","10":"outofstock","11":"taxable","12":"shipping-taxable","13":"purchasable","14":"product-type-simple"},"_links":{"self":[{"href":"https:\/\/itv.geekbotelectronics.com\/index.php\/wp-json\/wp\/v2\/product\/3526"}],"collection":[{"href":"https:\/\/itv.geekbotelectronics.com\/index.php\/wp-json\/wp\/v2\/product"}],"about":[{"href":"https:\/\/itv.geekbotelectronics.com\/index.php\/wp-json\/wp\/v2\/types\/product"}],"replies":[{"embeddable":true,"href":"https:\/\/itv.geekbotelectronics.com\/index.php\/wp-json\/wp\/v2\/comments?post=3526"}],"wp:featuredmedia":[{"embeddable":true,"href":"https:\/\/itv.geekbotelectronics.com\/index.php\/wp-json\/wp\/v2\/media\/1161"}],"wp:attachment":[{"href":"https:\/\/itv.geekbotelectronics.com\/index.php\/wp-json\/wp\/v2\/media?parent=3526"}],"wp:term":[{"taxonomy":"product_brand","embeddable":true,"href":"https:\/\/itv.geekbotelectronics.com\/index.php\/wp-json\/wp\/v2\/product_brand?post=3526"},{"taxonomy":"product_cat","embeddable":true,"href":"https:\/\/itv.geekbotelectronics.com\/index.php\/wp-json\/wp\/v2\/product_cat?post=3526"},{"taxonomy":"product_tag","embeddable":true,"href":"https:\/\/itv.geekbotelectronics.com\/index.php\/wp-json\/wp\/v2\/product_tag?post=3526"}],"curies":[{"name":"wp","href":"https:\/\/api.w.org\/{rel}","templated":true}]}}