{"id":3532,"date":"2022-09-05T22:11:54","date_gmt":"2022-09-06T04:11:54","guid":{"rendered":"https:\/\/itv.geekbotelectronics.com\/?post_type=product&#038;p=3532"},"modified":"2023-09-08T17:14:28","modified_gmt":"2023-09-08T23:14:28","slug":"arduino-mega-2560-r3","status":"publish","type":"product","link":"https:\/\/itv.geekbotelectronics.com\/index.php\/product\/arduino-mega-2560-r3\/","title":{"rendered":"Arduino Mega 2560 R3"},"content":{"rendered":"<p style=\"text-align: justify;\"><span style=\"color: #000000;\">El Arduino Mega 2560 es una placa electr\u00f3nica basada en el ATmega2560. Tiene 54 pines digitales de entrada \/ salida (de los cuales 15 se pueden utilizar como salidas PWM), 16 entradas anal\u00f3gicas, 4 UARTs, un oscilador de 16MHz, una conexi\u00f3n USB, un conector de alimentaci\u00f3n, un conector ICSP, y un bot\u00f3n de reset. Contiene todo lo necesario para utilizar el microcontrolador, basta con conectarlo a una computadora con un cable USB para empezar a desarrollar. El Mega es compatible con la mayor\u00eda de los shields dise\u00f1ados para el Arduino Duemilanove o Diecimila.<\/span><\/p>\n<h4 style=\"text-align: justify;\"><span style=\"color: #000000;\">Especificaciones<\/span><\/h4>\n<ul>\n<li style=\"text-align: justify;\"><span style=\"color: #000000;\">Microcontrolador: Atmega2560<\/span><\/li>\n<li style=\"text-align: justify;\"><span style=\"color: #000000;\">Voltaje de funcionamiento: 5V<\/span><\/li>\n<li style=\"text-align: justify;\"><span style=\"color: #000000;\">Voltaje de entrada (recomendado): 7-12V<\/span><\/li>\n<li style=\"text-align: justify;\"><span style=\"color: #000000;\">Voltaje de entrada (l\u00edmites): 6-20V<\/span><\/li>\n<li style=\"text-align: justify;\"><span style=\"color: #000000;\">Pines E \/ S digitales: 54 (de los cuales 15 proporcionan PWM)<\/span><\/li>\n<li style=\"text-align: justify;\"><span style=\"color: #000000;\">Pines de entrada anal\u00f3gica: 16<\/span><\/li>\n<li style=\"text-align: justify;\"><span style=\"color: #000000;\">DC Corriente por I \/ O Pin: 40 mA<\/span><\/li>\n<li style=\"text-align: justify;\"><span style=\"color: #000000;\">Corriente CC para Pin 3.3V: 50 mA<\/span><\/li>\n<li style=\"text-align: justify;\"><span style=\"color: #000000;\">Memoria Flash: 256 KB de los cuales 8 KB usados por bootloader<\/span><\/li>\n<li style=\"text-align: justify;\"><span style=\"color: #000000;\">SRAM: 8 KB<\/span><\/li>\n<li style=\"text-align: justify;\"><span style=\"color: #000000;\">EEPROM: 4 KB<\/span><\/li>\n<li style=\"text-align: justify;\"><span style=\"color: #000000;\">Velocidad del reloj: 16 MHz<\/span><\/li>\n<\/ul>\n<p><span style=\"color: #800080;\"><a href=\"https:\/\/www.arduino.cc\/en\/Main\/Software\" target=\"_blank\" rel=\"noopener noreferrer\">Descarga de sofware\u00a0<\/a><\/span><\/p>\n","protected":false},"excerpt":{"rendered":"<p>El Arduino Mega 2560 R3 es el siguiente paso en poder de procesamiento, memoria y capacidades de entrada y salida. Ideal para esos proyectos demandantes en los que el Arduino UNO se queda corto en Memoria o Pines de entrada y salida.<\/p>\n","protected":false},"featured_media":1163,"comment_status":"open","ping_status":"closed","template":"","meta":{"_lmt_disableupdate":"","_lmt_disable":""},"product_brand":[],"product_cat":[30],"product_tag":[],"class_list":{"0":"post-3532","1":"product","2":"type-product","3":"status-publish","4":"has-post-thumbnail","6":"product_cat-microcontroladores","8":"first","9":"outofstock","10":"taxable","11":"shipping-taxable","12":"purchasable","13":"product-type-simple"},"_links":{"self":[{"href":"https:\/\/itv.geekbotelectronics.com\/index.php\/wp-json\/wp\/v2\/product\/3532"}],"collection":[{"href":"https:\/\/itv.geekbotelectronics.com\/index.php\/wp-json\/wp\/v2\/product"}],"about":[{"href":"https:\/\/itv.geekbotelectronics.com\/index.php\/wp-json\/wp\/v2\/types\/product"}],"replies":[{"embeddable":true,"href":"https:\/\/itv.geekbotelectronics.com\/index.php\/wp-json\/wp\/v2\/comments?post=3532"}],"wp:featuredmedia":[{"embeddable":true,"href":"https:\/\/itv.geekbotelectronics.com\/index.php\/wp-json\/wp\/v2\/media\/1163"}],"wp:attachment":[{"href":"https:\/\/itv.geekbotelectronics.com\/index.php\/wp-json\/wp\/v2\/media?parent=3532"}],"wp:term":[{"taxonomy":"product_brand","embeddable":true,"href":"https:\/\/itv.geekbotelectronics.com\/index.php\/wp-json\/wp\/v2\/product_brand?post=3532"},{"taxonomy":"product_cat","embeddable":true,"href":"https:\/\/itv.geekbotelectronics.com\/index.php\/wp-json\/wp\/v2\/product_cat?post=3532"},{"taxonomy":"product_tag","embeddable":true,"href":"https:\/\/itv.geekbotelectronics.com\/index.php\/wp-json\/wp\/v2\/product_tag?post=3532"}],"curies":[{"name":"wp","href":"https:\/\/api.w.org\/{rel}","templated":true}]}}