{"id":3538,"date":"2022-09-05T22:11:55","date_gmt":"2022-09-06T04:11:55","guid":{"rendered":"https:\/\/itv.geekbotelectronics.com\/?post_type=product&#038;p=3538"},"modified":"2023-12-06T16:31:16","modified_gmt":"2023-12-06T22:31:16","slug":"broca-para-metal-hss-2-5-mm","status":"publish","type":"product","link":"https:\/\/itv.geekbotelectronics.com\/index.php\/product\/broca-para-metal-hss-2-5-mm\/","title":{"rendered":"Broca para Metal HSS 2.5 mm"},"content":{"rendered":"<h4>Broca para Metal HSS 2.5\u00a0mm<\/h4>\n<p><span style=\"color: #000000\">La Broca para metal 2.5 mm, es una pieza de corte, la cual se utiliza siempre vinculada a una <a style=\"color: #000000\" title=\"Herramienta\" href=\"https:\/\/es.wikipedia.org\/wiki\/Herramienta\">herramienta<\/a> mec\u00e1nica denominada taladro o cualquier otra m\u00e1quina af\u00edn. Esta \u00faltima es la que hace girar la broca y el uso que principalmente presenta es para realizar orificios o agujeros en diferentes materiales.<\/span><\/p>\n<p><span style=\"color: #000000\">Las brocas para metal tambi\u00e9n pueden utilizarse para perforar materiales menos duros como madera y <a style=\"color: #000000\" title=\"Inicia el desarrollo de pl\u00e1stico vegetal.\" href=\"http:\/\/blogingenieria.com\/universidades-ingenierias\/desarrollo-plastico-vegetal\/\">pl\u00e1stico<\/a>, aunque solo se recomiendan en caso de que no se requiera de mucha precisi\u00f3n, de lo contrario hay que utilizar brocas especiales para estos materiales.<\/span><\/p>\n<p><span style=\"color: #000000\">Las brocas para taladrar metal est\u00e1n construidas de acero r\u00e1pido (HSS) y la calidad de las mismas est\u00e1 en dependencia de la aleaci\u00f3n utilizada as\u00ed como del m\u00e9todo de fabricaci\u00f3n. Generalmente estas brocas tienen una capa de nitruro de titanio. Esto ayuda a que la broca corte m\u00e1s suavemente a trav\u00e9s del metal sin que se trabe. Estas brocas, que generalmente son de color negro, pueden soportar m\u00e1s calor que otras brocas.<\/span><\/p>\n<p><span style=\"color: #000000\"><strong>Especificaciones:<\/strong><\/span><\/p>\n<ul>\n<li><span style=\"color: #000000\">Di\u00e1metro: 2.5 mm<\/span><\/li>\n<li><span style=\"color: #000000\">Material:\u00a0Acero r\u00e1pido (HSS)<\/span><\/li>\n<li><span style=\"color: #000000\">Longitud de corte: 30\u00a0mm<\/span><\/li>\n<li><span style=\"color: #000000\">Longitud total: 57\u00a0mm<\/span><\/li>\n<\/ul>\n","protected":false},"excerpt":{"rendered":"<p>Broca para Metal HSS 2.5\u00a0mm La Broca para metal 2.5 mm, es una pieza de corte, la cual se utiliza siempre vinculada a una herramienta mec\u00e1nica denominada taladro o cualquier otra m\u00e1quina af\u00edn. Esta \u00faltima es la que hace girar la broca y el uso que principalmente presenta es para realizar orificios o agujeros en [&hellip;]<\/p>\n","protected":false},"featured_media":1196,"comment_status":"open","ping_status":"closed","template":"","meta":{"_lmt_disableupdate":"","_lmt_disable":""},"product_brand":[],"product_cat":[144],"product_tag":[],"class_list":{"0":"post-3538","1":"product","2":"type-product","3":"status-publish","4":"has-post-thumbnail","6":"product_cat-brocas","8":"first","9":"instock","10":"taxable","11":"shipping-taxable","12":"purchasable","13":"product-type-simple"},"_links":{"self":[{"href":"https:\/\/itv.geekbotelectronics.com\/index.php\/wp-json\/wp\/v2\/product\/3538"}],"collection":[{"href":"https:\/\/itv.geekbotelectronics.com\/index.php\/wp-json\/wp\/v2\/product"}],"about":[{"href":"https:\/\/itv.geekbotelectronics.com\/index.php\/wp-json\/wp\/v2\/types\/product"}],"replies":[{"embeddable":true,"href":"https:\/\/itv.geekbotelectronics.com\/index.php\/wp-json\/wp\/v2\/comments?post=3538"}],"wp:featuredmedia":[{"embeddable":true,"href":"https:\/\/itv.geekbotelectronics.com\/index.php\/wp-json\/wp\/v2\/media\/1196"}],"wp:attachment":[{"href":"https:\/\/itv.geekbotelectronics.com\/index.php\/wp-json\/wp\/v2\/media?parent=3538"}],"wp:term":[{"taxonomy":"product_brand","embeddable":true,"href":"https:\/\/itv.geekbotelectronics.com\/index.php\/wp-json\/wp\/v2\/product_brand?post=3538"},{"taxonomy":"product_cat","embeddable":true,"href":"https:\/\/itv.geekbotelectronics.com\/index.php\/wp-json\/wp\/v2\/product_cat?post=3538"},{"taxonomy":"product_tag","embeddable":true,"href":"https:\/\/itv.geekbotelectronics.com\/index.php\/wp-json\/wp\/v2\/product_tag?post=3538"}],"curies":[{"name":"wp","href":"https:\/\/api.w.org\/{rel}","templated":true}]}}