{"id":3564,"date":"2022-09-05T22:12:01","date_gmt":"2022-09-06T04:12:01","guid":{"rendered":"https:\/\/itv.geekbotelectronics.com\/?post_type=product&#038;p=3564"},"modified":"2025-04-03T12:10:13","modified_gmt":"2025-04-03T18:10:13","slug":"sensor-rpr220-foto-reflectivo","status":"publish","type":"product","link":"https:\/\/itv.geekbotelectronics.com\/index.php\/product\/sensor-rpr220-foto-reflectivo\/","title":{"rendered":"Sensor RPR220 Foto Reflectivo"},"content":{"rendered":"<h4 style=\"text-align: justify\">RPR220 Sensor Foto Reflectivo<\/h4>\n<p style=\"text-align: justify\"><span style=\"color: #000000\">El sensor RPR220 reflectivo detecta el color y la distancia, de\u00a0acuerdo con el\u00a0principio de la reflectividad de la luz infrarroja que var\u00eda con el color y la distancia de la superficie reflectante.\u00a0Cuando se aproxima un objeto de color claro, la intensidad de la se\u00f1al recibida por infrarrojos del\u00a0sensor aumenta. Cuando se aproxima un objeto de color oscuro, la intensidad disminuye.<\/span><\/p>\n<p style=\"text-align: justify\"><span style=\"color: #000000\">Sensor de reflexi\u00f3n que combina un diodo emisor de luz infrarroja y un fototransistor Darlington de alta sensibilidad.<\/span><\/p>\n<p style=\"text-align: justify\"><span style=\"color: #000000\">El sensor RPR220 es un elemento b\u00e1sico y ampliamente utilizado en aplicaciones tales como veh\u00edculos seguidores de l\u00ednea, detecci\u00f3n de la velocidad de rotaci\u00f3n, los datos de registro de autom\u00f3viles en los medidores de servicios p\u00fablicos o de otras situaciones donde el contraste de color o la distancia es fuerte.<\/span><\/p>\n<p style=\"text-align: justify\"><span style=\"color: #000000\"><strong>Especificaciones:<\/strong><\/span><\/p>\n<ul>\n<li style=\"text-align: justify\"><span style=\"color: #000000\">Sensor de alta resoluci\u00f3n<\/span><\/li>\n<li style=\"text-align: justify\"><span style=\"color: #000000\">Distancia de detecci\u00f3n: 6 mm<\/span><\/li>\n<li style=\"text-align: justify\"><span style=\"color: #000000\">Voltaje m\u00e1x. colector-emisor: 30 V<\/span><\/li>\n<li style=\"text-align: justify\"><span style=\"color: #000000\">Corriente m\u00e1x del colector: 30 mA<\/span><\/li>\n<li style=\"text-align: justify\"><span style=\"color: #000000\">Tensi\u00f3n directa: 1.34 V<\/span><\/li>\n<li style=\"text-align: justify\"><span style=\"color: #000000\">Tensi\u00f3n inversa: 5 V<\/span><\/li>\n<li style=\"text-align: justify\"><span style=\"color: #000000\">Temperatura min de trabajo: -25\u00b0C<\/span><\/li>\n<li style=\"text-align: justify\"><span style=\"color: #000000\">Temperatura m\u00e1x de trabajo: +85\u00b0C<\/span><\/li>\n<li style=\"text-align: justify\"><span style=\"color: #000000\">Una lente pl\u00e1stica es usada para la alta sensibilidad.<\/span><\/li>\n<li style=\"text-align: justify\"><span style=\"color: #000000\">Un filtro de luz visible incorporado minimiza la influencia de la luz par\u00e1sita.<\/span><\/li>\n<li style=\"text-align: justify\"><span style=\"color: #000000\">Longitud m\u00ednima detectable: 1mm l\u00ednea\u00a0negra<\/span><\/li>\n<li style=\"text-align: justify\"><span style=\"color: #000000\">Distancia de detecci\u00f3n\u00a0:&lt;14mm<\/span><\/li>\n<li style=\"text-align: justify\"><span style=\"color: #000000\">Ligero y compacto.<\/span><\/li>\n<\/ul>\n<p><a href=\"http:\/\/www.geekbotelectronics.com\/wp-content\/uploads\/2016\/02\/RPR-220.pdf\">DataSheet<\/a><\/p>\n","protected":false},"excerpt":{"rendered":"<p>Este sensor reflectivo combina en un mismo empaque\u00a0un diodo emisor de luz infrarroja y un fototransistor de alta sensibilidad.<\/p>\n<p>&nbsp;<\/p>\n<p>&nbsp;<\/p>\n","protected":false},"featured_media":1203,"comment_status":"closed","ping_status":"closed","template":"","meta":{"_lmt_disableupdate":"","_lmt_disable":""},"product_brand":[],"product_cat":[62],"product_tag":[],"class_list":{"0":"post-3564","1":"product","2":"type-product","3":"status-publish","4":"has-post-thumbnail","6":"product_cat-opticos","8":"first","9":"instock","10":"taxable","11":"shipping-taxable","12":"purchasable","13":"product-type-simple"},"_links":{"self":[{"href":"https:\/\/itv.geekbotelectronics.com\/index.php\/wp-json\/wp\/v2\/product\/3564"}],"collection":[{"href":"https:\/\/itv.geekbotelectronics.com\/index.php\/wp-json\/wp\/v2\/product"}],"about":[{"href":"https:\/\/itv.geekbotelectronics.com\/index.php\/wp-json\/wp\/v2\/types\/product"}],"replies":[{"embeddable":true,"href":"https:\/\/itv.geekbotelectronics.com\/index.php\/wp-json\/wp\/v2\/comments?post=3564"}],"wp:featuredmedia":[{"embeddable":true,"href":"https:\/\/itv.geekbotelectronics.com\/index.php\/wp-json\/wp\/v2\/media\/1203"}],"wp:attachment":[{"href":"https:\/\/itv.geekbotelectronics.com\/index.php\/wp-json\/wp\/v2\/media?parent=3564"}],"wp:term":[{"taxonomy":"product_brand","embeddable":true,"href":"https:\/\/itv.geekbotelectronics.com\/index.php\/wp-json\/wp\/v2\/product_brand?post=3564"},{"taxonomy":"product_cat","embeddable":true,"href":"https:\/\/itv.geekbotelectronics.com\/index.php\/wp-json\/wp\/v2\/product_cat?post=3564"},{"taxonomy":"product_tag","embeddable":true,"href":"https:\/\/itv.geekbotelectronics.com\/index.php\/wp-json\/wp\/v2\/product_tag?post=3564"}],"curies":[{"name":"wp","href":"https:\/\/api.w.org\/{rel}","templated":true}]}}