{"id":3566,"date":"2022-09-05T22:12:02","date_gmt":"2022-09-06T04:12:02","guid":{"rendered":"https:\/\/itv.geekbotelectronics.com\/?post_type=product&#038;p=3566"},"modified":"2025-10-15T14:10:49","modified_gmt":"2025-10-15T20:10:49","slug":"modulo-i2c-para-lcd","status":"publish","type":"product","link":"https:\/\/itv.geekbotelectronics.com\/index.php\/product\/modulo-i2c-para-lcd\/","title":{"rendered":"M\u00f3dulo I2C para LCD"},"content":{"rendered":"<h4>Modulo I2C<\/h4>\n<p>El\u00a0modulo\u00a0I2C para LCD\u00a0permite la comunicaci\u00f3n entre un Arduino o <a title=\"Microcontrolador\" href=\"https:\/\/es.wikipedia.org\/wiki\/Microcontrolador\">microcontrolador<\/a> y un LCD16x2 por medio de I2C, lo cual facilita las conexiones a la hora de llevar a cabo cualquier tipo de aplicaci\u00f3n. Este adaptador permite administrar de una manera mucho m\u00e1s \u00f3ptima la distribuci\u00f3n de puertos ya que se pueden llevar a cabo la presentaci\u00f3n de datos a trav\u00e9s de solamente dos cables.<\/p>\n<p>&nbsp;<\/p>\n<h5><b>Especificaciones:<\/b><\/h5>\n<ul>\n<li style=\"text-align: left\">Microcontrolador: PCF8574T<\/li>\n<li style=\"text-align: left\">Voltaje de entrada: 5V~9V<\/li>\n<li style=\"text-align: left\">Voltaje de salida: 3.3V\/5V<\/li>\n<li style=\"text-align: left\">Pines digitales entradas\/salidas: 14<\/li>\n<li style=\"text-align: left\">Pines anal\u00f3gicos entradas\/salidas: 6<\/li>\n<li style=\"text-align: left\">Interfaz (protocolo): I2C\/TWI\/SPI<\/li>\n<li style=\"text-align: left\">Potenci\u00f3metro: Ajustar contraste y luz de fondo<\/li>\n<li style=\"text-align: left\">L\u00edneas de salida: 4<\/li>\n<li style=\"text-align: left\">Direcci\u00f3n del dispositivo: 0x20\/0x27<\/li>\n<li style=\"text-align: left\">Tama\u00f1o: 5.4cm x 1.9cm<\/li>\n<li style=\"text-align: left\">Peso: 16 gramos<\/li>\n<\/ul>\n","protected":false},"excerpt":{"rendered":"<p>Con el\u00a0modulo I2C\u00a0se puede\u00a0controlar una Pantalla LCD. El control se har\u00e1 mediante el protocolo de comunicaci\u00f3n I2C, este permite adem\u00e1s conectar 2 o m\u00e1s m\u00f3dulos I2C en paralelo sin que estos interfieran entre si, de esta manera con un Arduino podr\u00eda controlar 2 o m\u00e1s Pantallas LCD y que estas muestren informaci\u00f3n distinta.<\/p>\n","protected":false},"featured_media":1205,"comment_status":"closed","ping_status":"closed","template":"","meta":{"_lmt_disableupdate":"no","_lmt_disable":""},"product_brand":[],"product_cat":[25,48],"product_tag":[],"class_list":{"0":"post-3566","1":"product","2":"type-product","3":"status-publish","4":"has-post-thumbnail","6":"product_cat-modulos","7":"product_cat-visualizadores","9":"first","10":"instock","11":"taxable","12":"shipping-taxable","13":"purchasable","14":"product-type-simple"},"_links":{"self":[{"href":"https:\/\/itv.geekbotelectronics.com\/index.php\/wp-json\/wp\/v2\/product\/3566"}],"collection":[{"href":"https:\/\/itv.geekbotelectronics.com\/index.php\/wp-json\/wp\/v2\/product"}],"about":[{"href":"https:\/\/itv.geekbotelectronics.com\/index.php\/wp-json\/wp\/v2\/types\/product"}],"replies":[{"embeddable":true,"href":"https:\/\/itv.geekbotelectronics.com\/index.php\/wp-json\/wp\/v2\/comments?post=3566"}],"wp:featuredmedia":[{"embeddable":true,"href":"https:\/\/itv.geekbotelectronics.com\/index.php\/wp-json\/wp\/v2\/media\/1205"}],"wp:attachment":[{"href":"https:\/\/itv.geekbotelectronics.com\/index.php\/wp-json\/wp\/v2\/media?parent=3566"}],"wp:term":[{"taxonomy":"product_brand","embeddable":true,"href":"https:\/\/itv.geekbotelectronics.com\/index.php\/wp-json\/wp\/v2\/product_brand?post=3566"},{"taxonomy":"product_cat","embeddable":true,"href":"https:\/\/itv.geekbotelectronics.com\/index.php\/wp-json\/wp\/v2\/product_cat?post=3566"},{"taxonomy":"product_tag","embeddable":true,"href":"https:\/\/itv.geekbotelectronics.com\/index.php\/wp-json\/wp\/v2\/product_tag?post=3566"}],"curies":[{"name":"wp","href":"https:\/\/api.w.org\/{rel}","templated":true}]}}