{"id":3567,"date":"2022-09-05T22:12:02","date_gmt":"2022-09-06T04:12:02","guid":{"rendered":"https:\/\/itv.geekbotelectronics.com\/?post_type=product&#038;p=3567"},"modified":"2025-11-04T16:14:30","modified_gmt":"2025-11-04T22:14:30","slug":"puente-rectificador-db107","status":"publish","type":"product","link":"https:\/\/itv.geekbotelectronics.com\/index.php\/product\/puente-rectificador-db107\/","title":{"rendered":"Puente Rectificador DB107"},"content":{"rendered":"<h4>DB<span style=\"color: #000000\">107\u00a0Puente Rectificador<\/span><\/h4>\n<p style=\"text-align: justify\"><span style=\"color: #000000\">Un puente rectificador DB107 es un arreglo de componentes <a class=\"mw-redirect\" style=\"color: #000000\" title=\"Circuito electr\u00f3nico\" href=\"https:\/\/es.wikipedia.org\/wiki\/Circuito_electr%C3%B3nico\">electr\u00f3nico<\/a>s, que esta presente en la mayor\u00eda de las fuentes de voltaje; el puente esta formado regularmente por 4 diodos, conectados de forma especifica, y tienen como funci\u00f3n transformar la corriente alterna a corriente directa.<\/span><\/p>\n<p style=\"text-align: justify\"><span style=\"color: #000000\">El papel de los cuatro diodos comunes es hacer que la <a style=\"color: #000000\" title=\"Electricidad\" href=\"https:\/\/es.wikipedia.org\/wiki\/Electricidad\">electricidad<\/a> vaya en un solo sentido, mientras que el resto de componentes tienen como funci\u00f3n estabilizar la se\u00f1al. Usualmente se suele a\u00f1adir una etapa amplificadora con un <a style=\"color: #000000\" title=\"Transistor de uni\u00f3n bipolar\" href=\"https:\/\/es.wikipedia.org\/wiki\/Transistor_de_uni%C3%B3n_bipolar\">transistor BJT<\/a> para solventar las limitaciones que estos componentes tienen en la pr\u00e1ctica en cuanto a intensidad.<\/span><\/p>\n<h4>Especificaciones<\/h4>\n<ul>\n<li>Voltaje: 1000 V<\/li>\n<li>Corriente: 1 A<\/li>\n<li>Dimensiones: 0.80 cm x 0.60 cm x 0.30 cm<\/li>\n<li>Encapsulado DIP<\/li>\n<li>4 pines<\/li>\n<li>Modelo: DB107<\/li>\n<\/ul>\n","protected":false},"excerpt":{"rendered":"<p>Puente<span style=\"color: #000000\"> Rectificador DB107\u00a0es un arreglo de componentes <a class=\"mw-redirect\" style=\"color: #000000\" title=\"Circuito electr\u00f3nico\" href=\"https:\/\/es.wikipedia.org\/wiki\/Circuito_electr%C3%B3nico\">electr\u00f3nico<\/a>s.<\/span><\/p>\n","protected":false},"featured_media":1206,"comment_status":"closed","ping_status":"closed","template":"","meta":{"_lmt_disableupdate":"no","_lmt_disable":""},"product_brand":[],"product_cat":[41],"product_tag":[],"class_list":{"0":"post-3567","1":"product","2":"type-product","3":"status-publish","4":"has-post-thumbnail","6":"product_cat-diodos-varios","8":"first","9":"instock","10":"purchasable","11":"product-type-simple"},"_links":{"self":[{"href":"https:\/\/itv.geekbotelectronics.com\/index.php\/wp-json\/wp\/v2\/product\/3567"}],"collection":[{"href":"https:\/\/itv.geekbotelectronics.com\/index.php\/wp-json\/wp\/v2\/product"}],"about":[{"href":"https:\/\/itv.geekbotelectronics.com\/index.php\/wp-json\/wp\/v2\/types\/product"}],"replies":[{"embeddable":true,"href":"https:\/\/itv.geekbotelectronics.com\/index.php\/wp-json\/wp\/v2\/comments?post=3567"}],"wp:featuredmedia":[{"embeddable":true,"href":"https:\/\/itv.geekbotelectronics.com\/index.php\/wp-json\/wp\/v2\/media\/1206"}],"wp:attachment":[{"href":"https:\/\/itv.geekbotelectronics.com\/index.php\/wp-json\/wp\/v2\/media?parent=3567"}],"wp:term":[{"taxonomy":"product_brand","embeddable":true,"href":"https:\/\/itv.geekbotelectronics.com\/index.php\/wp-json\/wp\/v2\/product_brand?post=3567"},{"taxonomy":"product_cat","embeddable":true,"href":"https:\/\/itv.geekbotelectronics.com\/index.php\/wp-json\/wp\/v2\/product_cat?post=3567"},{"taxonomy":"product_tag","embeddable":true,"href":"https:\/\/itv.geekbotelectronics.com\/index.php\/wp-json\/wp\/v2\/product_tag?post=3567"}],"curies":[{"name":"wp","href":"https:\/\/api.w.org\/{rel}","templated":true}]}}