{"id":3664,"date":"2022-09-05T22:12:31","date_gmt":"2022-09-06T04:12:31","guid":{"rendered":"https:\/\/itv.geekbotelectronics.com\/?post_type=product&#038;p=3664"},"modified":"2023-09-08T17:14:39","modified_gmt":"2023-09-08T23:14:39","slug":"silenciador-para-aire-comprimido-1-4","status":"publish","type":"product","link":"https:\/\/itv.geekbotelectronics.com\/index.php\/product\/silenciador-para-aire-comprimido-1-4\/","title":{"rendered":"Silenciador para Aire Comprimido 1\/4&#8243;"},"content":{"rendered":"<p>Rosca: 1\/4 &#8220;NPT macho.<\/p>\n<p>-Materies: base de lat\u00f3n (Amortiguaci\u00f3n Element-bronce sinterizado)<\/p>\n<p>-Presi\u00f3n de trabajo: 0-116 PSI.<\/p>\n<p>-Temperatura de trabajo:-10 a + 70 <span style=\"font-family: Verdana;\"> \u00b0 C. <\/span><\/p>\n<p>-Durable y f\u00e1cil instalaci\u00f3n bajo perfil Pneumatic Silenciador. ampliamente utilizado para las v\u00e1lvulas, cilindros, tanques de aceite,<\/p>\n<p>Herramientas neum\u00e1ticas y algunos otros sistemas que necesita Mofles para limpiar el aire de escape y reducir el ruido.<\/p>\n","protected":false},"excerpt":{"rendered":"<p>Rosca: 1\/4 &#8220;NPT macho. -Materies: base de lat\u00f3n (Amortiguaci\u00f3n Element-bronce sinterizado) -Presi\u00f3n de trabajo: 0-116 PSI. -Temperatura de trabajo:-10 a + 70 \u00b0 C. -Durable y f\u00e1cil instalaci\u00f3n bajo perfil Pneumatic Silenciador. ampliamente utilizado para las v\u00e1lvulas, cilindros, tanques de aceite, Herramientas neum\u00e1ticas y algunos otros sistemas que necesita Mofles para limpiar el aire de [&hellip;]<\/p>\n","protected":false},"featured_media":0,"comment_status":"open","ping_status":"closed","template":"","meta":{"_lmt_disableupdate":"","_lmt_disable":""},"product_brand":[],"product_cat":[169],"product_tag":[],"class_list":{"0":"post-3664","1":"product","2":"type-product","3":"status-publish","5":"product_cat-hidraulica-y-neumatica","7":"first","8":"outofstock","9":"taxable","10":"shipping-taxable","11":"purchasable","12":"product-type-simple"},"_links":{"self":[{"href":"https:\/\/itv.geekbotelectronics.com\/index.php\/wp-json\/wp\/v2\/product\/3664"}],"collection":[{"href":"https:\/\/itv.geekbotelectronics.com\/index.php\/wp-json\/wp\/v2\/product"}],"about":[{"href":"https:\/\/itv.geekbotelectronics.com\/index.php\/wp-json\/wp\/v2\/types\/product"}],"replies":[{"embeddable":true,"href":"https:\/\/itv.geekbotelectronics.com\/index.php\/wp-json\/wp\/v2\/comments?post=3664"}],"wp:attachment":[{"href":"https:\/\/itv.geekbotelectronics.com\/index.php\/wp-json\/wp\/v2\/media?parent=3664"}],"wp:term":[{"taxonomy":"product_brand","embeddable":true,"href":"https:\/\/itv.geekbotelectronics.com\/index.php\/wp-json\/wp\/v2\/product_brand?post=3664"},{"taxonomy":"product_cat","embeddable":true,"href":"https:\/\/itv.geekbotelectronics.com\/index.php\/wp-json\/wp\/v2\/product_cat?post=3664"},{"taxonomy":"product_tag","embeddable":true,"href":"https:\/\/itv.geekbotelectronics.com\/index.php\/wp-json\/wp\/v2\/product_tag?post=3664"}],"curies":[{"name":"wp","href":"https:\/\/api.w.org\/{rel}","templated":true}]}}