{"id":3666,"date":"2022-09-05T22:12:39","date_gmt":"2022-09-06T04:12:39","guid":{"rendered":"https:\/\/itv.geekbotelectronics.com\/?post_type=product&#038;p=3666"},"modified":"2025-04-11T09:40:26","modified_gmt":"2025-04-11T15:40:26","slug":"sensor-hx1838-receptor-de-infrarrojo","status":"publish","type":"product","link":"https:\/\/itv.geekbotelectronics.com\/index.php\/product\/sensor-hx1838-receptor-de-infrarrojo\/","title":{"rendered":"Sensor HX1838 Receptor de Infrarrojo"},"content":{"rendered":"<h4>HX1838 Sensor Receptor de Infrarrojo<\/h4>\n<p>El receptor de infrarrojos Hx1838 es un componente que incorpora un diodo IR, amplificador, demodulador y comparador, siendo capaz de recibir se\u00f1ales de luz infrarroja con datos digitales.<\/p>\n<p>Es com\u00fanmente usado como receptor en sistema de control remoto, como los que existen en televisores o equipos de m\u00fasica, y puede ser f\u00e1cilmente implementado junto a microcontroladores como PIC o Arduino.<\/p>\n<p><strong>Especificaciones:<\/strong><\/p>\n<ul>\n<li>Tensi\u00f3n de Alimentaci\u00f3n: 2.7 a 5.5 Volts DC<\/li>\n<li>Frecuencia de Operaci\u00f3n Central: 38 kHz<\/li>\n<li>Longitud de Onda de Recepci\u00f3n: 940 nm<\/li>\n<li>\u00c1ngulo de Detecci\u00f3n M\u00e1ximo: 45\u00b0<\/li>\n<li>Temperatura de Operaci\u00f3n: -20 a 65 \u00b0C<\/li>\n<li>Alcance: 18 metros en posici\u00f3n frontal (8 metros en \u00e1ngulo de 45\u00b0)<\/li>\n<li>N\u00famero de pines: 3<\/li>\n<\/ul>\n<p><a href=\"http:\/\/www.geekbotelectronics.com\/wp-content\/uploads\/2016\/03\/AX-1838HS.pdf\">DataSheet<\/a><\/p>\n","protected":false},"excerpt":{"rendered":"<p>El sensor HX1838 es un receptor infrarrojo de alta sensibilidad ideal para proyectos de dom\u00f3tica, rob\u00f3tica, mecatr\u00f3nica.<\/p>\n","protected":false},"featured_media":1332,"comment_status":"closed","ping_status":"closed","template":"","meta":{"_lmt_disableupdate":"","_lmt_disable":""},"product_brand":[],"product_cat":[62],"product_tag":[],"class_list":{"0":"post-3666","1":"product","2":"type-product","3":"status-publish","4":"has-post-thumbnail","6":"product_cat-opticos","8":"first","9":"instock","10":"taxable","11":"shipping-taxable","12":"purchasable","13":"product-type-simple"},"_links":{"self":[{"href":"https:\/\/itv.geekbotelectronics.com\/index.php\/wp-json\/wp\/v2\/product\/3666"}],"collection":[{"href":"https:\/\/itv.geekbotelectronics.com\/index.php\/wp-json\/wp\/v2\/product"}],"about":[{"href":"https:\/\/itv.geekbotelectronics.com\/index.php\/wp-json\/wp\/v2\/types\/product"}],"replies":[{"embeddable":true,"href":"https:\/\/itv.geekbotelectronics.com\/index.php\/wp-json\/wp\/v2\/comments?post=3666"}],"wp:featuredmedia":[{"embeddable":true,"href":"https:\/\/itv.geekbotelectronics.com\/index.php\/wp-json\/wp\/v2\/media\/1332"}],"wp:attachment":[{"href":"https:\/\/itv.geekbotelectronics.com\/index.php\/wp-json\/wp\/v2\/media?parent=3666"}],"wp:term":[{"taxonomy":"product_brand","embeddable":true,"href":"https:\/\/itv.geekbotelectronics.com\/index.php\/wp-json\/wp\/v2\/product_brand?post=3666"},{"taxonomy":"product_cat","embeddable":true,"href":"https:\/\/itv.geekbotelectronics.com\/index.php\/wp-json\/wp\/v2\/product_cat?post=3666"},{"taxonomy":"product_tag","embeddable":true,"href":"https:\/\/itv.geekbotelectronics.com\/index.php\/wp-json\/wp\/v2\/product_tag?post=3666"}],"curies":[{"name":"wp","href":"https:\/\/api.w.org\/{rel}","templated":true}]}}