{"id":3670,"date":"2022-09-05T22:12:40","date_gmt":"2022-09-06T04:12:40","guid":{"rendered":"https:\/\/itv.geekbotelectronics.com\/?post_type=product&#038;p=3670"},"modified":"2025-10-28T16:12:56","modified_gmt":"2025-10-28T22:12:56","slug":"modulo-wifi-esp8266-nodemcu","status":"publish","type":"product","link":"https:\/\/itv.geekbotelectronics.com\/index.php\/product\/modulo-wifi-esp8266-nodemcu\/","title":{"rendered":"M\u00f3dulo WIFI ESP8266 NodeMCU"},"content":{"rendered":"<div class=\"product-body\">\n<p>El m\u00f3dulo SOC wifi ESP8266 tiene integrado el protocolo TCP\/IP y es capaz de dar acceso wifi a cualquier microcontrolador. Puede alojar una aplicaci\u00f3n o descargar todas las funciones Wifi de otra aplicaci\u00f3n.<br \/>\nCada m\u00f3dulo viene pre-programado con un firmware AT, es decir que se puede sencillamente conectar a un Arduino para tener las mismas capacidades wifi que con un shield.<br \/>\nEste m\u00f3dulo es particularmente econ\u00f3mico y su comunidad est\u00e1 creciendo.<\/p>\n<p>Tiene suficiente potencia y capacidad de almacenamiento como para integrar sensores y otras aplicaciones a trav\u00e9s de sus pines GPIO con un desarrollo m\u00ednimo.<br \/>\nSu alto grado de integraci\u00f3n hace que la placa sea peque\u00f1a.<br \/>\nSoporta PASD para aplicaciones de VoIP e interfaces Bluetooth. Contiene un RF autocalibrado que permite trabajar bajo cualquier condici\u00f3n y no requiere ninguna parte RF externa.<\/p>\n<p><strong>Caracter\u00edsticas t\u00e9cnicas<\/strong><br \/>\n802.11 b\/g\/n<br \/>\nWi-Fi Direct (P2P), soft-AP<br \/>\nProtocolo TCP\/IP integrado<br \/>\nTR switch, balun, LNA, amplificador de potencia y red correspondiente integrados<br \/>\nPLLs, regulators, DCXO y unidades de gesti\u00f3n de potencia integrados<br \/>\nPotencia de salida de +19.5dBm en modo 802.11b mode<br \/>\nP\u00e9rdida de corriente al apagar de &lt;10uA<br \/>\nMemoria Flash 1MB Flash<br \/>\nCPU de 32-bit de baja potencia integrada que se puede utilizar como procesador de aplicaci\u00f3n<br \/>\nSDIO 1.1 \/ 2.0, SPI, UART<br \/>\nSTBC, 1\u00d71 MIMO, 2\u00d71 MIMO<br \/>\nAgregaci\u00f3n A-MPDU &amp; A-MSDU &amp; intervalo de guardia 0.4ms<br \/>\nActivaci\u00f3n y tranmisici\u00f3n de paquetes en &lt; 2ms<br \/>\nConsumo en modo de espera &lt; 1.0mW (DTIM3)<\/p>\n<\/div>\n<div class=\"field-items\">\n<ul>\n<li class=\"field-item odd\"><a href=\"https:\/\/nurdspace.nl\/ESP8266\" target=\"_blank\" rel=\"noopener noreferrer\">Esquemas de conexi\u00f3n y fichas t\u00e9cnicas<\/a><\/li>\n<li class=\"field-item even\"><a href=\"http:\/\/www.instructables.com\/id\/Using-the-ESP8266-module\/\" target=\"_blank\" rel=\"noopener noreferrer\">Tutorial<\/a><\/li>\n<li class=\"field-item odd\"><a href=\"http:\/\/www.esp8266.com\/\" target=\"_blank\" rel=\"noopener noreferrer\">Foro<\/a><\/li>\n<li class=\"field-item even\"><a href=\"https:\/\/cdn.sparkfun.com\/datasheets\/Wireless\/WiFi\/Command%20Doc.pdf\" target=\"_blank\" rel=\"noopener noreferrer\">Instrucciones AT<\/a><\/li>\n<li class=\"field-item odd\"><a href=\"https:\/\/github.com\/esp8266\/esp8266-wiki\/wiki\" target=\"_blank\" rel=\"noopener noreferrer\">Github ESP8266<\/a><\/li>\n<li class=\"field-item even\"><a href=\"https:\/\/github.com\/jcmvbkbc\/gcc-xtensa\" target=\"_blank\" rel=\"noopener noreferrer\">Github GCC-Xtensa<\/a><\/li>\n<\/ul>\n<\/div>\n","protected":false},"excerpt":{"rendered":"<p>El m\u00f3dulo SOC wifi ESP8266 tiene integrado el protocolo TCP\/IP y es capaz de dar acceso wifi a cualquier microcontrolador. Puede alojar una aplicaci\u00f3n o descargar todas las funciones Wifi de otra aplicaci\u00f3n.<\/p>\n","protected":false},"featured_media":1335,"comment_status":"closed","ping_status":"closed","template":"","meta":{"_lmt_disableupdate":"no","_lmt_disable":""},"product_brand":[],"product_cat":[178],"product_tag":[],"class_list":{"0":"post-3670","1":"product","2":"type-product","3":"status-publish","4":"has-post-thumbnail","6":"product_cat-wifi","8":"first","9":"instock","10":"taxable","11":"shipping-taxable","12":"purchasable","13":"product-type-simple"},"_links":{"self":[{"href":"https:\/\/itv.geekbotelectronics.com\/index.php\/wp-json\/wp\/v2\/product\/3670"}],"collection":[{"href":"https:\/\/itv.geekbotelectronics.com\/index.php\/wp-json\/wp\/v2\/product"}],"about":[{"href":"https:\/\/itv.geekbotelectronics.com\/index.php\/wp-json\/wp\/v2\/types\/product"}],"replies":[{"embeddable":true,"href":"https:\/\/itv.geekbotelectronics.com\/index.php\/wp-json\/wp\/v2\/comments?post=3670"}],"wp:featuredmedia":[{"embeddable":true,"href":"https:\/\/itv.geekbotelectronics.com\/index.php\/wp-json\/wp\/v2\/media\/1335"}],"wp:attachment":[{"href":"https:\/\/itv.geekbotelectronics.com\/index.php\/wp-json\/wp\/v2\/media?parent=3670"}],"wp:term":[{"taxonomy":"product_brand","embeddable":true,"href":"https:\/\/itv.geekbotelectronics.com\/index.php\/wp-json\/wp\/v2\/product_brand?post=3670"},{"taxonomy":"product_cat","embeddable":true,"href":"https:\/\/itv.geekbotelectronics.com\/index.php\/wp-json\/wp\/v2\/product_cat?post=3670"},{"taxonomy":"product_tag","embeddable":true,"href":"https:\/\/itv.geekbotelectronics.com\/index.php\/wp-json\/wp\/v2\/product_tag?post=3670"}],"curies":[{"name":"wp","href":"https:\/\/api.w.org\/{rel}","templated":true}]}}