{"id":3671,"date":"2022-09-05T22:12:40","date_gmt":"2022-09-06T04:12:40","guid":{"rendered":"https:\/\/itv.geekbotelectronics.com\/?post_type=product&#038;p=3671"},"modified":"2025-07-07T16:01:25","modified_gmt":"2025-07-07T22:01:25","slug":"sensor-e18-d80nk-proximidad-infrarrojo","status":"publish","type":"product","link":"https:\/\/itv.geekbotelectronics.com\/index.php\/product\/sensor-e18-d80nk-proximidad-infrarrojo\/","title":{"rendered":"Sensor E18-D80NK Proximidad Infrarrojo"},"content":{"rendered":"<h4>E18-D80NK Sensor de Proximidad Infrarrojo<\/h4>\n<p><span style=\"color: #000000\">El E18-D80NK es un sensor \u00f3ptico reflexivo dise\u00f1ado para la detecci\u00f3n de presencia de objetos, su distancia de detecci\u00f3n es ajustable, lo que permite utilizarlo en una amplia gama de aplicaciones. Puede usarse en detecci\u00f3n y conteo de personas, robots de sumo, detecci\u00f3n de objetos, aplicaciones de automatizaci\u00f3n, etc.<\/span><\/p>\n<p><span style=\"color: #000000\">El sensor E18-D80NK es ideal para utilizarse en aplicaciones y proyectos con Arduino y microcontroladores PIC que funcionen con 5 volts de corriente directa.<\/span><\/p>\n<p><strong><span style=\"color: #000000\">Especificaciones:<\/span><\/strong><\/p>\n<ul>\n<li><span style=\"color: #000000\">Rango de detecci\u00f3n: 3 a 80cm (ajustable)<\/span><\/li>\n<li><span style=\"color: #000000\">Voltaje de operaci\u00f3n: 5V DC<\/span><\/li>\n<li><span style=\"color: #000000\">Corriente de salida m\u00e1xima: 100mA<\/span><\/li>\n<li><span style=\"color: #000000\">Salida: Tipo NPN normalmente abierto<\/span><\/li>\n<li><span style=\"color: #000000\">Dimensiones: 18x45mm<\/span><\/li>\n<li><span style=\"color: #000000\">Largo del cable: 50cm<\/span><\/li>\n<li><span style=\"color: #000000\">Material: pl\u00e1stico<\/span><\/li>\n<li><span style=\"color: #000000\">Temperatura de trabajo: -25 a 70\u00b0C<\/span><\/li>\n<li><span style=\"color: #000000\">Conexiones: Cable rojo +5V,\u00a0Cable negro \u2013 GND o tierra,\u00a0Cable amarillo \u2013 se\u00f1al<\/span><\/li>\n<\/ul>\n<p><a href=\"http:\/\/www.geekbotelectronics.com\/wp-content\/uploads\/2016\/04\/e18-d80nk-ds.pdf\">DataSheet<\/a><\/p>\n","protected":false},"excerpt":{"rendered":"<p>El sensor E18-D80NK permite detectar objetos dentro de su rango de detecci\u00f3n. Utilizado en proyectos de rob\u00f3tica m\u00f3vil y automatizaci\u00f3n industrial.<\/p>\n","protected":false},"featured_media":1336,"comment_status":"closed","ping_status":"closed","template":"","meta":{"_lmt_disableupdate":"no","_lmt_disable":""},"product_brand":[],"product_cat":[62,61],"product_tag":[],"class_list":{"0":"post-3671","1":"product","2":"type-product","3":"status-publish","4":"has-post-thumbnail","6":"product_cat-opticos","7":"product_cat-proximidad","9":"first","10":"instock","11":"taxable","12":"shipping-taxable","13":"purchasable","14":"product-type-simple"},"_links":{"self":[{"href":"https:\/\/itv.geekbotelectronics.com\/index.php\/wp-json\/wp\/v2\/product\/3671"}],"collection":[{"href":"https:\/\/itv.geekbotelectronics.com\/index.php\/wp-json\/wp\/v2\/product"}],"about":[{"href":"https:\/\/itv.geekbotelectronics.com\/index.php\/wp-json\/wp\/v2\/types\/product"}],"replies":[{"embeddable":true,"href":"https:\/\/itv.geekbotelectronics.com\/index.php\/wp-json\/wp\/v2\/comments?post=3671"}],"wp:featuredmedia":[{"embeddable":true,"href":"https:\/\/itv.geekbotelectronics.com\/index.php\/wp-json\/wp\/v2\/media\/1336"}],"wp:attachment":[{"href":"https:\/\/itv.geekbotelectronics.com\/index.php\/wp-json\/wp\/v2\/media?parent=3671"}],"wp:term":[{"taxonomy":"product_brand","embeddable":true,"href":"https:\/\/itv.geekbotelectronics.com\/index.php\/wp-json\/wp\/v2\/product_brand?post=3671"},{"taxonomy":"product_cat","embeddable":true,"href":"https:\/\/itv.geekbotelectronics.com\/index.php\/wp-json\/wp\/v2\/product_cat?post=3671"},{"taxonomy":"product_tag","embeddable":true,"href":"https:\/\/itv.geekbotelectronics.com\/index.php\/wp-json\/wp\/v2\/product_tag?post=3671"}],"curies":[{"name":"wp","href":"https:\/\/api.w.org\/{rel}","templated":true}]}}