{"id":3681,"date":"2022-09-05T22:12:40","date_gmt":"2022-09-06T04:12:40","guid":{"rendered":"https:\/\/itv.geekbotelectronics.com\/?post_type=product&#038;p=3681"},"modified":"2025-05-28T09:49:43","modified_gmt":"2025-05-28T15:49:43","slug":"modulo-sensor-mq-6-gas-butano-y-glp","status":"publish","type":"product","link":"https:\/\/itv.geekbotelectronics.com\/index.php\/product\/modulo-sensor-mq-6-gas-butano-y-glp\/","title":{"rendered":"M\u00f3dulo Sensor MQ-6 Gas Butano y GLP"},"content":{"rendered":"<h4>MQ-6 M\u00f3dulo Sensor de Gas Butano y GLP<\/h4>\n<p>El m\u00f3dulo sensor de gas anal\u00f3gico MQ-6 se utiliza en la detecci\u00f3n de fugas de gas de equipos en los mercados de consumo y la industria, este sensor es adecuado para la detecci\u00f3n de GLP, i-butano, propano, metano, tiene una alta sensibilidad, un tiempo de respuesta r\u00e1pido y dicha sensibilidad puede ser ajustada por el potenci\u00f3metro.<\/p>\n<p>El sensor MQ-6 Puede detectar concentraciones de gas en cualquier rango dentro de las 200 hasta las 10000ppm.<\/p>\n<p>Este sensor tiene una alta sensibilidad y un tiempo de respuesta r\u00e1pido. La salida del sensor tiene una resistencia anal\u00f3gica.<\/p>\n<p>Caracteristicas:<\/p>\n<ul>\n<li>Necesidades de alimentaci\u00f3n: 5V<\/li>\n<li>Tipo de interfaz: Anal\u00f3gico.<\/li>\n<li>Pin Definici\u00f3n: 1-salida, 2 GND, 3-VCC<\/li>\n<li>Amplio alcance de detecci\u00f3n.<\/li>\n<li>Respuesta r\u00e1pida y alta sensibilidad.<\/li>\n<li>Circuito de accionamiento sencillo.<\/li>\n<li>Tama\u00f1o: 40x20mm.<\/li>\n<\/ul>\n<p><a href=\"http:\/\/www.geekbotelectronics.com\/wp-content\/uploads\/2016\/04\/MQ-6.pdf\">DataSheet<\/a><\/p>\n","protected":false},"excerpt":{"rendered":"<p>MQ-6 M\u00f3dulo Sensor de Gas Butano y GLP El m\u00f3dulo sensor de gas anal\u00f3gico MQ-6 se utiliza en la detecci\u00f3n de fugas de gas de equipos en los mercados de consumo y la industria, este sensor es adecuado para la detecci\u00f3n de GLP, i-butano, propano, metano, tiene una alta sensibilidad, un tiempo de respuesta r\u00e1pido [&hellip;]<\/p>\n","protected":false},"featured_media":1346,"comment_status":"closed","ping_status":"closed","template":"","meta":{"_lmt_disableupdate":"no","_lmt_disable":""},"product_brand":[],"product_cat":[68],"product_tag":[],"class_list":{"0":"post-3681","1":"product","2":"type-product","3":"status-publish","4":"has-post-thumbnail","6":"product_cat-ambientales","8":"first","9":"instock","10":"taxable","11":"shipping-taxable","12":"purchasable","13":"product-type-simple"},"_links":{"self":[{"href":"https:\/\/itv.geekbotelectronics.com\/index.php\/wp-json\/wp\/v2\/product\/3681"}],"collection":[{"href":"https:\/\/itv.geekbotelectronics.com\/index.php\/wp-json\/wp\/v2\/product"}],"about":[{"href":"https:\/\/itv.geekbotelectronics.com\/index.php\/wp-json\/wp\/v2\/types\/product"}],"replies":[{"embeddable":true,"href":"https:\/\/itv.geekbotelectronics.com\/index.php\/wp-json\/wp\/v2\/comments?post=3681"}],"wp:featuredmedia":[{"embeddable":true,"href":"https:\/\/itv.geekbotelectronics.com\/index.php\/wp-json\/wp\/v2\/media\/1346"}],"wp:attachment":[{"href":"https:\/\/itv.geekbotelectronics.com\/index.php\/wp-json\/wp\/v2\/media?parent=3681"}],"wp:term":[{"taxonomy":"product_brand","embeddable":true,"href":"https:\/\/itv.geekbotelectronics.com\/index.php\/wp-json\/wp\/v2\/product_brand?post=3681"},{"taxonomy":"product_cat","embeddable":true,"href":"https:\/\/itv.geekbotelectronics.com\/index.php\/wp-json\/wp\/v2\/product_cat?post=3681"},{"taxonomy":"product_tag","embeddable":true,"href":"https:\/\/itv.geekbotelectronics.com\/index.php\/wp-json\/wp\/v2\/product_tag?post=3681"}],"curies":[{"name":"wp","href":"https:\/\/api.w.org\/{rel}","templated":true}]}}