{"id":3682,"date":"2022-09-05T22:12:40","date_gmt":"2022-09-06T04:12:40","guid":{"rendered":"https:\/\/itv.geekbotelectronics.com\/?post_type=product&#038;p=3682"},"modified":"2025-10-01T11:17:50","modified_gmt":"2025-10-01T17:17:50","slug":"modulo-sensor-mq-5-gas-natural-y-glp","status":"publish","type":"product","link":"https:\/\/itv.geekbotelectronics.com\/index.php\/product\/modulo-sensor-mq-5-gas-natural-y-glp\/","title":{"rendered":"M\u00f3dulo Sensor MQ-5 Gas Natural y GLP"},"content":{"rendered":"<h4>MQ-5 M\u00f3dulo Sensor de Gas Natural y GLP<\/h4>\n<p>El MQ-5 se utiliza en la detecci\u00f3n de fugas de equipos de gas en aplicaciones de consumo y la industria, este sensor es adecuado para la detecci\u00f3n de GLP, gas natural, gas de carb\u00f3n. Evite el ruido de humos de cocina, alcohol y humo de cigarrillo. La sensibilidad puede ser ajustada por el potenci\u00f3metro.<\/p>\n<p>Caracteristicas:<\/p>\n<ul>\n<li>Necesidades de alimentaci\u00f3n: 5V<\/li>\n<li>Tipo de interfaz: Anal\u00f3gico.<\/li>\n<li>Pin Definici\u00f3n: 1-salida, 2 GND, 3-VCC<\/li>\n<li>Alta sensibilidad a GLP, gas natural, gas ciudad.<\/li>\n<li>Peque\u00f1o sensibilidad al alcohol, el humo.<\/li>\n<li>R\u00e1pida respuesta.<\/li>\n<li>Circuito de accionamiento sencillo.<\/li>\n<li>Tama\u00f1o: 40x20mm<\/li>\n<\/ul>\n<p><a href=\"http:\/\/www.geekbotelectronics.com\/wp-content\/uploads\/2016\/04\/MQ-5.pdf\">DataSheet<\/a><\/p>\n","protected":false},"excerpt":{"rendered":"<p>MQ-5 M\u00f3dulo Sensor de Gas Natural y GLP El MQ-5 se utiliza en la detecci\u00f3n de fugas de equipos de gas en aplicaciones de consumo y la industria, este sensor es adecuado para la detecci\u00f3n de GLP, gas natural, gas de carb\u00f3n. Evite el ruido de humos de cocina, alcohol y humo de cigarrillo. La [&hellip;]<\/p>\n","protected":false},"featured_media":1347,"comment_status":"closed","ping_status":"closed","template":"","meta":{"_lmt_disableupdate":"no","_lmt_disable":""},"product_brand":[],"product_cat":[68],"product_tag":[],"class_list":{"0":"post-3682","1":"product","2":"type-product","3":"status-publish","4":"has-post-thumbnail","6":"product_cat-ambientales","8":"first","9":"instock","10":"taxable","11":"shipping-taxable","12":"purchasable","13":"product-type-simple"},"_links":{"self":[{"href":"https:\/\/itv.geekbotelectronics.com\/index.php\/wp-json\/wp\/v2\/product\/3682"}],"collection":[{"href":"https:\/\/itv.geekbotelectronics.com\/index.php\/wp-json\/wp\/v2\/product"}],"about":[{"href":"https:\/\/itv.geekbotelectronics.com\/index.php\/wp-json\/wp\/v2\/types\/product"}],"replies":[{"embeddable":true,"href":"https:\/\/itv.geekbotelectronics.com\/index.php\/wp-json\/wp\/v2\/comments?post=3682"}],"wp:featuredmedia":[{"embeddable":true,"href":"https:\/\/itv.geekbotelectronics.com\/index.php\/wp-json\/wp\/v2\/media\/1347"}],"wp:attachment":[{"href":"https:\/\/itv.geekbotelectronics.com\/index.php\/wp-json\/wp\/v2\/media?parent=3682"}],"wp:term":[{"taxonomy":"product_brand","embeddable":true,"href":"https:\/\/itv.geekbotelectronics.com\/index.php\/wp-json\/wp\/v2\/product_brand?post=3682"},{"taxonomy":"product_cat","embeddable":true,"href":"https:\/\/itv.geekbotelectronics.com\/index.php\/wp-json\/wp\/v2\/product_cat?post=3682"},{"taxonomy":"product_tag","embeddable":true,"href":"https:\/\/itv.geekbotelectronics.com\/index.php\/wp-json\/wp\/v2\/product_tag?post=3682"}],"curies":[{"name":"wp","href":"https:\/\/api.w.org\/{rel}","templated":true}]}}