{"id":3683,"date":"2022-09-05T22:12:40","date_gmt":"2022-09-06T04:12:40","guid":{"rendered":"https:\/\/itv.geekbotelectronics.com\/?post_type=product&#038;p=3683"},"modified":"2025-05-23T11:18:04","modified_gmt":"2025-05-23T17:18:04","slug":"modulo-sensor-mq-9-monoxido-de-carbono","status":"publish","type":"product","link":"https:\/\/itv.geekbotelectronics.com\/index.php\/product\/modulo-sensor-mq-9-monoxido-de-carbono\/","title":{"rendered":"M\u00f3dulo Sensor MQ-9 Mon\u00f3xido de Carbono"},"content":{"rendered":"<h4>MQ-9 M\u00f3dulo Sensor de Mon\u00f3xido de Carbono<\/h4>\n<p>Sensor de gas MQ-9\u00a0CO mon\u00f3xido de carbono ideal para detecci\u00f3n del mismo gas. Tiene la sensibilidad ajustable para tener una lectura adecuada al sistema particular. El sensor tiene un tama\u00f1o peque\u00f1o y es muy pr\u00e1ctico y sencillo de utilizar. El m\u00f3dulo tiene una salida digital a trav\u00e9s de un comparador con umbral ajustable y una salida anal\u00f3gica que la puedes medir con cualquier microcontrolador o tarjeta de desarrollo con ADC.<\/p>\n<h5>Especificaciones:<\/h5>\n<p>&#8211; Voltaje de operaci\u00f3n: 5V<br \/>\n&#8211; Tipo de interfaz: Anal\u00f3gica<br \/>\n&#8211; Definici\u00f3n de pines: 1-Output 2-GND 3-VCC<br \/>\n&#8211; Tipo de Sensor: Semiconductor<br \/>\n-Concentraci\u00f3n:<br \/>\n10-1000 ppm de CO<br \/>\n100-10000 ppm gas combustible<br \/>\n-Buena sensibilidad a CO \/ gas combustible<br \/>\n-Alta sensibilidad al metano, propano y CO<br \/>\n-Larga vida util y bajo costo<br \/>\n-Tama\u00f1o: 40x20mm<\/p>\n<p><a href=\"http:\/\/www.geekbotelectronics.com\/wp-content\/uploads\/2016\/04\/MQ9.pdf\">DataSheet<\/a><\/p>\n","protected":false},"excerpt":{"rendered":"<p>MQ-9 M\u00f3dulo Sensor de Mon\u00f3xido de Carbono Sensor de gas MQ-9\u00a0CO mon\u00f3xido de carbono ideal para detecci\u00f3n del mismo gas. Tiene la sensibilidad ajustable para tener una lectura adecuada al sistema particular. El sensor tiene un tama\u00f1o peque\u00f1o y es muy pr\u00e1ctico y sencillo de utilizar. El m\u00f3dulo tiene una salida digital a trav\u00e9s de [&hellip;]<\/p>\n","protected":false},"featured_media":1348,"comment_status":"open","ping_status":"closed","template":"","meta":{"_lmt_disableupdate":"no","_lmt_disable":""},"product_brand":[],"product_cat":[68],"product_tag":[],"class_list":{"0":"post-3683","1":"product","2":"type-product","3":"status-publish","4":"has-post-thumbnail","6":"product_cat-ambientales","8":"first","9":"instock","10":"taxable","11":"shipping-taxable","12":"purchasable","13":"product-type-simple"},"_links":{"self":[{"href":"https:\/\/itv.geekbotelectronics.com\/index.php\/wp-json\/wp\/v2\/product\/3683"}],"collection":[{"href":"https:\/\/itv.geekbotelectronics.com\/index.php\/wp-json\/wp\/v2\/product"}],"about":[{"href":"https:\/\/itv.geekbotelectronics.com\/index.php\/wp-json\/wp\/v2\/types\/product"}],"replies":[{"embeddable":true,"href":"https:\/\/itv.geekbotelectronics.com\/index.php\/wp-json\/wp\/v2\/comments?post=3683"}],"wp:featuredmedia":[{"embeddable":true,"href":"https:\/\/itv.geekbotelectronics.com\/index.php\/wp-json\/wp\/v2\/media\/1348"}],"wp:attachment":[{"href":"https:\/\/itv.geekbotelectronics.com\/index.php\/wp-json\/wp\/v2\/media?parent=3683"}],"wp:term":[{"taxonomy":"product_brand","embeddable":true,"href":"https:\/\/itv.geekbotelectronics.com\/index.php\/wp-json\/wp\/v2\/product_brand?post=3683"},{"taxonomy":"product_cat","embeddable":true,"href":"https:\/\/itv.geekbotelectronics.com\/index.php\/wp-json\/wp\/v2\/product_cat?post=3683"},{"taxonomy":"product_tag","embeddable":true,"href":"https:\/\/itv.geekbotelectronics.com\/index.php\/wp-json\/wp\/v2\/product_tag?post=3683"}],"curies":[{"name":"wp","href":"https:\/\/api.w.org\/{rel}","templated":true}]}}