{"id":3685,"date":"2022-09-05T22:12:41","date_gmt":"2022-09-06T04:12:41","guid":{"rendered":"https:\/\/itv.geekbotelectronics.com\/?post_type=product&#038;p=3685"},"modified":"2025-05-23T11:17:44","modified_gmt":"2025-05-23T17:17:44","slug":"modulo-sensor-mq-135-calidad-del-aire","status":"publish","type":"product","link":"https:\/\/itv.geekbotelectronics.com\/index.php\/product\/modulo-sensor-mq-135-calidad-del-aire\/","title":{"rendered":"M\u00f3dulo Sensor MQ-135 Calidad del Aire"},"content":{"rendered":"<h4>MQ-135 M\u00f3dulo Sensor de Calidad del Aire<\/h4>\n<p>El MQ-135 es un sensor de gases peligrosos utilizado para el control de la calidad del aire y es adecuado para la detecci\u00f3n de NH3 (amon\u00edaco), NOx, alcohol, benceno, humo, CO2, etc.<br \/>\nEste sensor no proporciona valores absolutos, sino que simplemente proporciona una salida anal\u00f3gica que debe ser monitoreado y se comparada con los valores de umbral.<\/p>\n<p>Caracter\u00edsticas:<\/p>\n<ul>\n<li>Voltaje de trabajo: 5V.<\/li>\n<li>Pin Definici\u00f3n: 1_salida, \u00a02_GND, \u00a03_VCC.<\/li>\n<li>Caracter\u00edsticas de respuesta r\u00e1pida.<\/li>\n<li>Con una larga vida y estabilidad fiable.<\/li>\n<li>Chip principal: Sensor MQ-135 Air Quality Sensor.<\/li>\n<li>Doble salida: Salida anal\u00f3gica y salida de nivel TTL.<\/li>\n<li>Alta sensibilidad al Amon\u00edaco (NH3), \u00d3xidos de nitr\u00f3geno (NOx), Alcohol, Sulfuros, Benceno (C6H6), Mon\u00f3xido de carbono (CO), humo y otros gases nocivos.<\/li>\n<li>Montado en m\u00f3dulo con pines de conexi\u00f3n.<\/li>\n<li>Sensibilidad ajustable con el potenci\u00f3metro.<\/li>\n<li>Rango de detecci\u00f3n: 10-1000ppm.<\/li>\n<li>Tama\u00f1o: 32mm x 22mm x 24mm.<\/li>\n<li>Buena sensibilidad a los gases da\u00f1inos en amplia gama<\/li>\n<li>Alta sensibilidad a Amon\u00edaco, Sulfuro y Benzeno<\/li>\n<li>Circuito de accionamiento simple<\/li>\n<\/ul>\n<p><a href=\"http:\/\/www.geekbotelectronics.com\/wp-content\/uploads\/2016\/04\/MQ-135.pdf\">DataSheet<\/a><\/p>\n","protected":false},"excerpt":{"rendered":"<p>MQ-135 M\u00f3dulo Sensor de Calidad del Aire El MQ-135 es un sensor de gases peligrosos utilizado para el control de la calidad del aire y es adecuado para la detecci\u00f3n de NH3 (amon\u00edaco), NOx, alcohol, benceno, humo, CO2, etc. Este sensor no proporciona valores absolutos, sino que simplemente proporciona una salida anal\u00f3gica que debe ser [&hellip;]<\/p>\n","protected":false},"featured_media":1350,"comment_status":"closed","ping_status":"closed","template":"","meta":{"_lmt_disableupdate":"no","_lmt_disable":""},"product_brand":[],"product_cat":[68],"product_tag":[],"class_list":{"0":"post-3685","1":"product","2":"type-product","3":"status-publish","4":"has-post-thumbnail","6":"product_cat-ambientales","8":"first","9":"outofstock","10":"taxable","11":"shipping-taxable","12":"purchasable","13":"product-type-simple"},"_links":{"self":[{"href":"https:\/\/itv.geekbotelectronics.com\/index.php\/wp-json\/wp\/v2\/product\/3685"}],"collection":[{"href":"https:\/\/itv.geekbotelectronics.com\/index.php\/wp-json\/wp\/v2\/product"}],"about":[{"href":"https:\/\/itv.geekbotelectronics.com\/index.php\/wp-json\/wp\/v2\/types\/product"}],"replies":[{"embeddable":true,"href":"https:\/\/itv.geekbotelectronics.com\/index.php\/wp-json\/wp\/v2\/comments?post=3685"}],"wp:featuredmedia":[{"embeddable":true,"href":"https:\/\/itv.geekbotelectronics.com\/index.php\/wp-json\/wp\/v2\/media\/1350"}],"wp:attachment":[{"href":"https:\/\/itv.geekbotelectronics.com\/index.php\/wp-json\/wp\/v2\/media?parent=3685"}],"wp:term":[{"taxonomy":"product_brand","embeddable":true,"href":"https:\/\/itv.geekbotelectronics.com\/index.php\/wp-json\/wp\/v2\/product_brand?post=3685"},{"taxonomy":"product_cat","embeddable":true,"href":"https:\/\/itv.geekbotelectronics.com\/index.php\/wp-json\/wp\/v2\/product_cat?post=3685"},{"taxonomy":"product_tag","embeddable":true,"href":"https:\/\/itv.geekbotelectronics.com\/index.php\/wp-json\/wp\/v2\/product_tag?post=3685"}],"curies":[{"name":"wp","href":"https:\/\/api.w.org\/{rel}","templated":true}]}}