{"id":3686,"date":"2022-09-05T22:12:41","date_gmt":"2022-09-06T04:12:41","guid":{"rendered":"https:\/\/itv.geekbotelectronics.com\/?post_type=product&#038;p=3686"},"modified":"2025-06-16T16:01:58","modified_gmt":"2025-06-16T22:01:58","slug":"modulo-sensor-de-flama","status":"publish","type":"product","link":"https:\/\/itv.geekbotelectronics.com\/index.php\/product\/modulo-sensor-de-flama\/","title":{"rendered":"M\u00f3dulo Sensor de Flama"},"content":{"rendered":"<h4>M\u00f3dulo Sensor de Flama<\/h4>\n<p>Un sensor de flama\u00a0es un dispositivo que permite detectar la existencia de combusti\u00f3n por la luz emitida por la misma. Esta luz puede ser detectada por un sensor \u00f3ptico, y ser capturado por las entradas digitales y las entradas anal\u00f3gicas de Arduino.<\/p>\n<p>La flama\u00a0es un fen\u00f3meno de emisi\u00f3n de luz asociado a los procesos de combusti\u00f3n. La combusti\u00f3n es un proceso que desprende grandes cantidades de energ\u00eda en forma de calor. Durante la reacci\u00f3n se generan compuestos intermedios que liberan parte de su energ\u00eda mediante la emisi\u00f3n de luz.<\/p>\n<p class=\"normal\">Los sensores de flama son ampliamente utilizados en la industria. Muchas m\u00e1quinas ejecutan procesos susceptibles de generar llamas, como por ejemplo procesos de mecanizado o de electroerosi\u00f3n. Frecuentemente se realizan en presencia de elementos combustibles como aceite o viruta.<\/p>\n<p class=\"normal\">Por este motivo se incorporan sensores de\u00a0flama como dispositivo de seguridad, permitiendo detener el proceso en caso de detectar cualquier indicio de combusti\u00f3n. Estos dispositivos se ajustan a las longitudes de onda caracter\u00edsticas de la aparici\u00f3n de la llama y normalmente combinan las se\u00f1ales ultravioleta y de infrarrojo.<\/p>\n<p><strong>Especificaciones:<\/strong><\/p>\n<ul>\n<li>Canales de detecci\u00f3n: 5 sensores<\/li>\n<li>Longitud de onda:\u00a0700nm ~ 1100nm<\/li>\n<li>Cada sensor detecta un rango de 30\u00b0<\/li>\n<li>Tarjeta de 120\u00b0 de lectura<\/li>\n<li>Salida Digital<\/li>\n<li>Salida Anal\u00f3gica para mayor precisi\u00f3n<\/li>\n<li>Compatible con SCM System<\/li>\n<li>Voltaje de alimentaci\u00f3n: 3.3V \u2013 9V<\/li>\n<li>Altamente Confiable<\/li>\n<li>Indicador Led para cada sensor<\/li>\n<li>Resistencias de 1% de tolerancia que brinda una alta precisi\u00f3n<\/li>\n<li>3 Agujeros M3 para f\u00e1cil instalaci\u00f3n<\/li>\n<\/ul>\n<div><\/div>\n<div><\/div>\n<div><\/div>\n","protected":false},"excerpt":{"rendered":"<p>M\u00f3dulo sensor de flama, la salida puede ser digital o an\u00e1loga. Entre sus principales aplicaciones est\u00e1n alarmas contra incendios y robots extintores de fuego.<\/p>\n","protected":false},"featured_media":1351,"comment_status":"closed","ping_status":"closed","template":"","meta":{"_lmt_disableupdate":"","_lmt_disable":""},"product_brand":[],"product_cat":[62],"product_tag":[],"class_list":{"0":"post-3686","1":"product","2":"type-product","3":"status-publish","4":"has-post-thumbnail","6":"product_cat-opticos","8":"first","9":"instock","10":"taxable","11":"shipping-taxable","12":"purchasable","13":"product-type-simple"},"_links":{"self":[{"href":"https:\/\/itv.geekbotelectronics.com\/index.php\/wp-json\/wp\/v2\/product\/3686"}],"collection":[{"href":"https:\/\/itv.geekbotelectronics.com\/index.php\/wp-json\/wp\/v2\/product"}],"about":[{"href":"https:\/\/itv.geekbotelectronics.com\/index.php\/wp-json\/wp\/v2\/types\/product"}],"replies":[{"embeddable":true,"href":"https:\/\/itv.geekbotelectronics.com\/index.php\/wp-json\/wp\/v2\/comments?post=3686"}],"wp:featuredmedia":[{"embeddable":true,"href":"https:\/\/itv.geekbotelectronics.com\/index.php\/wp-json\/wp\/v2\/media\/1351"}],"wp:attachment":[{"href":"https:\/\/itv.geekbotelectronics.com\/index.php\/wp-json\/wp\/v2\/media?parent=3686"}],"wp:term":[{"taxonomy":"product_brand","embeddable":true,"href":"https:\/\/itv.geekbotelectronics.com\/index.php\/wp-json\/wp\/v2\/product_brand?post=3686"},{"taxonomy":"product_cat","embeddable":true,"href":"https:\/\/itv.geekbotelectronics.com\/index.php\/wp-json\/wp\/v2\/product_cat?post=3686"},{"taxonomy":"product_tag","embeddable":true,"href":"https:\/\/itv.geekbotelectronics.com\/index.php\/wp-json\/wp\/v2\/product_tag?post=3686"}],"curies":[{"name":"wp","href":"https:\/\/api.w.org\/{rel}","templated":true}]}}