{"id":3688,"date":"2022-09-05T22:12:41","date_gmt":"2022-09-06T04:12:41","guid":{"rendered":"https:\/\/itv.geekbotelectronics.com\/?post_type=product&#038;p=3688"},"modified":"2025-11-12T12:50:09","modified_gmt":"2025-11-12T18:50:09","slug":"transformador-12-v-1-a-tap-central","status":"publish","type":"product","link":"https:\/\/itv.geekbotelectronics.com\/index.php\/product\/transformador-12-v-1-a-tap-central\/","title":{"rendered":"Transformador 12 V 1 A Tap Central"},"content":{"rendered":"<h4>Transformador 12 V 1 A Tap Central<\/h4>\n<div>Transformador de voltaje para fuentes de poder de 110 Vca de entrada, 12 Vca de salida y 1 A. Cuenta con derivaci\u00f3n tap central que permite reducir a la mitad el voltaje en caso necesario. Los transformadores (a veces llamados &#8220;transformadores de voltaje&#8221; ); son dispositivos usados en circuitos <a style=\"color: #000000\" title=\"Componente electr\u00f3nico\" href=\"https:\/\/es.wikipedia.org\/wiki\/Componente_electr%C3%B3nico\"> el\u00e9ctrico<\/a>s\u00a0para cambiar el voltaje de la electricidad que fluye en el circuito. Los transformadores se pueden utilizar para aumentar (llamado &#8220;intensificaci\u00f3n&#8221;) o dismuir (&#8220;reducci\u00f3n&#8221;) el voltaje. Los transformadores s\u00f3lo trabajan con circuitos de CA (corriente alterna). Los transformadores son dispositivos pasivos &#8211; no agregan energ\u00eda. Del transformador sale alto voltaje y baja intensidad de corriente, llevando casi la misma cantidad de energ\u00eda a lo largo de las l\u00edneas de transmisi\u00f3n que llevaban el bajo voltaje y la corriente de mayor intensidad inicial.<\/div>\n<div>\n<h5>Especificaciones:<\/h5>\n<div>\n<ul>\n<li>Entrada energ\u00eda: 110 VCA<\/li>\n<li>Salida energ\u00eda: 12 VCA<\/li>\n<li>Corriente: 1 A<\/li>\n<li>Tap central<\/li>\n<li>Correinte alterna<\/li>\n<\/ul>\n<\/div>\n<\/div>\n","protected":false},"excerpt":{"rendered":"<p style=\"text-align: justify\"><span style=\"color: #000000\">El transformador es\u00a0un <a style=\"color: #000000\" title=\"Componente electr\u00f3nico\" href=\"https:\/\/es.wikipedia.org\/wiki\/Componente_electr%C3%B3nico\">dispositivo el\u00e9ctrico<\/a> que permite aumentar o disminuir la <a style=\"color: #000000\" title=\"Tensi\u00f3n (electricidad)\" href=\"https:\/\/es.wikipedia.org\/wiki\/Tensi%C3%B3n_(electricidad)\">tensi\u00f3n<\/a> en un circuito el\u00e9ctrico de<a style=\"color: #000000\" title=\"Corriente alterna\" href=\"https:\/\/es.wikipedia.org\/wiki\/Corriente_alterna\">corriente alterna<\/a>, manteniendo la <a style=\"color: #000000\" title=\"Potencia el\u00e9ctrica\" href=\"https:\/\/es.wikipedia.org\/wiki\/Potencia_el%C3%A9ctrica\">potencia<\/a>. La <a style=\"color: #000000\" title=\"Potencia el\u00e9ctrica\" href=\"https:\/\/es.wikipedia.org\/wiki\/Potencia_el%C3%A9ctrica\">potencia<\/a> que ingresa al equipo, en el caso de un transformador ideal (esto es, sin p\u00e9rdidas), es igual a la que se obtiene a la salida. Las m\u00e1quinas reales presentan un peque\u00f1o porcentaje de p\u00e9rdidas, dependiendo de su dise\u00f1o y tama\u00f1o, entre otros factore<\/span>s.<\/p>\n","protected":false},"featured_media":167,"comment_status":"closed","ping_status":"closed","template":"","meta":{"_lmt_disableupdate":"no","_lmt_disable":""},"product_brand":[],"product_cat":[77],"product_tag":[],"class_list":{"0":"post-3688","1":"product","2":"type-product","3":"status-publish","4":"has-post-thumbnail","6":"product_cat-transformadores","8":"first","9":"instock","10":"taxable","11":"shipping-taxable","12":"purchasable","13":"product-type-simple"},"_links":{"self":[{"href":"https:\/\/itv.geekbotelectronics.com\/index.php\/wp-json\/wp\/v2\/product\/3688"}],"collection":[{"href":"https:\/\/itv.geekbotelectronics.com\/index.php\/wp-json\/wp\/v2\/product"}],"about":[{"href":"https:\/\/itv.geekbotelectronics.com\/index.php\/wp-json\/wp\/v2\/types\/product"}],"replies":[{"embeddable":true,"href":"https:\/\/itv.geekbotelectronics.com\/index.php\/wp-json\/wp\/v2\/comments?post=3688"}],"wp:featuredmedia":[{"embeddable":true,"href":"https:\/\/itv.geekbotelectronics.com\/index.php\/wp-json\/wp\/v2\/media\/167"}],"wp:attachment":[{"href":"https:\/\/itv.geekbotelectronics.com\/index.php\/wp-json\/wp\/v2\/media?parent=3688"}],"wp:term":[{"taxonomy":"product_brand","embeddable":true,"href":"https:\/\/itv.geekbotelectronics.com\/index.php\/wp-json\/wp\/v2\/product_brand?post=3688"},{"taxonomy":"product_cat","embeddable":true,"href":"https:\/\/itv.geekbotelectronics.com\/index.php\/wp-json\/wp\/v2\/product_cat?post=3688"},{"taxonomy":"product_tag","embeddable":true,"href":"https:\/\/itv.geekbotelectronics.com\/index.php\/wp-json\/wp\/v2\/product_tag?post=3688"}],"curies":[{"name":"wp","href":"https:\/\/api.w.org\/{rel}","templated":true}]}}