{"id":3696,"date":"2022-09-05T22:12:47","date_gmt":"2022-09-06T04:12:47","guid":{"rendered":"https:\/\/itv.geekbotelectronics.com\/?post_type=product&#038;p=3696"},"modified":"2025-03-27T10:12:44","modified_gmt":"2025-03-27T16:12:44","slug":"74ls193-contador-binario-sincronico-de-4-bits","status":"publish","type":"product","link":"https:\/\/itv.geekbotelectronics.com\/index.php\/product\/74ls193-contador-binario-sincronico-de-4-bits\/","title":{"rendered":"74LS193 Contador Binario Sincr\u00f3nico de 4 Bits"},"content":{"rendered":"<h4>74LS193<\/h4>\n<p>Contador binario sincr\u00f3nico de 4 bits 74LS193, conteo ascendente\/descendente (up\/down), programable, con clear. TTL<\/p>\n<p>Un contador es un <a class=\"mw-redirect\" style=\"color: #000000\" title=\"Circuito secuencial\" href=\"https:\/\/es.wikipedia.org\/wiki\/Circuito_secuencial\">circuito secuencial<\/a> construido a partir de <a style=\"color: #000000\" title=\"Biestable\" href=\"https:\/\/es.wikipedia.org\/wiki\/Biestable\">biestable<\/a> y <a style=\"color: #000000\" title=\"Puerta l\u00f3gica\" href=\"https:\/\/es.wikipedia.org\/wiki\/Puerta_l%C3%B3gica\">puertas l\u00f3gicas<\/a> capaz de almacenar y contar los <a class=\"mw-redirect\" style=\"color: #000000\" title=\"Impulso el\u00e9ctrico\" href=\"https:\/\/es.wikipedia.org\/wiki\/Impulso_el%C3%A9ctrico\">impulsos<\/a> (a menudo relacionados con una se\u00f1al de reloj), que recibe en la <a style=\"color: #000000\" title=\"Entrada\" href=\"https:\/\/es.wikipedia.org\/wiki\/Entrada\">entrada<\/a> destinada a tal efecto, asimismo tambi\u00e9n act\u00faa como divisor de frecuencia. Normalmente, el c\u00f3mputo se realiza en <a style=\"color: #000000\" title=\"C\u00f3digo binario\" href=\"https:\/\/es.wikipedia.org\/wiki\/C%C3%B3digo_binario\">c\u00f3digo binario<\/a>, que con frecuencia ser\u00e1 el <a class=\"mw-redirect\" style=\"color: #000000\" title=\"Binario\" href=\"https:\/\/es.wikipedia.org\/wiki\/Binario\">binario natural<\/a> o el <a class=\"mw-redirect\" style=\"color: #000000\" title=\"BCD\" href=\"https:\/\/es.wikipedia.org\/wiki\/BCD\">BCD natural<\/a> (contador de d\u00e9cadas).<\/p>\n<p><strong>Caracter\u00edsticas:<\/strong><\/p>\n<ul>\n<li>Contador binario sincr\u00f3nico de 4 bits<\/li>\n<li>Conteo reversible (ascendente\/descendente &#8211; up\/down)<\/li>\n<li>Puede ser programado \u00f3 precargado (preset). Esta funci\u00f3n tambi\u00e9n permite utilizar el contador como divisor por m\u00f3dulo-N<\/li>\n<li>Entrada de clear independiente<\/li>\n<li>Conteo por flanco de subida<\/li>\n<li>M\u00faltiples unidades pueden ser conectadas en cascada f\u00e1cilmente<\/li>\n<li>Tecnolog\u00eda: TTL Low Schottky (LS)<\/li>\n<li>Voltaje de alimentaci\u00f3n: 4.75 V a 5.25 V<\/li>\n<li>Encapsulado: PDIP\u00a016 pines<\/li>\n<\/ul>\n","protected":false},"excerpt":{"rendered":"<p>74LS193 Contador binario sincr\u00f3nico de 4 bits 74LS193, conteo ascendente\/descendente (up\/down), programable, con clear. TTL Un contador es un circuito secuencial construido a partir de biestable y puertas l\u00f3gicas capaz de almacenar y contar los impulsos (a menudo relacionados con una se\u00f1al de reloj), que recibe en la entrada destinada a tal efecto, asimismo tambi\u00e9n [&hellip;]<\/p>\n","protected":false},"featured_media":1387,"comment_status":"closed","ping_status":"closed","template":"","meta":{"_lmt_disableupdate":"no","_lmt_disable":""},"product_brand":[],"product_cat":[100],"product_tag":[],"class_list":{"0":"post-3696","1":"product","2":"type-product","3":"status-publish","4":"has-post-thumbnail","6":"product_cat-contadores","8":"first","9":"instock","10":"taxable","11":"shipping-taxable","12":"purchasable","13":"product-type-simple"},"_links":{"self":[{"href":"https:\/\/itv.geekbotelectronics.com\/index.php\/wp-json\/wp\/v2\/product\/3696"}],"collection":[{"href":"https:\/\/itv.geekbotelectronics.com\/index.php\/wp-json\/wp\/v2\/product"}],"about":[{"href":"https:\/\/itv.geekbotelectronics.com\/index.php\/wp-json\/wp\/v2\/types\/product"}],"replies":[{"embeddable":true,"href":"https:\/\/itv.geekbotelectronics.com\/index.php\/wp-json\/wp\/v2\/comments?post=3696"}],"wp:featuredmedia":[{"embeddable":true,"href":"https:\/\/itv.geekbotelectronics.com\/index.php\/wp-json\/wp\/v2\/media\/1387"}],"wp:attachment":[{"href":"https:\/\/itv.geekbotelectronics.com\/index.php\/wp-json\/wp\/v2\/media?parent=3696"}],"wp:term":[{"taxonomy":"product_brand","embeddable":true,"href":"https:\/\/itv.geekbotelectronics.com\/index.php\/wp-json\/wp\/v2\/product_brand?post=3696"},{"taxonomy":"product_cat","embeddable":true,"href":"https:\/\/itv.geekbotelectronics.com\/index.php\/wp-json\/wp\/v2\/product_cat?post=3696"},{"taxonomy":"product_tag","embeddable":true,"href":"https:\/\/itv.geekbotelectronics.com\/index.php\/wp-json\/wp\/v2\/product_tag?post=3696"}],"curies":[{"name":"wp","href":"https:\/\/api.w.org\/{rel}","templated":true}]}}