{"id":3697,"date":"2022-09-05T22:12:47","date_gmt":"2022-09-06T04:12:47","guid":{"rendered":"https:\/\/itv.geekbotelectronics.com\/?post_type=product&#038;p=3697"},"modified":"2025-07-07T15:40:43","modified_gmt":"2025-07-07T21:40:43","slug":"74ls126-buffer-cuadruple-3-estados","status":"publish","type":"product","link":"https:\/\/itv.geekbotelectronics.com\/index.php\/product\/74ls126-buffer-cuadruple-3-estados\/","title":{"rendered":"74LS126 Buffer Cu\u00e1druple 3 Estados"},"content":{"rendered":"<h4><span style=\"color: #000000\">74LS126<\/span><\/h4>\n<p><span style=\"color: #000000\">El circuito integrado 74126 o subfamilia (74LS126, 74F126, 74S126, 74HCT126,..) contiene cuatro puertas independientes tipo buffer. Las salidas tienen la funci\u00f3n de 3 estados y el buffer tiene como caracter\u00edsticas mas significativas de que no es inversor y en el modelo 74LS126 el tiempo de propagaci\u00f3n de la se\u00f1al es de unos 20 ns y la intensidad m\u00e1xima de las salidas es de 24 mA a nivel bajo.<\/span><\/p>\n<p><span style=\"color: #000000\">En este buffer para reducir al m\u00ednimo la posibilidad de que dos salidas intentar\u00e1n tomar un bus com\u00fan a niveles l\u00f3gicos opuestos, el tiempo de desactivaci\u00f3n es m\u00e1s corto que el de activaci\u00f3n de las salidas.<\/span><\/p>\n<p><span style=\"color: #000000\">Cuando la entrada de habilitaci\u00f3n EN esta desactivada (nivel bajo) la salida la tendremos en alta impedancia, como si no estuviera conectada al circuito. Cuando esta en nivel alto el nivel l\u00f3gico que tengamos en la entrada A pasara a la salida Y, en niveles altos no es necesario colocar una <a style=\"color: #000000\" title=\"Como funciona la resistencia de Pull Up\" href=\"http:\/\/electronica-teoriaypractica.com\/como-funciona-la-resistencia-de-pull-up\/\">resistencia de Pull Up<\/a>.<\/span><\/p>\n<p><span style=\"color: #000000\">Este circuito es equivalente al <a style=\"color: #000000\" title=\"CIRCUITO 74125 TTL\" href=\"http:\/\/electronica-teoriaypractica.com\/circuito-74125-ttl\/\">74125<\/a> salvo que la entrada de habilitaci\u00f3n EN esta invertida.<\/span><\/p>\n<p><span style=\"color: #000000\"><strong>Caracter\u00edsticas:<\/strong>\u00a0<\/span><\/p>\n<ul>\n<li><span style=\"color: #000000\">4 buffers no inversores<\/span><\/li>\n<li><span style=\"color: #000000\">Salidas tri-estado<\/span><\/li>\n<li><span style=\"color: #000000\">Habilitadores no invertidos<\/span><\/li>\n<li><span style=\"color: #000000\">Fan out: 15 cargas LS-TTL<\/span><\/li>\n<li><span style=\"color: #000000\">Tecnolog\u00eda:\u00a0TTL<\/span><\/li>\n<li><span style=\"color: #000000\">Muy bajo consumo de potencia, similar a los C.I. CMOS est\u00e1ndar<\/span><\/li>\n<li><span style=\"color: #000000\">Consumo de corriente bajo: 80 \u03bcA max.<\/span><\/li>\n<li><span style=\"color: #000000\">Velocidades similares a la familia LS-TTL<\/span><\/li>\n<li><span style=\"color: #000000\">Tiempo de propagaci\u00f3n: 11 ns t\u00edpico<\/span><\/li>\n<li><span style=\"color: #000000\">Voltaje de alimentaci\u00f3n:\u00a02 V a 6 V<\/span><\/li>\n<li><span style=\"color: #000000\">Encapsulado: PDIP\u00a014 pines<\/span><\/li>\n<\/ul>\n","protected":false},"excerpt":{"rendered":"<p>74LS126 El circuito integrado 74126 o subfamilia (74LS126, 74F126, 74S126, 74HCT126,..) contiene cuatro puertas independientes tipo buffer. Las salidas tienen la funci\u00f3n de 3 estados y el buffer tiene como caracter\u00edsticas mas significativas de que no es inversor y en el modelo 74LS126 el tiempo de propagaci\u00f3n de la se\u00f1al es de unos 20 ns [&hellip;]<\/p>\n","protected":false},"featured_media":1388,"comment_status":"closed","ping_status":"closed","template":"","meta":{"_lmt_disableupdate":"no","_lmt_disable":""},"product_brand":[],"product_cat":[44],"product_tag":[],"class_list":{"0":"post-3697","1":"product","2":"type-product","3":"status-publish","4":"has-post-thumbnail","6":"product_cat-circuitos-integrados","8":"first","9":"instock","10":"taxable","11":"shipping-taxable","12":"purchasable","13":"product-type-simple"},"_links":{"self":[{"href":"https:\/\/itv.geekbotelectronics.com\/index.php\/wp-json\/wp\/v2\/product\/3697"}],"collection":[{"href":"https:\/\/itv.geekbotelectronics.com\/index.php\/wp-json\/wp\/v2\/product"}],"about":[{"href":"https:\/\/itv.geekbotelectronics.com\/index.php\/wp-json\/wp\/v2\/types\/product"}],"replies":[{"embeddable":true,"href":"https:\/\/itv.geekbotelectronics.com\/index.php\/wp-json\/wp\/v2\/comments?post=3697"}],"wp:featuredmedia":[{"embeddable":true,"href":"https:\/\/itv.geekbotelectronics.com\/index.php\/wp-json\/wp\/v2\/media\/1388"}],"wp:attachment":[{"href":"https:\/\/itv.geekbotelectronics.com\/index.php\/wp-json\/wp\/v2\/media?parent=3697"}],"wp:term":[{"taxonomy":"product_brand","embeddable":true,"href":"https:\/\/itv.geekbotelectronics.com\/index.php\/wp-json\/wp\/v2\/product_brand?post=3697"},{"taxonomy":"product_cat","embeddable":true,"href":"https:\/\/itv.geekbotelectronics.com\/index.php\/wp-json\/wp\/v2\/product_cat?post=3697"},{"taxonomy":"product_tag","embeddable":true,"href":"https:\/\/itv.geekbotelectronics.com\/index.php\/wp-json\/wp\/v2\/product_tag?post=3697"}],"curies":[{"name":"wp","href":"https:\/\/api.w.org\/{rel}","templated":true}]}}