{"id":3698,"date":"2022-09-05T22:12:47","date_gmt":"2022-09-06T04:12:47","guid":{"rendered":"https:\/\/itv.geekbotelectronics.com\/?post_type=product&#038;p=3698"},"modified":"2025-10-07T16:18:45","modified_gmt":"2025-10-07T22:18:45","slug":"driver-lm3915","status":"publish","type":"product","link":"https:\/\/itv.geekbotelectronics.com\/index.php\/product\/driver-lm3915\/","title":{"rendered":"Driver LM3915"},"content":{"rendered":"<h4>LM3915<\/h4>\n<p>Circuito Integrado LM3915. Manejador de display para barra de led.\u00a0Medidor de voltajes an\u00e1logos y driver de diez LED&#8217;s individuales o de displays a LED, LCD o fluorescente, visualizaci\u00f3n modo barra o modo punto, lo que provee un indicador lineal an\u00e1logo.<\/p>\n<p><strong>Caracter\u00edsticas:<\/strong><\/p>\n<ul>\n<li>Maneja hasta 10 LEDs individuales o de displays a LED, LCD, fluorescente o l\u00e1mparas incandescentes de baja corriente<\/li>\n<li>Expandible a displays de hasta 100 pasos<\/li>\n<li>Visualizaci\u00f3n en modo barra (todos los LEDs hacia atras encendidos) o modo punto (un solo LED encendido)<\/li>\n<li>Divisor intermo de 10 pasos en punto flotante que puede ser referenciado sobre un amplio rango de voltajes<\/li>\n<li>Referencia de voltaje interna de 1.2 V a 12 V<\/li>\n<li>Salidas reguladas en corriente y de colector abierto<\/li>\n<li>Las salidas pueden conectarse a TTL o CMOS<\/li>\n<li>Corriente de salida programable de 2 mA a 30 mA, lo que elimina la necesidad de resistores<\/li>\n<li>Las entradas soportan hasta \u00b135 V sin da\u00f1os o sin activar falsamente una salida<\/li>\n<li>Disipasi\u00f3n max. del encapsulado: 1365 mW<\/li>\n<li>Voltaje de alimentaci\u00f3n: 3 V a 25 V<\/li>\n<li>Encapsulado: DIP 18 pines<\/li>\n<\/ul>\n","protected":false},"excerpt":{"rendered":"<p>LM3915 Circuito Integrado LM3915. Manejador de display para barra de led.\u00a0Medidor de voltajes an\u00e1logos y driver de diez LED&#8217;s individuales o de displays a LED, LCD o fluorescente, visualizaci\u00f3n modo barra o modo punto, lo que provee un indicador lineal an\u00e1logo. Caracter\u00edsticas: Maneja hasta 10 LEDs individuales o de displays a LED, LCD, fluorescente o [&hellip;]<\/p>\n","protected":false},"featured_media":1389,"comment_status":"closed","ping_status":"closed","template":"","meta":{"_lmt_disableupdate":"","_lmt_disable":""},"product_brand":[],"product_cat":[44],"product_tag":[],"class_list":{"0":"post-3698","1":"product","2":"type-product","3":"status-publish","4":"has-post-thumbnail","6":"product_cat-circuitos-integrados","8":"first","9":"instock","10":"taxable","11":"shipping-taxable","12":"purchasable","13":"product-type-simple"},"_links":{"self":[{"href":"https:\/\/itv.geekbotelectronics.com\/index.php\/wp-json\/wp\/v2\/product\/3698"}],"collection":[{"href":"https:\/\/itv.geekbotelectronics.com\/index.php\/wp-json\/wp\/v2\/product"}],"about":[{"href":"https:\/\/itv.geekbotelectronics.com\/index.php\/wp-json\/wp\/v2\/types\/product"}],"replies":[{"embeddable":true,"href":"https:\/\/itv.geekbotelectronics.com\/index.php\/wp-json\/wp\/v2\/comments?post=3698"}],"wp:featuredmedia":[{"embeddable":true,"href":"https:\/\/itv.geekbotelectronics.com\/index.php\/wp-json\/wp\/v2\/media\/1389"}],"wp:attachment":[{"href":"https:\/\/itv.geekbotelectronics.com\/index.php\/wp-json\/wp\/v2\/media?parent=3698"}],"wp:term":[{"taxonomy":"product_brand","embeddable":true,"href":"https:\/\/itv.geekbotelectronics.com\/index.php\/wp-json\/wp\/v2\/product_brand?post=3698"},{"taxonomy":"product_cat","embeddable":true,"href":"https:\/\/itv.geekbotelectronics.com\/index.php\/wp-json\/wp\/v2\/product_cat?post=3698"},{"taxonomy":"product_tag","embeddable":true,"href":"https:\/\/itv.geekbotelectronics.com\/index.php\/wp-json\/wp\/v2\/product_tag?post=3698"}],"curies":[{"name":"wp","href":"https:\/\/api.w.org\/{rel}","templated":true}]}}