{"id":3700,"date":"2022-09-05T22:12:48","date_gmt":"2022-09-06T04:12:48","guid":{"rendered":"https:\/\/itv.geekbotelectronics.com\/?post_type=product&#038;p=3700"},"modified":"2024-04-10T09:57:05","modified_gmt":"2024-04-10T15:57:05","slug":"eeprom-24c02","status":"publish","type":"product","link":"https:\/\/itv.geekbotelectronics.com\/index.php\/product\/eeprom-24c02\/","title":{"rendered":"EEPROM 24C02"},"content":{"rendered":"<h4><span style=\"color: #000000\">24C02<\/span><\/h4>\n<p><span style=\"color: #000000\">Circuito integrado 24C02. Memoria \u00a0EEPROM serial.<\/span><\/p>\n<p><span style=\"color: #000000\">La memoria EEPROM\u00a0es un tipo de <a style=\"color: #000000\" title=\"Memoria (inform\u00e1tica)\" href=\"https:\/\/es.wikipedia.org\/wiki\/Memoria_(inform%C3%A1tica)\">memoria<\/a> <a class=\"mw-redirect\" style=\"color: #000000\" title=\"ROM\" href=\"https:\/\/es.wikipedia.org\/wiki\/ROM\">ROM<\/a> que puede ser programada, borrada y reprogramada el\u00e9ctricamente, a diferencia de la <a class=\"mw-redirect\" style=\"color: #000000\" title=\"EPROM\" href=\"https:\/\/es.wikipedia.org\/wiki\/EPROM\">EPROM<\/a> que ha de borrarse mediante un aparato que emite <a style=\"color: #000000\" title=\"Radiaci\u00f3n ultravioleta\" href=\"https:\/\/es.wikipedia.org\/wiki\/Radiaci%C3%B3n_ultravioleta\">rayos ultravioleta<\/a>. Son memorias\u00a0<a style=\"color: #000000\" title=\"Memoria no vol\u00e1til\" href=\"https:\/\/es.wikipedia.org\/wiki\/Memoria_no_vol%C3%A1til\">no vol\u00e1tiles<\/a>.<\/span><\/p>\n<p><span style=\"color: #000000\">Las <a style=\"color: #000000\" title=\"Celda de memoria\" href=\"https:\/\/es.wikipedia.org\/wiki\/Celda_de_memoria\">celdas de memoria<\/a> de una EEPROM est\u00e1n constituidas por un <a style=\"color: #000000\" title=\"Transistor\" href=\"https:\/\/es.wikipedia.org\/wiki\/Transistor\">transistor<\/a> <a class=\"mw-redirect\" style=\"color: #000000\" title=\"MOS\" href=\"https:\/\/es.wikipedia.org\/wiki\/MOS\">MOS<\/a>, que tiene una compuerta flotante (estructura <a style=\"color: #000000\" title=\"Memoria reprogramable\" href=\"https:\/\/es.wikipedia.org\/wiki\/Memoria_reprogramable\">SAMOS<\/a>), su estado normal est\u00e1 cortado y la salida proporciona un 1 l\u00f3gico.\u00a0Aunque una EEPROM puede ser le\u00edda un n\u00famero ilimitado de veces, s\u00f3lo puede ser borrada y reprogramada entre 100.000 y un mill\u00f3n de veces.<\/span><\/p>\n<p><span style=\"color: #000000\">Estos dispositivos suelen comunicarse mediante protocolos como <a style=\"color: #000000\" title=\"I\u00b2C\" href=\"https:\/\/es.wikipedia.org\/wiki\/I%C2%B2C\">I\u00b2C<\/a>, <a style=\"color: #000000\" title=\"Serial Peripheral Interface\" href=\"https:\/\/es.wikipedia.org\/wiki\/Serial_Peripheral_Interface\">SPI<\/a> y <a style=\"color: #000000\" title=\"Microwire\" href=\"https:\/\/es.wikipedia.org\/wiki\/Microwire\">Microwire<\/a>. En otras ocasiones, se integra dentro de <a class=\"mw-redirect\" style=\"color: #000000\" title=\"Chip\" href=\"https:\/\/es.wikipedia.org\/wiki\/Chip\">chips<\/a> como <a style=\"color: #000000\" title=\"Microcontrolador\" href=\"https:\/\/es.wikipedia.org\/wiki\/Microcontrolador\">microcontroladores<\/a> y <a class=\"mw-redirect\" style=\"color: #000000\" title=\"Procesador digital de se\u00f1al\" href=\"https:\/\/es.wikipedia.org\/wiki\/Procesador_digital_de_se%C3%B1al\">DSPs<\/a> para lograr una mayor rapidez.<\/span><\/p>\n<p><span style=\"color: #000000\"><strong>Especificaciones<\/strong><\/span><\/p>\n<div>\n<ul>\n<li><span style=\"color: #000000\">IC, EEPROM, 2Kbit, SERIE, 400KHZ, DIP-8<\/span><\/li>\n<li><span style=\"color: #000000\">Tama\u00f1o de la memoria: 2 Kbit<\/span><\/li>\n<li><span style=\"color: #000000\">Configuraci\u00f3n de la memoria: 256 x 8<\/span><\/li>\n<li><span style=\"color: #000000\">Frecuencia de reloj: 400 kHz<\/span><\/li>\n<li><span style=\"color: #000000\">Rango de voltaje: 1.8 V a 5.5 V\u00a0<\/span><\/li>\n<li><span style=\"color: #000000\">Encapsulado DIP<\/span><\/li>\n<li><span style=\"color: #000000\">8 pines<\/span><\/li>\n<\/ul>\n<\/div>\n","protected":false},"excerpt":{"rendered":"<p>24C02 Circuito integrado 24C02. Memoria \u00a0EEPROM serial. La memoria EEPROM\u00a0es un tipo de memoria ROM que puede ser programada, borrada y reprogramada el\u00e9ctricamente, a diferencia de la EPROM que ha de borrarse mediante un aparato que emite rayos ultravioleta. Son memorias\u00a0no vol\u00e1tiles. Las celdas de memoria de una EEPROM est\u00e1n constituidas por un transistor MOS, [&hellip;]<\/p>\n","protected":false},"featured_media":1391,"comment_status":"closed","ping_status":"closed","template":"","meta":{"_lmt_disableupdate":"","_lmt_disable":""},"product_brand":[],"product_cat":[44],"product_tag":[],"class_list":{"0":"post-3700","1":"product","2":"type-product","3":"status-publish","4":"has-post-thumbnail","6":"product_cat-circuitos-integrados","8":"first","9":"instock","10":"taxable","11":"shipping-taxable","12":"purchasable","13":"product-type-simple"},"_links":{"self":[{"href":"https:\/\/itv.geekbotelectronics.com\/index.php\/wp-json\/wp\/v2\/product\/3700"}],"collection":[{"href":"https:\/\/itv.geekbotelectronics.com\/index.php\/wp-json\/wp\/v2\/product"}],"about":[{"href":"https:\/\/itv.geekbotelectronics.com\/index.php\/wp-json\/wp\/v2\/types\/product"}],"replies":[{"embeddable":true,"href":"https:\/\/itv.geekbotelectronics.com\/index.php\/wp-json\/wp\/v2\/comments?post=3700"}],"wp:featuredmedia":[{"embeddable":true,"href":"https:\/\/itv.geekbotelectronics.com\/index.php\/wp-json\/wp\/v2\/media\/1391"}],"wp:attachment":[{"href":"https:\/\/itv.geekbotelectronics.com\/index.php\/wp-json\/wp\/v2\/media?parent=3700"}],"wp:term":[{"taxonomy":"product_brand","embeddable":true,"href":"https:\/\/itv.geekbotelectronics.com\/index.php\/wp-json\/wp\/v2\/product_brand?post=3700"},{"taxonomy":"product_cat","embeddable":true,"href":"https:\/\/itv.geekbotelectronics.com\/index.php\/wp-json\/wp\/v2\/product_cat?post=3700"},{"taxonomy":"product_tag","embeddable":true,"href":"https:\/\/itv.geekbotelectronics.com\/index.php\/wp-json\/wp\/v2\/product_tag?post=3700"}],"curies":[{"name":"wp","href":"https:\/\/api.w.org\/{rel}","templated":true}]}}