{"id":3701,"date":"2022-09-05T22:12:48","date_gmt":"2022-09-06T04:12:48","guid":{"rendered":"https:\/\/itv.geekbotelectronics.com\/?post_type=product&#038;p=3701"},"modified":"2025-11-07T13:22:47","modified_gmt":"2025-11-07T19:22:47","slug":"74ls90-contador-de-decadas","status":"publish","type":"product","link":"https:\/\/itv.geekbotelectronics.com\/index.php\/product\/74ls90-contador-de-decadas\/","title":{"rendered":"74LS90 Contador de D\u00e9cadas"},"content":{"rendered":"<h4><span style=\"color: #000000\">74LS90<\/span><\/h4>\n<p><span style=\"color: #000000\">Contador\u00a0por d\u00e9cadas y binario 74LS90. Puede contar en binario del 0 al 9 (BCD) y en biquinario. TTL<\/span><\/p>\n<div align=\"justify\"><span id=\"result_box\" class=\"\" lang=\"es\" style=\"color: #000000\"><span title=\"Industrial\">Este circuito integrado consta de 2 contadores independientes uno de 1 bit y otro de 3 bits, utilizando los dos contadores internos podemos hacer que cuente de 0 a 9 aunque configurando los pines 2,3,6 y 7 con las salidas podemos hacer que no solo cuente en sistema decimal.<\/span><\/span><\/div>\n<div align=\"justify\"><span style=\"color: #000000\">En <a style=\"color: #000000\" title=\"Electr\u00f3nica\" href=\"https:\/\/es.wikipedia.org\/wiki\/Electr%C3%B3nica\">electr\u00f3nica<\/a> digital, un contador es un <a class=\"mw-redirect\" style=\"color: #000000\" title=\"Circuito secuencial\" href=\"https:\/\/es.wikipedia.org\/wiki\/Circuito_secuencial\">circuito secuencial<\/a> construido a partir de <a style=\"color: #000000\" title=\"Biestable\" href=\"https:\/\/es.wikipedia.org\/wiki\/Biestable\">biestable<\/a> y <a style=\"color: #000000\" title=\"Puerta l\u00f3gica\" href=\"https:\/\/es.wikipedia.org\/wiki\/Puerta_l%C3%B3gica\">puertas l\u00f3gicas<\/a> capaz de almacenar y contar los <a class=\"mw-redirect\" style=\"color: #000000\" title=\"Impulso el\u00e9ctrico\" href=\"https:\/\/es.wikipedia.org\/wiki\/Impulso_el%C3%A9ctrico\">impulsos<\/a> (a menudo relacionados con una se\u00f1al de reloj), que recibe en la <a style=\"color: #000000\" title=\"Entrada\" href=\"https:\/\/es.wikipedia.org\/wiki\/Entrada\">entrada<\/a> destinada a tal efecto, asimismo tambi\u00e9n act\u00faa como divisor de frecuencia. Normalmente, el c\u00f3mputo se realiza en <a style=\"color: #000000\" title=\"C\u00f3digo binario\" href=\"https:\/\/es.wikipedia.org\/wiki\/C%C3%B3digo_binario\">c\u00f3digo binario<\/a>, que con frecuencia ser\u00e1 el <a class=\"mw-redirect\" style=\"color: #000000\" title=\"Binario\" href=\"https:\/\/es.wikipedia.org\/wiki\/Binario\">binario natural<\/a> o el <a class=\"mw-redirect\" style=\"color: #000000\" title=\"BCD\" href=\"https:\/\/es.wikipedia.org\/wiki\/BCD\">BCD natural<\/a> (contador de d\u00e9cadas).<\/span><\/div>\n<div align=\"justify\"><\/div>\n<p><span style=\"color: #000000\"><strong>Especificaciones<\/strong><\/span><\/p>\n<ul>\n<li><span id=\"result_box\" style=\"color: #000000\">Contador Tipo: Decenio<\/span><\/li>\n<li><span id=\"result_box\" style=\"color: #000000\">Frecuencia de reloj: 42 MHz<\/span><\/li>\n<li><span id=\"result_box\" style=\"color: #000000\">El n\u00famero m\u00e1ximo: 9<\/span><\/li>\n<li><span style=\"color: #000000\"><span id=\"result_box\">Voltaje: 4.75 a 5.25 V<\/span><span id=\"result_box\"><\/span><\/span><\/li>\n<li><span id=\"result_box\" style=\"color: #000000\">Temperatura de funcionamiento: 0 \u00b0 C a +70 \u00b0 C<\/span><\/li>\n<li><span id=\"result_box\" style=\"color: #000000\">Tipo de familia: LS<\/span><\/li>\n<li><span id=\"result_box\" class=\"\" lang=\"es\" style=\"color: #000000\"><span title=\". \u00a0\u00a0\u00a0\u00a0\">\u00a0<\/span><span title=\"TTL input compatible \u00a0\u00a0\u00a0\u00a0\">Entrada TTL compatibles<\/span><\/span><\/li>\n<li><span id=\"result_box\" class=\"\" lang=\"es\" style=\"color: #000000\"><span title=\"TTL input compatible \u00a0\u00a0\u00a0\u00a0\">S<\/span><span title=\"CMOS output \">alida CMOS<\/span><\/span><\/li>\n<li><span style=\"color: #000000\">Encapsulado DIP<\/span><\/li>\n<li><span style=\"color: #000000\">14 pines<\/span><\/li>\n<\/ul>\n","protected":false},"excerpt":{"rendered":"<p>74LS90 Contador\u00a0por d\u00e9cadas y binario 74LS90. Puede contar en binario del 0 al 9 (BCD) y en biquinario. TTL Este circuito integrado consta de 2 contadores independientes uno de 1 bit y otro de 3 bits, utilizando los dos contadores internos podemos hacer que cuente de 0 a 9 aunque configurando los pines 2,3,6 y [&hellip;]<\/p>\n","protected":false},"featured_media":1392,"comment_status":"closed","ping_status":"closed","template":"","meta":{"_lmt_disableupdate":"no","_lmt_disable":""},"product_brand":[],"product_cat":[100],"product_tag":[],"class_list":{"0":"post-3701","1":"product","2":"type-product","3":"status-publish","4":"has-post-thumbnail","6":"product_cat-contadores","8":"first","9":"instock","10":"taxable","11":"shipping-taxable","12":"purchasable","13":"product-type-simple"},"_links":{"self":[{"href":"https:\/\/itv.geekbotelectronics.com\/index.php\/wp-json\/wp\/v2\/product\/3701"}],"collection":[{"href":"https:\/\/itv.geekbotelectronics.com\/index.php\/wp-json\/wp\/v2\/product"}],"about":[{"href":"https:\/\/itv.geekbotelectronics.com\/index.php\/wp-json\/wp\/v2\/types\/product"}],"replies":[{"embeddable":true,"href":"https:\/\/itv.geekbotelectronics.com\/index.php\/wp-json\/wp\/v2\/comments?post=3701"}],"wp:featuredmedia":[{"embeddable":true,"href":"https:\/\/itv.geekbotelectronics.com\/index.php\/wp-json\/wp\/v2\/media\/1392"}],"wp:attachment":[{"href":"https:\/\/itv.geekbotelectronics.com\/index.php\/wp-json\/wp\/v2\/media?parent=3701"}],"wp:term":[{"taxonomy":"product_brand","embeddable":true,"href":"https:\/\/itv.geekbotelectronics.com\/index.php\/wp-json\/wp\/v2\/product_brand?post=3701"},{"taxonomy":"product_cat","embeddable":true,"href":"https:\/\/itv.geekbotelectronics.com\/index.php\/wp-json\/wp\/v2\/product_cat?post=3701"},{"taxonomy":"product_tag","embeddable":true,"href":"https:\/\/itv.geekbotelectronics.com\/index.php\/wp-json\/wp\/v2\/product_tag?post=3701"}],"curies":[{"name":"wp","href":"https:\/\/api.w.org\/{rel}","templated":true}]}}