{"id":3707,"date":"2022-09-05T22:12:48","date_gmt":"2022-09-06T04:12:48","guid":{"rendered":"https:\/\/itv.geekbotelectronics.com\/?post_type=product&#038;p=3707"},"modified":"2025-02-28T14:02:28","modified_gmt":"2025-02-28T20:02:28","slug":"pinza-vetus-para-smd-angulo","status":"publish","type":"product","link":"https:\/\/itv.geekbotelectronics.com\/index.php\/product\/pinza-vetus-para-smd-angulo\/","title":{"rendered":"Pinza Vetus para SMD \u00c1ngulo"},"content":{"rendered":"<p>&#8216;- Marca: VETUS<br \/>\n&#8211; Modelo: ESD-15<br \/>\n&#8211; Cantidad: 1<br \/>\n-Color: negro<br \/>\n&#8211; Material: acero inoxidable<br \/>\n&#8211; Tipo: Pinzas<br \/>\n&#8211; Tama\u00f1o: 12,2 x 1 x 0.3cm<br \/>\n&#8211; Multa punta curado<br \/>\n&#8211; Anti-est\u00e1tica<br \/>\n&#8211; Ideal para uso de la industria de componentes electr\u00f3nicos<\/p>\n<p>dimensiones: 4.80 in x 0.39 in x 0.12 in (12.2 cm x 1.0 cm x 0.3 cm)<br \/>\nPeso: 0,56 oz (16 g)<\/p>\n","protected":false},"excerpt":{"rendered":"<p>&#8216;- Marca: VETUS &#8211; Modelo: ESD-15 &#8211; Cantidad: 1 -Color: negro &#8211; Material: acero inoxidable &#8211; Tipo: Pinzas &#8211; Tama\u00f1o: 12,2 x 1 x 0.3cm &#8211; Multa punta curado &#8211; Anti-est\u00e1tica &#8211; Ideal para uso de la industria de componentes electr\u00f3nicos dimensiones: 4.80 in x 0.39 in x 0.12 in (12.2 cm x 1.0 cm [&hellip;]<\/p>\n","protected":false},"featured_media":1398,"comment_status":"open","ping_status":"closed","template":"","meta":{"_lmt_disableupdate":"no","_lmt_disable":""},"product_brand":[],"product_cat":[161],"product_tag":[184],"class_list":{"0":"post-3707","1":"product","2":"type-product","3":"status-publish","4":"has-post-thumbnail","6":"product_cat-pinzas","7":"product_tag-esd-15","9":"first","10":"outofstock","11":"taxable","12":"shipping-taxable","13":"purchasable","14":"product-type-simple"},"_links":{"self":[{"href":"https:\/\/itv.geekbotelectronics.com\/index.php\/wp-json\/wp\/v2\/product\/3707"}],"collection":[{"href":"https:\/\/itv.geekbotelectronics.com\/index.php\/wp-json\/wp\/v2\/product"}],"about":[{"href":"https:\/\/itv.geekbotelectronics.com\/index.php\/wp-json\/wp\/v2\/types\/product"}],"replies":[{"embeddable":true,"href":"https:\/\/itv.geekbotelectronics.com\/index.php\/wp-json\/wp\/v2\/comments?post=3707"}],"wp:featuredmedia":[{"embeddable":true,"href":"https:\/\/itv.geekbotelectronics.com\/index.php\/wp-json\/wp\/v2\/media\/1398"}],"wp:attachment":[{"href":"https:\/\/itv.geekbotelectronics.com\/index.php\/wp-json\/wp\/v2\/media?parent=3707"}],"wp:term":[{"taxonomy":"product_brand","embeddable":true,"href":"https:\/\/itv.geekbotelectronics.com\/index.php\/wp-json\/wp\/v2\/product_brand?post=3707"},{"taxonomy":"product_cat","embeddable":true,"href":"https:\/\/itv.geekbotelectronics.com\/index.php\/wp-json\/wp\/v2\/product_cat?post=3707"},{"taxonomy":"product_tag","embeddable":true,"href":"https:\/\/itv.geekbotelectronics.com\/index.php\/wp-json\/wp\/v2\/product_tag?post=3707"}],"curies":[{"name":"wp","href":"https:\/\/api.w.org\/{rel}","templated":true}]}}