{"id":3712,"date":"2022-09-05T22:12:48","date_gmt":"2022-09-06T04:12:48","guid":{"rendered":"https:\/\/itv.geekbotelectronics.com\/?post_type=product&#038;p=3712"},"modified":"2023-10-31T14:00:46","modified_gmt":"2023-10-31T20:00:46","slug":"terminal-block-3-tornillos-3-5mm","status":"publish","type":"product","link":"https:\/\/itv.geekbotelectronics.com\/index.php\/product\/terminal-block-3-tornillos-3-5mm\/","title":{"rendered":"Terminal Block 3 Tornillos 3.5mm"},"content":{"rendered":"<h4>Terminal Block<\/h4>\n<div>Terminal block doble con opresores para sujetar cable por medio de tornillos. Cuenta con gu\u00edas para empotrarse con terminales similares a ellas \u00fatil para hacer conexiones el\u00e9ctricas y\/o electr\u00f3nicas en protoboard o chasis.<\/div>\n<div><\/div>\n<div>\n<p><strong>Especificaciones<\/strong><\/p>\n<ul>\n<li>N\u00famero de tornillos:3<\/li>\n<li>Con guia<\/li>\n<li>Para protoboard o chasis<\/li>\n<li>Color: Verde<\/li>\n<li>Voltaje: 300 V<\/li>\n<li>Corriente: 16 A<\/li>\n<li>Para cable calibre: 16 AWG<\/li>\n<li>Tornillo philips<\/li>\n<li>Dimensiones del pin:<\/li>\n<li>Largo :\u00a00.35 cm<\/li>\n<li>Di\u00e1metro: 0.08 cm<\/li>\n<li>Dimensiones de terminal: 1.5 cm X 0.84 cm X 0.68 cm<\/li>\n<\/ul>\n<\/div>\n","protected":false},"excerpt":{"rendered":"<p>Terminal Block Terminal block doble con opresores para sujetar cable por medio de tornillos. Cuenta con gu\u00edas para empotrarse con terminales similares a ellas \u00fatil para hacer conexiones el\u00e9ctricas y\/o electr\u00f3nicas en protoboard o chasis. Especificaciones N\u00famero de tornillos:3 Con guia Para protoboard o chasis Color: Verde Voltaje: 300 V Corriente: 16 A Para cable [&hellip;]<\/p>\n","protected":false},"featured_media":1403,"comment_status":"closed","ping_status":"closed","template":"","meta":{"_lmt_disableupdate":"","_lmt_disable":""},"product_brand":[],"product_cat":[72],"product_tag":[],"class_list":{"0":"post-3712","1":"product","2":"type-product","3":"status-publish","4":"has-post-thumbnail","6":"product_cat-terminales-con-tornillo","8":"first","9":"instock","10":"taxable","11":"shipping-taxable","12":"purchasable","13":"product-type-simple"},"_links":{"self":[{"href":"https:\/\/itv.geekbotelectronics.com\/index.php\/wp-json\/wp\/v2\/product\/3712"}],"collection":[{"href":"https:\/\/itv.geekbotelectronics.com\/index.php\/wp-json\/wp\/v2\/product"}],"about":[{"href":"https:\/\/itv.geekbotelectronics.com\/index.php\/wp-json\/wp\/v2\/types\/product"}],"replies":[{"embeddable":true,"href":"https:\/\/itv.geekbotelectronics.com\/index.php\/wp-json\/wp\/v2\/comments?post=3712"}],"wp:featuredmedia":[{"embeddable":true,"href":"https:\/\/itv.geekbotelectronics.com\/index.php\/wp-json\/wp\/v2\/media\/1403"}],"wp:attachment":[{"href":"https:\/\/itv.geekbotelectronics.com\/index.php\/wp-json\/wp\/v2\/media?parent=3712"}],"wp:term":[{"taxonomy":"product_brand","embeddable":true,"href":"https:\/\/itv.geekbotelectronics.com\/index.php\/wp-json\/wp\/v2\/product_brand?post=3712"},{"taxonomy":"product_cat","embeddable":true,"href":"https:\/\/itv.geekbotelectronics.com\/index.php\/wp-json\/wp\/v2\/product_cat?post=3712"},{"taxonomy":"product_tag","embeddable":true,"href":"https:\/\/itv.geekbotelectronics.com\/index.php\/wp-json\/wp\/v2\/product_tag?post=3712"}],"curies":[{"name":"wp","href":"https:\/\/api.w.org\/{rel}","templated":true}]}}