{"id":3717,"date":"2022-09-05T22:12:49","date_gmt":"2022-09-06T04:12:49","guid":{"rendered":"https:\/\/itv.geekbotelectronics.com\/?post_type=product&#038;p=3717"},"modified":"2025-03-11T16:07:07","modified_gmt":"2025-03-11T22:07:07","slug":"conector-db9-jack-para-extension","status":"publish","type":"product","link":"https:\/\/itv.geekbotelectronics.com\/index.php\/product\/conector-db9-jack-para-extension\/","title":{"rendered":"Conector DB9 Jack para Extensi\u00f3n"},"content":{"rendered":"<h4>DB9<\/h4>\n<div align=\"justify\">\n<p>El conector DB9 (originalmente <em>DE-9<\/em>) es un conector anal\u00f3gico de 9 clavijas de la familia de conectores D-Subminiature (D-Sub o Sub-D). El conector DB9 se utiliza principalmente para conexiones en serie, ya que permite una transmisi\u00f3n as\u00edncrona de datos seg\u00fan lo establecido en la norma RS-232 (RS-232C). Conector hembra (jack) DB9 con pines para soldar al cable y hacer una extensi\u00f3n de datos.<\/p>\n<\/div>\n<p><strong>Especificaciones<\/strong><\/p>\n<ul>\n<li>\n<ul>\n<li>G\u00e9nero: Jack (Hembra)<\/li>\n<li>N\u00famero de pines: 9 Pines<\/li>\n<li>Tipo: DB9<\/li>\n<li>Para Soldar<\/li>\n<li>Para hacer extensi\u00f3n<\/li>\n<li>Met\u00e1lico<\/li>\n<li>Modelo:\n<ul>\n<li>XC-102<\/li>\n<li>DS-9S<\/li>\n<li>500-109<\/li>\n<\/ul>\n<\/li>\n<\/ul>\n<\/li>\n<\/ul>\n","protected":false},"excerpt":{"rendered":"<p>DB9 El conector DB9 (originalmente DE-9) es un conector anal\u00f3gico de 9 clavijas de la familia de conectores D-Subminiature (D-Sub o Sub-D). El conector DB9 se utiliza principalmente para conexiones en serie, ya que permite una transmisi\u00f3n as\u00edncrona de datos seg\u00fan lo establecido en la norma RS-232 (RS-232C). Conector hembra (jack) DB9 con pines para [&hellip;]<\/p>\n","protected":false},"featured_media":1406,"comment_status":"closed","ping_status":"closed","template":"","meta":{"_lmt_disableupdate":"","_lmt_disable":""},"product_brand":[],"product_cat":[153],"product_tag":[],"class_list":{"0":"post-3717","1":"product","2":"type-product","3":"status-publish","4":"has-post-thumbnail","6":"product_cat-conector-db","8":"first","9":"instock","10":"taxable","11":"shipping-taxable","12":"purchasable","13":"product-type-simple"},"_links":{"self":[{"href":"https:\/\/itv.geekbotelectronics.com\/index.php\/wp-json\/wp\/v2\/product\/3717"}],"collection":[{"href":"https:\/\/itv.geekbotelectronics.com\/index.php\/wp-json\/wp\/v2\/product"}],"about":[{"href":"https:\/\/itv.geekbotelectronics.com\/index.php\/wp-json\/wp\/v2\/types\/product"}],"replies":[{"embeddable":true,"href":"https:\/\/itv.geekbotelectronics.com\/index.php\/wp-json\/wp\/v2\/comments?post=3717"}],"wp:featuredmedia":[{"embeddable":true,"href":"https:\/\/itv.geekbotelectronics.com\/index.php\/wp-json\/wp\/v2\/media\/1406"}],"wp:attachment":[{"href":"https:\/\/itv.geekbotelectronics.com\/index.php\/wp-json\/wp\/v2\/media?parent=3717"}],"wp:term":[{"taxonomy":"product_brand","embeddable":true,"href":"https:\/\/itv.geekbotelectronics.com\/index.php\/wp-json\/wp\/v2\/product_brand?post=3717"},{"taxonomy":"product_cat","embeddable":true,"href":"https:\/\/itv.geekbotelectronics.com\/index.php\/wp-json\/wp\/v2\/product_cat?post=3717"},{"taxonomy":"product_tag","embeddable":true,"href":"https:\/\/itv.geekbotelectronics.com\/index.php\/wp-json\/wp\/v2\/product_tag?post=3717"}],"curies":[{"name":"wp","href":"https:\/\/api.w.org\/{rel}","templated":true}]}}