{"id":3720,"date":"2022-09-05T22:12:49","date_gmt":"2022-09-06T04:12:49","guid":{"rendered":"https:\/\/itv.geekbotelectronics.com\/?post_type=product&#038;p=3720"},"modified":"2023-10-05T17:58:04","modified_gmt":"2023-10-05T23:58:04","slug":"conector-db9-jack-para-chasis","status":"publish","type":"product","link":"https:\/\/itv.geekbotelectronics.com\/index.php\/product\/conector-db9-jack-para-chasis\/","title":{"rendered":"Conector DB9 Jack para Chasis"},"content":{"rendered":"<h4>DB9 para chasis<\/h4>\n<div align=\"justify\">El conector DB9<b><\/b>\u00a0para chasis (originalmente <i>DE-9<\/i>) es un conector anal\u00f3gico de 9 clavijas de la familia de conectores D-Subminiature (D-Sub o Sub-D). El conector DB9 se utiliza principalmente para conexiones en serie, ya que permite una transmisi\u00f3n as\u00edncrona de datos seg\u00fan lo establecido en la norma RS-232 (RS-232C).\u00a0Conector hembra DB9 con pines en \u00e1ngulo recto para soldarse a chasis.<\/div>\n<div align=\"justify\"><\/div>\n<p><strong>Especificaciones<\/strong><\/p>\n<ul>\n<li>G\u00e9nero: Jack (Hembra)<\/li>\n<li>N\u00famero de pines: 9 Pines<\/li>\n<li>Tipo conector: DB9<\/li>\n<li>Uso: Para chasis<\/li>\n<li>Para soldar<\/li>\n<li>Modelo: DPR-9S<\/li>\n<\/ul>\n","protected":false},"excerpt":{"rendered":"<p>DB9 para chasis El conector DB9\u00a0para chasis (originalmente DE-9) es un conector anal\u00f3gico de 9 clavijas de la familia de conectores D-Subminiature (D-Sub o Sub-D). El conector DB9 se utiliza principalmente para conexiones en serie, ya que permite una transmisi\u00f3n as\u00edncrona de datos seg\u00fan lo establecido en la norma RS-232 (RS-232C).\u00a0Conector hembra DB9 con pines [&hellip;]<\/p>\n","protected":false},"featured_media":1439,"comment_status":"closed","ping_status":"closed","template":"","meta":{"_lmt_disableupdate":"no","_lmt_disable":""},"product_brand":[],"product_cat":[153],"product_tag":[],"class_list":{"0":"post-3720","1":"product","2":"type-product","3":"status-publish","4":"has-post-thumbnail","6":"product_cat-conector-db","8":"first","9":"instock","10":"taxable","11":"shipping-taxable","12":"purchasable","13":"product-type-simple"},"_links":{"self":[{"href":"https:\/\/itv.geekbotelectronics.com\/index.php\/wp-json\/wp\/v2\/product\/3720"}],"collection":[{"href":"https:\/\/itv.geekbotelectronics.com\/index.php\/wp-json\/wp\/v2\/product"}],"about":[{"href":"https:\/\/itv.geekbotelectronics.com\/index.php\/wp-json\/wp\/v2\/types\/product"}],"replies":[{"embeddable":true,"href":"https:\/\/itv.geekbotelectronics.com\/index.php\/wp-json\/wp\/v2\/comments?post=3720"}],"wp:featuredmedia":[{"embeddable":true,"href":"https:\/\/itv.geekbotelectronics.com\/index.php\/wp-json\/wp\/v2\/media\/1439"}],"wp:attachment":[{"href":"https:\/\/itv.geekbotelectronics.com\/index.php\/wp-json\/wp\/v2\/media?parent=3720"}],"wp:term":[{"taxonomy":"product_brand","embeddable":true,"href":"https:\/\/itv.geekbotelectronics.com\/index.php\/wp-json\/wp\/v2\/product_brand?post=3720"},{"taxonomy":"product_cat","embeddable":true,"href":"https:\/\/itv.geekbotelectronics.com\/index.php\/wp-json\/wp\/v2\/product_cat?post=3720"},{"taxonomy":"product_tag","embeddable":true,"href":"https:\/\/itv.geekbotelectronics.com\/index.php\/wp-json\/wp\/v2\/product_tag?post=3720"}],"curies":[{"name":"wp","href":"https:\/\/api.w.org\/{rel}","templated":true}]}}