{"id":3726,"date":"2022-09-05T22:12:54","date_gmt":"2022-09-06T04:12:54","guid":{"rendered":"https:\/\/itv.geekbotelectronics.com\/?post_type=product&#038;p=3726"},"modified":"2024-03-14T14:40:56","modified_gmt":"2024-03-14T20:40:56","slug":"aislante-termofit-1-2-12mm","status":"publish","type":"product","link":"https:\/\/itv.geekbotelectronics.com\/index.php\/product\/aislante-termofit-1-2-12mm\/","title":{"rendered":"Aislante Termofit 1\/2 &#8221; (12mm)"},"content":{"rendered":"<h4>Aislante Termofit 1\/2 &#8220;<\/h4>\n<div>\n<p><span style=\"color: #000000\">El Termofit 1\/2 &#8221; o tambi\u00e9n conocido como tubo termo-contr\u00e1ctil sirve para aislar los <a style=\"color: #000000\" title=\"Cable\" href=\"https:\/\/es.wikipedia.org\/wiki\/Cable\">cables<\/a> y terminales de conexi\u00f3n, se coloca y luego se calienta levemente con un encendedor, caut\u00edn, pistola de aire caliente, etc, sin tocarlo para que se contraiga y se pegue al cable.<\/span><\/p>\n<p>Ideal para usar como aislante en instalaciones el\u00e9ctricas y electr\u00f3nicas, como sustituto de cinta de aislar (mejora el agarre de uniones y mejora la est\u00e9tica de los trabajos). Es muy \u00fatil para agrupar cables o alg\u00fan objeto.<\/p>\n<p><span style=\"color: #000000\"><strong>Especificaciones<\/strong><\/span><\/p>\n<\/div>\n<ul>\n<li>Se contrae hasta un 50% de su tama\u00f1o<\/li>\n<li>Temperatura de contracci\u00f3n: 70\u00b0 C<\/li>\n<li>Relaci\u00f3n de contracci\u00f3n: 2:1<\/li>\n<li>Soporta: 600 V<\/li>\n<li>Retardante de flama<\/li>\n<li>Resistencia a materiales abrasivos, humedad, solventes, etc.<\/li>\n<li>Color: Negro<\/li>\n<li>Medida: 1\/2 &#8220;<\/li>\n<\/ul>\n","protected":false},"excerpt":{"rendered":"<p>Aislante Termofit 1\/2 &#8220; El Termofit 1\/2 &#8221; o tambi\u00e9n conocido como tubo termo-contr\u00e1ctil sirve para aislar los cables y terminales de conexi\u00f3n, se coloca y luego se calienta levemente con un encendedor, caut\u00edn, pistola de aire caliente, etc, sin tocarlo para que se contraiga y se pegue al cable. Ideal para usar como aislante [&hellip;]<\/p>\n","protected":false},"featured_media":1440,"comment_status":"open","ping_status":"closed","template":"","meta":{"_lmt_disableupdate":"","_lmt_disable":""},"product_brand":[],"product_cat":[185],"product_tag":[],"class_list":{"0":"post-3726","1":"product","2":"type-product","3":"status-publish","4":"has-post-thumbnail","6":"product_cat-termofit","8":"first","9":"outofstock","10":"taxable","11":"shipping-taxable","12":"purchasable","13":"product-type-simple"},"_links":{"self":[{"href":"https:\/\/itv.geekbotelectronics.com\/index.php\/wp-json\/wp\/v2\/product\/3726"}],"collection":[{"href":"https:\/\/itv.geekbotelectronics.com\/index.php\/wp-json\/wp\/v2\/product"}],"about":[{"href":"https:\/\/itv.geekbotelectronics.com\/index.php\/wp-json\/wp\/v2\/types\/product"}],"replies":[{"embeddable":true,"href":"https:\/\/itv.geekbotelectronics.com\/index.php\/wp-json\/wp\/v2\/comments?post=3726"}],"wp:featuredmedia":[{"embeddable":true,"href":"https:\/\/itv.geekbotelectronics.com\/index.php\/wp-json\/wp\/v2\/media\/1440"}],"wp:attachment":[{"href":"https:\/\/itv.geekbotelectronics.com\/index.php\/wp-json\/wp\/v2\/media?parent=3726"}],"wp:term":[{"taxonomy":"product_brand","embeddable":true,"href":"https:\/\/itv.geekbotelectronics.com\/index.php\/wp-json\/wp\/v2\/product_brand?post=3726"},{"taxonomy":"product_cat","embeddable":true,"href":"https:\/\/itv.geekbotelectronics.com\/index.php\/wp-json\/wp\/v2\/product_cat?post=3726"},{"taxonomy":"product_tag","embeddable":true,"href":"https:\/\/itv.geekbotelectronics.com\/index.php\/wp-json\/wp\/v2\/product_tag?post=3726"}],"curies":[{"name":"wp","href":"https:\/\/api.w.org\/{rel}","templated":true}]}}