{"id":3740,"date":"2022-09-05T22:12:56","date_gmt":"2022-09-06T04:12:56","guid":{"rendered":"https:\/\/itv.geekbotelectronics.com\/?post_type=product&#038;p=3740"},"modified":"2025-10-06T11:10:56","modified_gmt":"2025-10-06T17:10:56","slug":"plug-banana-apilable-rojo","status":"publish","type":"product","link":"https:\/\/itv.geekbotelectronics.com\/index.php\/product\/plug-banana-apilable-rojo\/","title":{"rendered":"Plug Banana Apilable Rojo"},"content":{"rendered":"<h4><span style=\"color: #000000\">Banana Plug Apilable Rojo\u00a0<\/span><\/h4>\n<p><span style=\"color: #000000\">Banana Plug Apilable Rojo para sujetar cables. Los conectores banana son\u00a0un tipo de conector\u00a0 muy usado en instrumentos de medida el\u00e9ctrica o electr\u00f3nica como generadores, fuentes o <a style=\"color: #000000\" title=\"Mult\u00edmetro\" href=\"https:\/\/es.wikipedia.org\/wiki\/Mult%C3%ADmetro\">Mult\u00edmetro<\/a>s. Tambi\u00e9n es usada a la salida de amplificadores de audio y en la entrada de muchos parlantes de buena calidad.<\/span><\/p>\n<p><span style=\"color: #000000\"><strong>Especificaciones<\/strong><\/span><\/p>\n<ul>\n<li><span style=\"color: #000000\">Tipo de conector: Plug Banana<\/span><\/li>\n<li><span style=\"color: #000000\">G\u00e9nero: Macho<\/span><\/li>\n<li><span style=\"color: #000000\">Terminal: Plateada<\/span><\/li>\n<li><span style=\"color: #000000\">Material del conector: Pl\u00e1stico<\/span><\/li>\n<li><span style=\"color: #000000\">Uso: Para extensi\u00f3n<\/span><\/li>\n<li><span style=\"color: #000000\">Material del pin: Lat\u00f3n<\/span><\/li>\n<li><span style=\"color: #000000\">Rango de corriente: 10 A<\/span><\/li>\n<li><span style=\"color: #000000\">Para Soldar<\/span><\/li>\n<li><span style=\"color: #000000\">Toma lateral para la conexi\u00f3n de otro conector banana macho.<\/span><\/li>\n<li><span style=\"color: #000000\">Secci\u00f3n m\u00e1xima de cable admitido: 4mm2.<\/span><\/li>\n<li><span style=\"color: #000000\">Dimensiones:<\/span>\n<ul>\n<li>\n<div align=\"left\"><span style=\"color: #000000\">Banana Plug: Di\u00e1metro: 4mm; Longitud: 43mm,<\/span><\/div>\n<div align=\"left\"><span style=\"color: #000000\">Pieza de pl\u00e1stico: Longitud: 27mm x Ancho: 13mm (f\u00e1cil de quitar)<\/span><\/div>\n<\/li>\n<\/ul>\n<\/li>\n<\/ul>\n<p><span style=\"color: #000000\"><strong>Color<\/strong><\/span><\/p>\n<ul>\n<li><span style=\"color: #000000\">Rojo<\/span><\/li>\n<\/ul>\n","protected":false},"excerpt":{"rendered":"<p>Banana Plug Apilable Rojo\u00a0 Banana Plug Apilable Rojo para sujetar cables. Los conectores banana son\u00a0un tipo de conector\u00a0 muy usado en instrumentos de medida el\u00e9ctrica o electr\u00f3nica como generadores, fuentes o Mult\u00edmetros. Tambi\u00e9n es usada a la salida de amplificadores de audio y en la entrada de muchos parlantes de buena calidad. Especificaciones Tipo de [&hellip;]<\/p>\n","protected":false},"featured_media":7989,"comment_status":"closed","ping_status":"closed","template":"","meta":{"_lmt_disableupdate":"no","_lmt_disable":""},"product_brand":[],"product_cat":[90],"product_tag":[],"class_list":{"0":"post-3740","1":"product","2":"type-product","3":"status-publish","4":"has-post-thumbnail","6":"product_cat-plugs-y-jacks","8":"first","9":"instock","10":"taxable","11":"shipping-taxable","12":"purchasable","13":"product-type-simple"},"_links":{"self":[{"href":"https:\/\/itv.geekbotelectronics.com\/index.php\/wp-json\/wp\/v2\/product\/3740"}],"collection":[{"href":"https:\/\/itv.geekbotelectronics.com\/index.php\/wp-json\/wp\/v2\/product"}],"about":[{"href":"https:\/\/itv.geekbotelectronics.com\/index.php\/wp-json\/wp\/v2\/types\/product"}],"replies":[{"embeddable":true,"href":"https:\/\/itv.geekbotelectronics.com\/index.php\/wp-json\/wp\/v2\/comments?post=3740"}],"wp:featuredmedia":[{"embeddable":true,"href":"https:\/\/itv.geekbotelectronics.com\/index.php\/wp-json\/wp\/v2\/media\/7989"}],"wp:attachment":[{"href":"https:\/\/itv.geekbotelectronics.com\/index.php\/wp-json\/wp\/v2\/media?parent=3740"}],"wp:term":[{"taxonomy":"product_brand","embeddable":true,"href":"https:\/\/itv.geekbotelectronics.com\/index.php\/wp-json\/wp\/v2\/product_brand?post=3740"},{"taxonomy":"product_cat","embeddable":true,"href":"https:\/\/itv.geekbotelectronics.com\/index.php\/wp-json\/wp\/v2\/product_cat?post=3740"},{"taxonomy":"product_tag","embeddable":true,"href":"https:\/\/itv.geekbotelectronics.com\/index.php\/wp-json\/wp\/v2\/product_tag?post=3740"}],"curies":[{"name":"wp","href":"https:\/\/api.w.org\/{rel}","templated":true}]}}