{"id":3758,"date":"2022-09-05T22:13:03","date_gmt":"2022-09-06T04:13:03","guid":{"rendered":"https:\/\/itv.geekbotelectronics.com\/?post_type=product&#038;p=3758"},"modified":"2024-10-03T11:49:04","modified_gmt":"2024-10-03T17:49:04","slug":"cd4024-contador-binario-7-etapas","status":"publish","type":"product","link":"https:\/\/itv.geekbotelectronics.com\/index.php\/product\/cd4024-contador-binario-7-etapas\/","title":{"rendered":"CD4024 Contador Binario 7 Etapas"},"content":{"rendered":"<h4>CD4024 Contador Binario 7 etapas<\/h4>\n<h6>Especificaciones<\/h6>\n<ul>\n<li>Tipo: CMOS<\/li>\n<li><span class=\"hps\">Antiest\u00e1tico: No tocar con los dedos, s\u00f3lo con pulsera antiest\u00e1tica<\/span><span class=\"hps\"><br id=\"result_box\" \/><\/span><\/li>\n<li><span class=\"hps\">Frecuencia<\/span> <span class=\"hps\">de reloj:<\/span> <span class=\"hps\">24 MHz<\/span><\/li>\n<li><span class=\"hps\">Cuenta<\/span>\u00a0<span class=\"hps\">m\u00e1xima: 7<\/span><\/li>\n<li><span class=\"hps\">Voltaje:<\/span>\u00a03 V <span class=\"hps\">a<\/span> <span class=\"hps\">18 V<\/span><\/li>\n<li><span class=\"hps\">Tipo de contador: Ripple Carry Binary \/ divisor<\/span><\/li>\n<li><span class=\"hps\">Temperatura de funcionamiento m\u00e1xima: 125 \u00b0 C<\/span><\/li>\n<li><span class=\"hps\">Temperatura de funcionamiento Min: -55 \u00b0 C<\/span><\/li>\n<li><span class=\"hps\">Rango de temperatura de funcionamiento: -55 \u00b0 C a +125 \u00b0 C<\/span><\/li>\n<li><span class=\"hps\">Voltaje de fuente m\u00e1ximo: 18 V<\/span><\/li>\n<li><span class=\"hps\">Supply Voltage Min: 3 V<\/span><\/li>\n<li><span class=\"hps\"><span id=\"result_box\" class=\"\" lang=\"es\">Operaci\u00f3n de velocidad media<\/span><\/span><\/li>\n<li><span class=\"hps\"><span id=\"result_box\" class=\"\" lang=\"es\">Funcionamiento totalmente est\u00e1tica<\/span><\/span><\/li>\n<li><span class=\"hps\"><span id=\"result_box\" class=\"\" lang=\"es\">Entradas y salidas con buffer<\/span><\/span><\/li>\n<li><span class=\"hps\"><span id=\"result_box\" class=\"\" lang=\"es\">100% probado para la corriente de reposo a 20V<\/span><\/span><\/li>\n<li><span class=\"hps\"><span id=\"result_box\" class=\"\" lang=\"es\">Caracter\u00edsticas de salida estandarizados, sim\u00e9tricas<\/span><\/span><\/li>\n<li><span class=\"hps\"><span id=\"result_box\" class=\"\" lang=\"es\">Reinicio com\u00fan<\/span><\/span><\/li>\n<li><span class=\"hps\"><span id=\"result_box\" class=\"\" lang=\"es\">Corriente de entrada m\u00e1xima de 18 V en 1uA<\/span><\/span><\/li>\n<li><span class=\"hps\">Encapsulado DIP<\/span><\/li>\n<li><span class=\"hps\">14 pines<\/span><\/li>\n<\/ul>\n","protected":false},"excerpt":{"rendered":"<p>CD4024 Contador Binario 7 etapas Especificaciones Tipo: CMOS Antiest\u00e1tico: No tocar con los dedos, s\u00f3lo con pulsera antiest\u00e1tica Frecuencia de reloj: 24 MHz Cuenta\u00a0m\u00e1xima: 7 Voltaje:\u00a03 V a 18 V Tipo de contador: Ripple Carry Binary \/ divisor Temperatura de funcionamiento m\u00e1xima: 125 \u00b0 C Temperatura de funcionamiento Min: -55 \u00b0 C Rango de temperatura [&hellip;]<\/p>\n","protected":false},"featured_media":1492,"comment_status":"closed","ping_status":"closed","template":"","meta":{"_lmt_disableupdate":"","_lmt_disable":""},"product_brand":[],"product_cat":[100],"product_tag":[],"class_list":{"0":"post-3758","1":"product","2":"type-product","3":"status-publish","4":"has-post-thumbnail","6":"product_cat-contadores","8":"first","9":"instock","10":"taxable","11":"shipping-taxable","12":"purchasable","13":"product-type-simple"},"_links":{"self":[{"href":"https:\/\/itv.geekbotelectronics.com\/index.php\/wp-json\/wp\/v2\/product\/3758"}],"collection":[{"href":"https:\/\/itv.geekbotelectronics.com\/index.php\/wp-json\/wp\/v2\/product"}],"about":[{"href":"https:\/\/itv.geekbotelectronics.com\/index.php\/wp-json\/wp\/v2\/types\/product"}],"replies":[{"embeddable":true,"href":"https:\/\/itv.geekbotelectronics.com\/index.php\/wp-json\/wp\/v2\/comments?post=3758"}],"wp:featuredmedia":[{"embeddable":true,"href":"https:\/\/itv.geekbotelectronics.com\/index.php\/wp-json\/wp\/v2\/media\/1492"}],"wp:attachment":[{"href":"https:\/\/itv.geekbotelectronics.com\/index.php\/wp-json\/wp\/v2\/media?parent=3758"}],"wp:term":[{"taxonomy":"product_brand","embeddable":true,"href":"https:\/\/itv.geekbotelectronics.com\/index.php\/wp-json\/wp\/v2\/product_brand?post=3758"},{"taxonomy":"product_cat","embeddable":true,"href":"https:\/\/itv.geekbotelectronics.com\/index.php\/wp-json\/wp\/v2\/product_cat?post=3758"},{"taxonomy":"product_tag","embeddable":true,"href":"https:\/\/itv.geekbotelectronics.com\/index.php\/wp-json\/wp\/v2\/product_tag?post=3758"}],"curies":[{"name":"wp","href":"https:\/\/api.w.org\/{rel}","templated":true}]}}