{"id":3761,"date":"2022-09-05T22:13:03","date_gmt":"2022-09-06T04:13:03","guid":{"rendered":"https:\/\/itv.geekbotelectronics.com\/?post_type=product&#038;p=3761"},"modified":"2023-12-07T13:15:08","modified_gmt":"2023-12-07T19:15:08","slug":"cd4047-multivibrador-monostable-astable","status":"publish","type":"product","link":"https:\/\/itv.geekbotelectronics.com\/index.php\/product\/cd4047-multivibrador-monostable-astable\/","title":{"rendered":"CD4047 Multivibrador Monostable\/Astable"},"content":{"rendered":"<h4>CD4047 Multivibrador Monostable\/Astable<\/h4>\n<h5>Descripci\u00f3n<\/h5>\n<div align=\"justify\">Circuito integrado CD4047. Multivibrador monoestable de baja potencia<span id=\"result_box\" class=\"\" lang=\"es\"> <span class=\"\">con<\/span>\u00a0l\u00f3gica CMOS incorporado para permitir una acci\u00f3n multivibrador monoestable disparado por flanco positivo o negativo con disparo posterior y las opciones de conteo externos. Las entradas incluyen + TRIGGER, -TRIGGER, ASTABLE, ASTABLE , RETRIGGER y reset externo. salidas con buffer son Q , Q y el oscilador. En todos los modos de operaci\u00f3n y condensador externo deben estar conectados entre C-terminal de sincronizaci\u00f3n y RC-Com\u00fan y una resistencia externa debe estar conectada entre el R-Timing y terminales RC-comunes. operaci\u00f3n astable est\u00e1 activado por un alto nivel en la entrada ESTABLE o un nivel bajo en el ASTABLE entrada o ambos. El per\u00edodo de la onda cuadrada en la Q y Q salidas en este modo de operaci\u00f3n es una funci\u00f3n de los componentes externos empleadas. &#8220;verdadero&#8221; pulsos de entrada en la entradaASTABLE o pulsos &#8220;complementar&#8221; en la ASTABLE permiten la entrada del circuito para ser utilizado como un multivibrador gatable.<\/span><\/div>\n<h5>Especificaciones<\/h5>\n<ul>\n<li>IC, MONO \/ ASTBL MULTVIBRTR, 125NS, DIP-14<\/li>\n<li>Tipo: CMOS<\/li>\n<li>Tipo Multivibrador: monoestable \/ astable<\/li>\n<li>Corriente de salida: 6.8 A<\/li>\n<li>Retraso de propagaci\u00f3n: 125 ns<\/li>\n<li>Voltaje: 3 V a 18 V<\/li>\n<li>Antiest\u00e1tico<\/li>\n<li>Encapsulado DIP<\/li>\n<li>14 pines<\/li>\n<\/ul>\n","protected":false},"excerpt":{"rendered":"<p>CD4047 Multivibrador Monostable\/Astable Descripci\u00f3n Circuito integrado CD4047. Multivibrador monoestable de baja potencia con\u00a0l\u00f3gica CMOS incorporado para permitir una acci\u00f3n multivibrador monoestable disparado por flanco positivo o negativo con disparo posterior y las opciones de conteo externos. Las entradas incluyen + TRIGGER, -TRIGGER, ASTABLE, ASTABLE , RETRIGGER y reset externo. salidas con buffer son Q , [&hellip;]<\/p>\n","protected":false},"featured_media":1495,"comment_status":"closed","ping_status":"closed","template":"","meta":{"_lmt_disableupdate":"","_lmt_disable":""},"product_brand":[],"product_cat":[44],"product_tag":[],"class_list":{"0":"post-3761","1":"product","2":"type-product","3":"status-publish","4":"has-post-thumbnail","6":"product_cat-circuitos-integrados","8":"first","9":"instock","10":"taxable","11":"shipping-taxable","12":"purchasable","13":"product-type-simple"},"_links":{"self":[{"href":"https:\/\/itv.geekbotelectronics.com\/index.php\/wp-json\/wp\/v2\/product\/3761"}],"collection":[{"href":"https:\/\/itv.geekbotelectronics.com\/index.php\/wp-json\/wp\/v2\/product"}],"about":[{"href":"https:\/\/itv.geekbotelectronics.com\/index.php\/wp-json\/wp\/v2\/types\/product"}],"replies":[{"embeddable":true,"href":"https:\/\/itv.geekbotelectronics.com\/index.php\/wp-json\/wp\/v2\/comments?post=3761"}],"wp:featuredmedia":[{"embeddable":true,"href":"https:\/\/itv.geekbotelectronics.com\/index.php\/wp-json\/wp\/v2\/media\/1495"}],"wp:attachment":[{"href":"https:\/\/itv.geekbotelectronics.com\/index.php\/wp-json\/wp\/v2\/media?parent=3761"}],"wp:term":[{"taxonomy":"product_brand","embeddable":true,"href":"https:\/\/itv.geekbotelectronics.com\/index.php\/wp-json\/wp\/v2\/product_brand?post=3761"},{"taxonomy":"product_cat","embeddable":true,"href":"https:\/\/itv.geekbotelectronics.com\/index.php\/wp-json\/wp\/v2\/product_cat?post=3761"},{"taxonomy":"product_tag","embeddable":true,"href":"https:\/\/itv.geekbotelectronics.com\/index.php\/wp-json\/wp\/v2\/product_tag?post=3761"}],"curies":[{"name":"wp","href":"https:\/\/api.w.org\/{rel}","templated":true}]}}