{"id":3801,"date":"2022-09-05T22:13:13","date_gmt":"2022-09-06T04:13:13","guid":{"rendered":"https:\/\/itv.geekbotelectronics.com\/?post_type=product&#038;p=3801"},"modified":"2025-03-18T14:48:39","modified_gmt":"2025-03-18T20:48:39","slug":"uln2003","status":"publish","type":"product","link":"https:\/\/itv.geekbotelectronics.com\/index.php\/product\/uln2003\/","title":{"rendered":"ULN2003"},"content":{"rendered":"<p>El ULN2003 es un arreglo de siete transistores Darlington NPN\u00a0con emisor com\u00fan e incluye diodos de supresi\u00f3n de picos de tensi\u00f3n para las cargas inductivas.<\/p>\n<p>&nbsp;<\/p>\n<p>Especificaciones principales:<\/p>\n<p>Corriente nominal de colector 500 mA<\/p>\n<p>50 V de salida<\/p>\n<p>Encapsulado DIP-16<\/p>\n<p>Incluye diodos de salida flyback<\/p>\n<p>Entradas compatibles con l\u00f3gica TTL y 5-V CMOS.<\/p>\n<p>&nbsp;<\/p>\n","protected":false},"excerpt":{"rendered":"<p>El ULN2003 es un arreglo de siete transistores Darlington NPN\u00a0con emisor com\u00fan e incluye diodos de supresi\u00f3n de picos de tensi\u00f3n para las cargas inductivas. &nbsp; Especificaciones principales: Corriente nominal de colector 500 mA 50 V de salida Encapsulado DIP-16 Incluye diodos de salida flyback Entradas compatibles con l\u00f3gica TTL y 5-V CMOS. &nbsp;<\/p>\n","protected":false},"featured_media":1540,"comment_status":"closed","ping_status":"closed","template":"","meta":{"_lmt_disableupdate":"","_lmt_disable":""},"product_brand":[],"product_cat":[44],"product_tag":[],"class_list":{"0":"post-3801","1":"product","2":"type-product","3":"status-publish","4":"has-post-thumbnail","6":"product_cat-circuitos-integrados","8":"first","9":"outofstock","10":"taxable","11":"shipping-taxable","12":"purchasable","13":"product-type-simple"},"_links":{"self":[{"href":"https:\/\/itv.geekbotelectronics.com\/index.php\/wp-json\/wp\/v2\/product\/3801"}],"collection":[{"href":"https:\/\/itv.geekbotelectronics.com\/index.php\/wp-json\/wp\/v2\/product"}],"about":[{"href":"https:\/\/itv.geekbotelectronics.com\/index.php\/wp-json\/wp\/v2\/types\/product"}],"replies":[{"embeddable":true,"href":"https:\/\/itv.geekbotelectronics.com\/index.php\/wp-json\/wp\/v2\/comments?post=3801"}],"wp:featuredmedia":[{"embeddable":true,"href":"https:\/\/itv.geekbotelectronics.com\/index.php\/wp-json\/wp\/v2\/media\/1540"}],"wp:attachment":[{"href":"https:\/\/itv.geekbotelectronics.com\/index.php\/wp-json\/wp\/v2\/media?parent=3801"}],"wp:term":[{"taxonomy":"product_brand","embeddable":true,"href":"https:\/\/itv.geekbotelectronics.com\/index.php\/wp-json\/wp\/v2\/product_brand?post=3801"},{"taxonomy":"product_cat","embeddable":true,"href":"https:\/\/itv.geekbotelectronics.com\/index.php\/wp-json\/wp\/v2\/product_cat?post=3801"},{"taxonomy":"product_tag","embeddable":true,"href":"https:\/\/itv.geekbotelectronics.com\/index.php\/wp-json\/wp\/v2\/product_tag?post=3801"}],"curies":[{"name":"wp","href":"https:\/\/api.w.org\/{rel}","templated":true}]}}