{"id":3802,"date":"2022-09-05T22:13:13","date_gmt":"2022-09-06T04:13:13","guid":{"rendered":"https:\/\/itv.geekbotelectronics.com\/?post_type=product&#038;p=3802"},"modified":"2025-09-02T17:54:42","modified_gmt":"2025-09-02T23:54:42","slug":"regulador-de-voltaje-lm2596","status":"publish","type":"product","link":"https:\/\/itv.geekbotelectronics.com\/index.php\/product\/regulador-de-voltaje-lm2596\/","title":{"rendered":"Regulador de Voltaje LM2596"},"content":{"rendered":"<h4>Descripci\u00f3n<\/h4>\n<div>Circuito Integrado LM2596T. Regulador de voltaje.<\/div>\n<h4>Especificaciones<\/h4>\n<ul>\n<li>Tensi\u00f3n de entrada m\u00edn. 4.5 V<\/li>\n<li>Tensi\u00f3n de entrada m\u00e1x. 40 V<\/li>\n<li>Tipo de conversor: DC\/DC<\/li>\n<li>N\u00famero de contactos: 5 Pines<\/li>\n<li>Corriente de Salida 3A<\/li>\n<li>Tensi\u00f3n nominal de salida: 5 V<\/li>\n<li>Frecuencia de conmutaci\u00f3n: 150 kHz<\/li>\n<li>Temperatura de trabajo m\u00e1x: 125\u00b0 C<\/li>\n<li>Tensi\u00f3n de salida: 5 V<\/li>\n<li>Temperatura de trabajo m\u00edn: -40\u00b0 C<\/li>\n<li>Encapsulado: TO-220<\/li>\n<li>N\u00famero de pines: 5<\/li>\n<\/ul>\n","protected":false},"excerpt":{"rendered":"<p>Descripci\u00f3n Circuito Integrado LM2596T. Regulador de voltaje. Especificaciones Tensi\u00f3n de entrada m\u00edn. 4.5 V Tensi\u00f3n de entrada m\u00e1x. 40 V Tipo de conversor: DC\/DC N\u00famero de contactos: 5 Pines Corriente de Salida 3A Tensi\u00f3n nominal de salida: 5 V Frecuencia de conmutaci\u00f3n: 150 kHz Temperatura de trabajo m\u00e1x: 125\u00b0 C Tensi\u00f3n de salida: 5 V [&hellip;]<\/p>\n","protected":false},"featured_media":1541,"comment_status":"closed","ping_status":"closed","template":"","meta":{"_lmt_disableupdate":"","_lmt_disable":""},"product_brand":[],"product_cat":[71],"product_tag":[],"class_list":{"0":"post-3802","1":"product","2":"type-product","3":"status-publish","4":"has-post-thumbnail","6":"product_cat-regulador-de-voltaje","8":"first","9":"instock","10":"taxable","11":"shipping-taxable","12":"purchasable","13":"product-type-simple"},"_links":{"self":[{"href":"https:\/\/itv.geekbotelectronics.com\/index.php\/wp-json\/wp\/v2\/product\/3802"}],"collection":[{"href":"https:\/\/itv.geekbotelectronics.com\/index.php\/wp-json\/wp\/v2\/product"}],"about":[{"href":"https:\/\/itv.geekbotelectronics.com\/index.php\/wp-json\/wp\/v2\/types\/product"}],"replies":[{"embeddable":true,"href":"https:\/\/itv.geekbotelectronics.com\/index.php\/wp-json\/wp\/v2\/comments?post=3802"}],"wp:featuredmedia":[{"embeddable":true,"href":"https:\/\/itv.geekbotelectronics.com\/index.php\/wp-json\/wp\/v2\/media\/1541"}],"wp:attachment":[{"href":"https:\/\/itv.geekbotelectronics.com\/index.php\/wp-json\/wp\/v2\/media?parent=3802"}],"wp:term":[{"taxonomy":"product_brand","embeddable":true,"href":"https:\/\/itv.geekbotelectronics.com\/index.php\/wp-json\/wp\/v2\/product_brand?post=3802"},{"taxonomy":"product_cat","embeddable":true,"href":"https:\/\/itv.geekbotelectronics.com\/index.php\/wp-json\/wp\/v2\/product_cat?post=3802"},{"taxonomy":"product_tag","embeddable":true,"href":"https:\/\/itv.geekbotelectronics.com\/index.php\/wp-json\/wp\/v2\/product_tag?post=3802"}],"curies":[{"name":"wp","href":"https:\/\/api.w.org\/{rel}","templated":true}]}}