{"id":3809,"date":"2022-09-05T22:13:14","date_gmt":"2022-09-06T04:13:14","guid":{"rendered":"https:\/\/itv.geekbotelectronics.com\/?post_type=product&#038;p=3809"},"modified":"2023-09-08T17:14:50","modified_gmt":"2023-09-08T23:14:50","slug":"caja-de-conexiones-impermeable-ip66","status":"publish","type":"product","link":"https:\/\/itv.geekbotelectronics.com\/index.php\/product\/caja-de-conexiones-impermeable-ip66\/","title":{"rendered":"Caja de Conexiones Impermeable IP66"},"content":{"rendered":"<p>Caja de conexiones de pl\u00e1stico impermeable<\/p>\n<h4>Caracter\u00edsticas:<\/h4>\n<p>Dimensiones 100*68*50mm<\/p>\n<p>Material ABS<\/p>\n<p>Caja a prueba de agua<\/p>\n<p>Cubierta de pl\u00e1stico transparente<\/p>\n<p>Prueba de polvo bajo est\u00e1ndares de calidad r\u00edgidos. (IP 66)<\/p>\n<p>&nbsp;<\/p>\n","protected":false},"excerpt":{"rendered":"<p>Caja de conexiones de pl\u00e1stico impermeable Caracter\u00edsticas: Dimensiones 100*68*50mm Material ABS Caja a prueba de agua Cubierta de pl\u00e1stico transparente Prueba de polvo bajo est\u00e1ndares de calidad r\u00edgidos. (IP 66) &nbsp;<\/p>\n","protected":false},"featured_media":1573,"comment_status":"open","ping_status":"closed","template":"","meta":{"_lmt_disableupdate":"","_lmt_disable":""},"product_brand":[],"product_cat":[134],"product_tag":[],"class_list":{"0":"post-3809","1":"product","2":"type-product","3":"status-publish","4":"has-post-thumbnail","6":"product_cat-cajas-para-proyectos","8":"first","9":"instock","10":"taxable","11":"shipping-taxable","12":"purchasable","13":"product-type-simple"},"_links":{"self":[{"href":"https:\/\/itv.geekbotelectronics.com\/index.php\/wp-json\/wp\/v2\/product\/3809"}],"collection":[{"href":"https:\/\/itv.geekbotelectronics.com\/index.php\/wp-json\/wp\/v2\/product"}],"about":[{"href":"https:\/\/itv.geekbotelectronics.com\/index.php\/wp-json\/wp\/v2\/types\/product"}],"replies":[{"embeddable":true,"href":"https:\/\/itv.geekbotelectronics.com\/index.php\/wp-json\/wp\/v2\/comments?post=3809"}],"wp:featuredmedia":[{"embeddable":true,"href":"https:\/\/itv.geekbotelectronics.com\/index.php\/wp-json\/wp\/v2\/media\/1573"}],"wp:attachment":[{"href":"https:\/\/itv.geekbotelectronics.com\/index.php\/wp-json\/wp\/v2\/media?parent=3809"}],"wp:term":[{"taxonomy":"product_brand","embeddable":true,"href":"https:\/\/itv.geekbotelectronics.com\/index.php\/wp-json\/wp\/v2\/product_brand?post=3809"},{"taxonomy":"product_cat","embeddable":true,"href":"https:\/\/itv.geekbotelectronics.com\/index.php\/wp-json\/wp\/v2\/product_cat?post=3809"},{"taxonomy":"product_tag","embeddable":true,"href":"https:\/\/itv.geekbotelectronics.com\/index.php\/wp-json\/wp\/v2\/product_tag?post=3809"}],"curies":[{"name":"wp","href":"https:\/\/api.w.org\/{rel}","templated":true}]}}