{"id":3813,"date":"2022-09-05T22:13:14","date_gmt":"2022-09-06T04:13:14","guid":{"rendered":"https:\/\/itv.geekbotelectronics.com\/?post_type=product&#038;p=3813"},"modified":"2023-12-04T11:20:01","modified_gmt":"2023-12-04T17:20:01","slug":"arreglo-de-sensores-qtr-3rc-reflectivos","status":"publish","type":"product","link":"https:\/\/itv.geekbotelectronics.com\/index.php\/product\/arreglo-de-sensores-qtr-3rc-reflectivos\/","title":{"rendered":"Arreglo de Sensores QTR-3RC Reflectivos"},"content":{"rendered":"<h4>QTR-3RC Arreglo de Sensores Reflectivos<\/h4>\n<p>Este arreglo\u00a0QTR-3RC compacto tiene\u00a0tres pares LED IR \/ fototransistor en una placa de 1,25 &#8220;\u00d7 0,3&#8221;.\u00a0Los sensores estan\u00a0montados en un espacio\u00a0de 0.375\u2033,\u00a0lo que lo convierte en un gran detector para un robot seguidor de linea.<\/p>\n<p>&nbsp;<\/p>\n<p>Cada sensor proporciona una salida de voltaje digital medible e independiente.<\/p>\n<p>El arreglo\u00a0de sensores de reflectancia QTR-3RC est\u00e1 dise\u00f1ado como un sensor de l\u00ednea, pero puede utilizarse como un sensor de proximidad o reflectancia de prop\u00f3sito general. El m\u00f3dulo es un portador conveniente para tres pares de emisor y receptor IR (fototransistor).<\/p>\n<p><strong><span class=\"notranslate\">Especificaciones:<\/span><\/strong><\/p>\n<ul>\n<li><span class=\"notranslate\">Dimensiones:\u00a032 mm x 8 mm x 3 mm (sin terminales header\u00a0instalados)<\/span><\/li>\n<li><span class=\"notranslate\"> Tensi\u00f3n de funcionamiento: 5,0 V<\/span><\/li>\n<li><span class=\"notranslate\"> Corriente de alimentaci\u00f3n: 50 mA<\/span><\/li>\n<li><span class=\"notranslate\"> Formato de salida: 3 se\u00f1ales digitales<\/span><\/li>\n<li><span class=\"notranslate\"> \u00d3ptima distancia de detecci\u00f3n: 0,125 &#8220;(3 mm)<\/span><\/li>\n<li><span class=\"notranslate\"> Alcance m\u00e1ximo recomendado: 0,25 &#8220;(6 mm)<\/span><\/li>\n<li><span class=\"notranslate\"> Peso sin terminales header:\u00a00,6 g<\/span><\/li>\n<li><span class=\"notranslate\"> Peso: 0,6 g<\/span><\/li>\n<\/ul>\n<p><a href=\"http:\/\/www.geekbotelectronics.com\/wp-content\/uploads\/2017\/02\/QTR-3RC-Sensor-Reflectivo-Pololu-esquematico.pdf\">Esquem\u00e1tico<\/a><\/p>\n","protected":false},"excerpt":{"rendered":"<p>Este m\u00f3dulo tiene 3\u00a0sensores IR LED \/ fototransistor montados a 9.5 mm uno del otro, por lo que es un gran detector para un robot seguidor de l\u00edneas.<\/p>\n","protected":false},"featured_media":1575,"comment_status":"open","ping_status":"closed","template":"","meta":{"_lmt_disableupdate":"","_lmt_disable":""},"product_brand":[],"product_cat":[62],"product_tag":[188,189,190,191],"class_list":{"0":"post-3813","1":"product","2":"type-product","3":"status-publish","4":"has-post-thumbnail","6":"product_cat-opticos","7":"product_tag-pololu","8":"product_tag-qtr-3rc","9":"product_tag-reflectivo","10":"product_tag-sensor","12":"first","13":"outofstock","14":"taxable","15":"shipping-taxable","16":"purchasable","17":"product-type-simple"},"_links":{"self":[{"href":"https:\/\/itv.geekbotelectronics.com\/index.php\/wp-json\/wp\/v2\/product\/3813"}],"collection":[{"href":"https:\/\/itv.geekbotelectronics.com\/index.php\/wp-json\/wp\/v2\/product"}],"about":[{"href":"https:\/\/itv.geekbotelectronics.com\/index.php\/wp-json\/wp\/v2\/types\/product"}],"replies":[{"embeddable":true,"href":"https:\/\/itv.geekbotelectronics.com\/index.php\/wp-json\/wp\/v2\/comments?post=3813"}],"wp:featuredmedia":[{"embeddable":true,"href":"https:\/\/itv.geekbotelectronics.com\/index.php\/wp-json\/wp\/v2\/media\/1575"}],"wp:attachment":[{"href":"https:\/\/itv.geekbotelectronics.com\/index.php\/wp-json\/wp\/v2\/media?parent=3813"}],"wp:term":[{"taxonomy":"product_brand","embeddable":true,"href":"https:\/\/itv.geekbotelectronics.com\/index.php\/wp-json\/wp\/v2\/product_brand?post=3813"},{"taxonomy":"product_cat","embeddable":true,"href":"https:\/\/itv.geekbotelectronics.com\/index.php\/wp-json\/wp\/v2\/product_cat?post=3813"},{"taxonomy":"product_tag","embeddable":true,"href":"https:\/\/itv.geekbotelectronics.com\/index.php\/wp-json\/wp\/v2\/product_tag?post=3813"}],"curies":[{"name":"wp","href":"https:\/\/api.w.org\/{rel}","templated":true}]}}