{"id":3814,"date":"2022-09-05T22:13:14","date_gmt":"2022-09-06T04:13:14","guid":{"rendered":"https:\/\/itv.geekbotelectronics.com\/?post_type=product&#038;p=3814"},"modified":"2025-02-12T12:37:19","modified_gmt":"2025-02-12T18:37:19","slug":"placa-perforada-doble-cara-9x15-cm","status":"publish","type":"product","link":"https:\/\/itv.geekbotelectronics.com\/index.php\/product\/placa-perforada-doble-cara-9x15-cm\/","title":{"rendered":"Placa Perforada Doble Cara 9&#215;15 cm"},"content":{"rendered":"<h4>Placa Perforada Doble Cara 9&#215;15 cm<\/h4>\n<p><span style=\"color: #000000\">La Placa Perforada Doble Cara 9&#215;15 cm o tarjetas PCB pre perforadas cuenta con el espaciamiento est\u00e1ndar del protoboard o empaquetado DIP, de 2.54mm, ideal para construir prototipos r\u00e1pidos y sin la necesidad de tener que imprimir o mandar a fabricar un dise\u00f1o de PCB. Este tipo de placas requieren que cada componente est\u00e9 soldado a la placa y adem\u00e1s las interconexiones entre ellos sea realizada a trav\u00e9s de cables o caminos de soldadura.<\/span><\/p>\n<h5><span style=\"color: #000000\"><strong>Especificaciones<\/strong><\/span><\/h5>\n<ul>\n<li><span style=\"color: #000000\">Color del solder mask:\u00a0verde<\/span><\/li>\n<li><span style=\"color: #000000\">Material: Fibra de vidrio<\/span><\/li>\n<li><span style=\"color: #000000\">Di\u00e1metro de las perforaciones: 1mm<\/span><\/li>\n<li><span style=\"color: #000000\">Pitch entre perforaciones: 2.54mm (100mil)<\/span><\/li>\n<li><span style=\"color: #000000\">Para realizar un prototipo con esta tarjeta es necesario utilizar <a style=\"color: #000000\" title=\"Cable\" href=\"https:\/\/es.wikipedia.org\/wiki\/Cable\">cables<\/a> o puentes de soldadura para conectar los componentes<\/span>.<\/li>\n<\/ul>\n","protected":false},"excerpt":{"rendered":"<p>Placa Perforada Doble Cara 9 x 15 cm es ideal para proyectos de electr\u00f3nica y para construir prototipos r\u00e1pidos con soldadura.<\/p>\n","protected":false},"featured_media":1576,"comment_status":"closed","ping_status":"closed","template":"","meta":{"_lmt_disableupdate":"no","_lmt_disable":""},"product_brand":[],"product_cat":[18],"product_tag":[],"class_list":{"0":"post-3814","1":"product","2":"type-product","3":"status-publish","4":"has-post-thumbnail","6":"product_cat-pcb-prototipos","8":"first","9":"instock","10":"taxable","11":"shipping-taxable","12":"purchasable","13":"product-type-simple"},"_links":{"self":[{"href":"https:\/\/itv.geekbotelectronics.com\/index.php\/wp-json\/wp\/v2\/product\/3814"}],"collection":[{"href":"https:\/\/itv.geekbotelectronics.com\/index.php\/wp-json\/wp\/v2\/product"}],"about":[{"href":"https:\/\/itv.geekbotelectronics.com\/index.php\/wp-json\/wp\/v2\/types\/product"}],"replies":[{"embeddable":true,"href":"https:\/\/itv.geekbotelectronics.com\/index.php\/wp-json\/wp\/v2\/comments?post=3814"}],"wp:featuredmedia":[{"embeddable":true,"href":"https:\/\/itv.geekbotelectronics.com\/index.php\/wp-json\/wp\/v2\/media\/1576"}],"wp:attachment":[{"href":"https:\/\/itv.geekbotelectronics.com\/index.php\/wp-json\/wp\/v2\/media?parent=3814"}],"wp:term":[{"taxonomy":"product_brand","embeddable":true,"href":"https:\/\/itv.geekbotelectronics.com\/index.php\/wp-json\/wp\/v2\/product_brand?post=3814"},{"taxonomy":"product_cat","embeddable":true,"href":"https:\/\/itv.geekbotelectronics.com\/index.php\/wp-json\/wp\/v2\/product_cat?post=3814"},{"taxonomy":"product_tag","embeddable":true,"href":"https:\/\/itv.geekbotelectronics.com\/index.php\/wp-json\/wp\/v2\/product_tag?post=3814"}],"curies":[{"name":"wp","href":"https:\/\/api.w.org\/{rel}","templated":true}]}}