{"id":3816,"date":"2022-09-05T22:13:22","date_gmt":"2022-09-06T04:13:22","guid":{"rendered":"https:\/\/itv.geekbotelectronics.com\/?post_type=product&#038;p=3816"},"modified":"2025-11-06T16:38:32","modified_gmt":"2025-11-06T22:38:32","slug":"placa-fenolica-perforada-5x7-cm","status":"publish","type":"product","link":"https:\/\/itv.geekbotelectronics.com\/index.php\/product\/placa-fenolica-perforada-5x7-cm\/","title":{"rendered":"Placa Fen\u00f3lica Perforada 5&#215;7 cm"},"content":{"rendered":"<h4>Placa Fen\u00f3lica Perforada 5&#215;7 cm<\/h4>\n<div><span style=\"color: #000000\"><span lang=\"ES\">La Placa Fen\u00f3lica Perforada 5&#215;7 cm por lo general es de <a style=\"color: #000000\" title=\"Cobre\" href=\"https:\/\/es.wikipedia.org\/wiki\/Cobre\">cobre<\/a>, realmente se compone de dos caras, ya que la otra es un aislante para que al fundirla en \u00e1cido ferroso, el aislante separe las pistas de cobre. Este material aislante puede ser silicona, fibra de vidrio, y algunos otros.<\/span> Al dise\u00f1ar un proyecto o prototipo electr\u00f3nico, primero se debe probar, arm\u00e1ndose en una placa de pruebas o protoboard. Cuando funcione correctamente. Posteriormente se dise\u00f1a y fabrica el circuito impreso (PCB)\u00a0 y para finalizar, se montan los componentes en esta placa o tarjeta, para finalmente colocarlo en un chasis o gabinete.<\/span><\/div>\n<h5><span style=\"color: #000000\">Especificaciones<\/span><\/h5>\n<ul>\n<li><span style=\"color: #000000\">Dimensiones: 5 cm x 7\u00a0cm<\/span><\/li>\n<li><span style=\"color: #000000\">Grabada y perforada con 432\u00a0orificios para componentes<\/span><\/li>\n<li><span style=\"color: #000000\">N\u00famero de caras: 1<\/span><\/li>\n<li><span style=\"color: #000000\">4 perforaciones para\u00a0 fijaci\u00f3n de la\u00a0 placa<\/span><\/li>\n<li><span style=\"color: #000000\">Cara de cobre<\/span><\/li>\n<\/ul>\n","protected":false},"excerpt":{"rendered":"<p>La Placa Fen\u00f3lica Perforada 5&#215;7 cm de baquelita con cobre es ideal para armar prototipos con soldadura y realizar proyectos.<\/p>\n","protected":false},"featured_media":1579,"comment_status":"closed","ping_status":"closed","template":"","meta":{"_lmt_disableupdate":"no","_lmt_disable":""},"product_brand":[],"product_cat":[18],"product_tag":[],"class_list":{"0":"post-3816","1":"product","2":"type-product","3":"status-publish","4":"has-post-thumbnail","6":"product_cat-pcb-prototipos","8":"first","9":"instock","10":"taxable","11":"shipping-taxable","12":"purchasable","13":"product-type-simple"},"_links":{"self":[{"href":"https:\/\/itv.geekbotelectronics.com\/index.php\/wp-json\/wp\/v2\/product\/3816"}],"collection":[{"href":"https:\/\/itv.geekbotelectronics.com\/index.php\/wp-json\/wp\/v2\/product"}],"about":[{"href":"https:\/\/itv.geekbotelectronics.com\/index.php\/wp-json\/wp\/v2\/types\/product"}],"replies":[{"embeddable":true,"href":"https:\/\/itv.geekbotelectronics.com\/index.php\/wp-json\/wp\/v2\/comments?post=3816"}],"wp:featuredmedia":[{"embeddable":true,"href":"https:\/\/itv.geekbotelectronics.com\/index.php\/wp-json\/wp\/v2\/media\/1579"}],"wp:attachment":[{"href":"https:\/\/itv.geekbotelectronics.com\/index.php\/wp-json\/wp\/v2\/media?parent=3816"}],"wp:term":[{"taxonomy":"product_brand","embeddable":true,"href":"https:\/\/itv.geekbotelectronics.com\/index.php\/wp-json\/wp\/v2\/product_brand?post=3816"},{"taxonomy":"product_cat","embeddable":true,"href":"https:\/\/itv.geekbotelectronics.com\/index.php\/wp-json\/wp\/v2\/product_cat?post=3816"},{"taxonomy":"product_tag","embeddable":true,"href":"https:\/\/itv.geekbotelectronics.com\/index.php\/wp-json\/wp\/v2\/product_tag?post=3816"}],"curies":[{"name":"wp","href":"https:\/\/api.w.org\/{rel}","templated":true}]}}