{"id":3818,"date":"2022-09-05T22:13:22","date_gmt":"2022-09-06T04:13:22","guid":{"rendered":"https:\/\/itv.geekbotelectronics.com\/?post_type=product&#038;p=3818"},"modified":"2025-11-11T11:42:55","modified_gmt":"2025-11-11T17:42:55","slug":"placa-fenolica-perforada-tipo-media-protoboard","status":"publish","type":"product","link":"https:\/\/itv.geekbotelectronics.com\/index.php\/product\/placa-fenolica-perforada-tipo-media-protoboard\/","title":{"rendered":"Placa Fen\u00f3lica Perforada Tipo Media Protoboard"},"content":{"rendered":"<h4>Placa Fen\u00f3lica Perforada Media Protoboard<\/h4>\n<p><span style=\"color: #000000\">La Placa Fen\u00f3lica Perforada Media Protoboard esta hecha de <a style=\"color: #000000\" title=\"Baquelita\" href=\"https:\/\/es.wikipedia.org\/wiki\/Baquelita\">baquelita<\/a> con cobre. Esta tabilla tipo protoboard\u00a0 es ideal\u00a0\u00a0para armar\u00a0 prototipos con soldadura de circuitos integrados y realizar proyectos. Placa fen\u00f3lica que te permite hacer un circuito impreso para un proyecto electr\u00f3nico donde se hacen las l\u00edneas de conducci\u00f3n similares a los conductores el\u00e9ctricos.\u00a0 <span lang=\"ES\">Estas placas son por lo general de cobre, realmente se compone de dos caras, ya que la otra es un aislante para que al fundirla en \u00e1cido ferroso, el aislante separe las pistas de cobre. Este material aislante puede ser silicona, fibra de vidrio, y algunos otros.<\/span> Al dise\u00f1ar un proyecto o prototipo electr\u00f3nico, primero se debe probar, arm\u00e1ndose en una placa de pruebas o protoboard. Cuando funcione correctamente. \u00a0Posteriormente se dise\u00f1a y fabrica el circuito impreso (PCB)\u00a0 y para finalizar, se montan los componentes en esta placa o tarjeta, para finalmente colocarlo en un chasis o gabinete.<\/span><\/p>\n<h5><span style=\"color: #000000\">Especificaciones<\/span><\/h5>\n<ul>\n<li><span style=\"color: #000000\">Dimensiones: 5\u00a0cm X 7\u00a0cm<\/span><\/li>\n<li><span style=\"color: #000000\">Grabada\u00a0 y perforada<\/span><\/li>\n<li><span style=\"color: #000000\">N\u00famero de caras: 1<\/span><\/li>\n<li><span style=\"color: #000000\">Cara de cobre<\/span><\/li>\n<\/ul>\n","protected":false},"excerpt":{"rendered":"<p class=\"prod20\">La Placa Fen\u00f3lica Perforada tipo Media Protoboard es ideal para armar prototipos con soldadura de circuitos integrados y realizar proyectos.<\/p>\n","protected":false},"featured_media":1581,"comment_status":"closed","ping_status":"closed","template":"","meta":{"_lmt_disableupdate":"no","_lmt_disable":""},"product_brand":[],"product_cat":[18,57],"product_tag":[],"class_list":{"0":"post-3818","1":"product","2":"type-product","3":"status-publish","4":"has-post-thumbnail","6":"product_cat-pcb-prototipos","7":"product_cat-protoboard","9":"first","10":"instock","11":"taxable","12":"shipping-taxable","13":"purchasable","14":"product-type-simple"},"_links":{"self":[{"href":"https:\/\/itv.geekbotelectronics.com\/index.php\/wp-json\/wp\/v2\/product\/3818"}],"collection":[{"href":"https:\/\/itv.geekbotelectronics.com\/index.php\/wp-json\/wp\/v2\/product"}],"about":[{"href":"https:\/\/itv.geekbotelectronics.com\/index.php\/wp-json\/wp\/v2\/types\/product"}],"replies":[{"embeddable":true,"href":"https:\/\/itv.geekbotelectronics.com\/index.php\/wp-json\/wp\/v2\/comments?post=3818"}],"wp:featuredmedia":[{"embeddable":true,"href":"https:\/\/itv.geekbotelectronics.com\/index.php\/wp-json\/wp\/v2\/media\/1581"}],"wp:attachment":[{"href":"https:\/\/itv.geekbotelectronics.com\/index.php\/wp-json\/wp\/v2\/media?parent=3818"}],"wp:term":[{"taxonomy":"product_brand","embeddable":true,"href":"https:\/\/itv.geekbotelectronics.com\/index.php\/wp-json\/wp\/v2\/product_brand?post=3818"},{"taxonomy":"product_cat","embeddable":true,"href":"https:\/\/itv.geekbotelectronics.com\/index.php\/wp-json\/wp\/v2\/product_cat?post=3818"},{"taxonomy":"product_tag","embeddable":true,"href":"https:\/\/itv.geekbotelectronics.com\/index.php\/wp-json\/wp\/v2\/product_tag?post=3818"}],"curies":[{"name":"wp","href":"https:\/\/api.w.org\/{rel}","templated":true}]}}