{"id":3827,"date":"2022-09-05T22:13:23","date_gmt":"2022-09-06T04:13:23","guid":{"rendered":"https:\/\/itv.geekbotelectronics.com\/?post_type=product&#038;p=3827"},"modified":"2025-10-16T14:56:08","modified_gmt":"2025-10-16T20:56:08","slug":"moc3061-optoacoplador","status":"publish","type":"product","link":"https:\/\/itv.geekbotelectronics.com\/index.php\/product\/moc3061-optoacoplador\/","title":{"rendered":"MOC3061 Optoacoplador"},"content":{"rendered":"<h4><span style=\"color: #000000\">MOC3061\u00a0<\/span><\/h4>\n<p><span style=\"color: #000000\">El\u00a0dispositivo MOC3061 consiste en diodos emisores de infrarrojo de arseniuro de galio acoplados \u00f3pticamente a detectores monol\u00edticos de silicio que realizan las funciones de voltaje cero que cruza conductores <a style=\"color: #000000\" title=\"Triac\" href=\"https:\/\/es.wikipedia.org\/wiki\/Triac\">triac<\/a> bilaterales.<\/span><\/p>\n<p><span style=\"color: #000000\">Est\u00e1 dise\u00f1ado para su uso con un triac en la interfaz de sistemas l\u00f3gicos a equipos alimentados a partir de l\u00edneas de 115\/240 Vac, tales como rel\u00e9s de estado s\u00f3lido, controles industriales, motores, solenoides y aparatos de consumo, etc.<\/span><\/p>\n<p>&nbsp;<\/p>\n<h4><span style=\"color: #000000\"><strong>Aplicaciones<\/strong><\/span><\/h4>\n<p><span style=\"color: #000000\">\u2022 Controles solenoide \/ v\u00e1lvula<\/span><br \/>\n<span style=\"color: #000000\"> \u2022 Interruptores de alimentaci\u00f3n est\u00e1ticos<\/span><br \/>\n<span style=\"color: #000000\"> \u2022 Controles de temperatura<\/span><br \/>\n<span style=\"color: #000000\"> \u2022 Arrancadores de motor de CA<\/span><br \/>\n<span style=\"color: #000000\"> \u2022 Controles de iluminaci\u00f3n<\/span><br \/>\n<span style=\"color: #000000\"> \u2022 Accionamientos de motor de CA<\/span><br \/>\n<span style=\"color: #000000\"> \u2022 Contactores E.M.<\/span><br \/>\n<span style=\"color: #000000\"> \u2022 Rel\u00e9s de estado s\u00f3lido<\/span><\/p>\n<p>&nbsp;<\/p>\n<h4>Caracter\u00edsticas<\/h4>\n<p>Categor\u00eda de producto: Optoacopladores de salida Triac y SCR.<\/p>\n<p>Encapsulado: PDIP-6<\/p>\n<p>Circuito de cruce por cero: Con circuito de cruce por cero.<\/p>\n<p>Tipo de salida: Foto Triac<\/p>\n<p>N\u00famero de canales: 1 Canal<\/p>\n<p>Voltaje de aislamiento: 5250 Vrms<\/p>\n<p>Corriente directa: 60 mA<\/p>\n<p>Tensi\u00f3n directa: 1.3 V<\/p>\n<p>Disipaci\u00f3n de potencia: 250 mW<\/p>\n<p>Voltaje de salida no activado \u2013 VDRM: 600V<\/p>\n<p>Temperatura de trabajo m\u00ednima: -40 C<\/p>\n<p>Temperatura de trabajo m\u00e1xima: +85 C<\/p>\n<p>Montaje: Through Hole<\/p>\n<p>Corriente de disparado m\u00e1ximo: 15 mA<\/p>\n<p>Altura: 3.53 mm<\/p>\n<p>Longitud: 8.89 mm<\/p>\n<p>Ancho: 6.6 mm<\/p>\n<h4><\/h4>\n<h4>Sustituto<\/h4>\n<p>MOC3062, MOC3063, MOC3162, MOC3163<\/p>\n<p>&nbsp;<\/p>\n<h4>DataSheet<\/h4>\n<p><a href=\"https:\/\/geekbotelectronics.com\/wp-content\/uploads\/2021\/06\/MOC3061.pdf\">MOC3061<\/a><\/p>\n","protected":false},"excerpt":{"rendered":"<div style=\"color: #555555\"><\/div>\n","protected":false},"featured_media":1590,"comment_status":"closed","ping_status":"closed","template":"","meta":{"_lmt_disableupdate":"no","_lmt_disable":""},"product_brand":[],"product_cat":[49],"product_tag":[],"class_list":{"0":"post-3827","1":"product","2":"type-product","3":"status-publish","4":"has-post-thumbnail","6":"product_cat-optoacopladores","8":"first","9":"instock","10":"taxable","11":"shipping-taxable","12":"purchasable","13":"product-type-simple"},"_links":{"self":[{"href":"https:\/\/itv.geekbotelectronics.com\/index.php\/wp-json\/wp\/v2\/product\/3827"}],"collection":[{"href":"https:\/\/itv.geekbotelectronics.com\/index.php\/wp-json\/wp\/v2\/product"}],"about":[{"href":"https:\/\/itv.geekbotelectronics.com\/index.php\/wp-json\/wp\/v2\/types\/product"}],"replies":[{"embeddable":true,"href":"https:\/\/itv.geekbotelectronics.com\/index.php\/wp-json\/wp\/v2\/comments?post=3827"}],"wp:featuredmedia":[{"embeddable":true,"href":"https:\/\/itv.geekbotelectronics.com\/index.php\/wp-json\/wp\/v2\/media\/1590"}],"wp:attachment":[{"href":"https:\/\/itv.geekbotelectronics.com\/index.php\/wp-json\/wp\/v2\/media?parent=3827"}],"wp:term":[{"taxonomy":"product_brand","embeddable":true,"href":"https:\/\/itv.geekbotelectronics.com\/index.php\/wp-json\/wp\/v2\/product_brand?post=3827"},{"taxonomy":"product_cat","embeddable":true,"href":"https:\/\/itv.geekbotelectronics.com\/index.php\/wp-json\/wp\/v2\/product_cat?post=3827"},{"taxonomy":"product_tag","embeddable":true,"href":"https:\/\/itv.geekbotelectronics.com\/index.php\/wp-json\/wp\/v2\/product_tag?post=3827"}],"curies":[{"name":"wp","href":"https:\/\/api.w.org\/{rel}","templated":true}]}}