{"id":3832,"date":"2022-09-05T22:13:23","date_gmt":"2022-09-06T04:13:23","guid":{"rendered":"https:\/\/itv.geekbotelectronics.com\/?post_type=product&#038;p=3832"},"modified":"2025-02-26T10:12:31","modified_gmt":"2025-02-26T16:12:31","slug":"carcasa-de-acrilico-para-arduino-mega","status":"publish","type":"product","link":"https:\/\/itv.geekbotelectronics.com\/index.php\/product\/carcasa-de-acrilico-para-arduino-mega\/","title":{"rendered":"Carcasa de Acr\u00edlico para Arduino Mega"},"content":{"rendered":"<h4>Carcasa de Acr\u00edlico para Arduino Mega<\/h4>\n<p>El gabinete o\u00a0carcasa de acr\u00edlico protege tu tarjeta Arduino Mega 2560. Esta elaborado con piezas de acr\u00edlico transparente cortadas con l\u00e1ser.\u00a0Viene incluido todo lo necesario para armar el gabinete, aunque el ensamble debe realizarlo el usuario final.<\/p>\n<p><strong>Descripci\u00f3n del producto<\/strong><\/p>\n<p>Protege tu tarjeta Arduino con este Gabinete o Carcasa\u00a0Arduino Mega 2560. Esta elaborado con piezas de acr\u00edlico cortadas con l\u00e1ser que permiten el libre acceso a todos los puertos de conexi\u00f3n, incluidos los puertos de programaci\u00f3n (ISP) y los conectores para\u00a0los\u00a0diversos shields y accesorios.<\/p>\n<p>Mejora la est\u00e9tica de tus proyectos y de tu tarjeta arduino, adem\u00e1s de brindar protecci\u00f3n contra todos los elementos que ponen en peligro la integridad del arduino en el uso diario.<\/p>\n<p>Este gabinete esta dise\u00f1ado especialmente para tarjetas arduino Mega 2560. Puede ser compatible con algunos clones o tarjetas compatibles. Sin embargo, solamente garantizamos su compatibilidad con el Arduino Mega\u00a0original. El dise\u00f1o de la carcasa enviada a nuestros clientes puede variar ligeramente con respecto a las fotos de referencia\u00a0debido a diferencias m\u00ednimas entre lotes de este producto.<\/p>\n<p>NOTA: Tarjeta Arduino NO incluida.<\/p>\n<p><strong>Caracter\u00edsticas del Gabinete o\u00a0Carcasa Arduino\u00a0Mega 2560<\/strong><\/p>\n<ul>\n<li>Gabinete o carcasa Arduino Mega\u00a0para protecci\u00f3n f\u00edsica y el\u00e9ctrica.<\/li>\n<li>Elaborado con acr\u00edlico transparente corte l\u00e1ser.<\/li>\n<li>Se ensambla con tornillos alrededor de la tarjeta Arduino Mega 2560 (incluidos).<\/li>\n<li>Proporciona una excelente protecci\u00f3n f\u00edsica y el\u00e9ctrica para la tarjeta Arduino.<\/li>\n<li>Se pueden instalar shields y otras tarjetas de expansi\u00f3n, a\u00fan con la carcasa colocada.<\/li>\n<li>Libre acceso al conector USB, alimentaci\u00f3n y bot\u00f3n de reset.<\/li>\n<li>Todas las piezas cuentan con pel\u00edcula protectora para evitar que se maltraten durante el viaje.<\/li>\n<li>Se env\u00eda desarmada como se muestra en las fotos.<\/li>\n<\/ul>\n","protected":false},"excerpt":{"rendered":"<p>Carcasa de Acr\u00edlico para Arduino Mega El gabinete o\u00a0carcasa de acr\u00edlico protege tu tarjeta Arduino Mega 2560. Esta elaborado con piezas de acr\u00edlico transparente cortadas con l\u00e1ser.\u00a0Viene incluido todo lo necesario para armar el gabinete, aunque el ensamble debe realizarlo el usuario final. Descripci\u00f3n del producto Protege tu tarjeta Arduino con este Gabinete o Carcasa\u00a0Arduino [&hellip;]<\/p>\n","protected":false},"featured_media":1591,"comment_status":"closed","ping_status":"closed","template":"","meta":{"_lmt_disableupdate":"no","_lmt_disable":""},"product_brand":[],"product_cat":[134],"product_tag":[],"class_list":{"0":"post-3832","1":"product","2":"type-product","3":"status-publish","4":"has-post-thumbnail","6":"product_cat-cajas-para-proyectos","8":"first","9":"instock","10":"taxable","11":"shipping-taxable","12":"purchasable","13":"product-type-simple"},"_links":{"self":[{"href":"https:\/\/itv.geekbotelectronics.com\/index.php\/wp-json\/wp\/v2\/product\/3832"}],"collection":[{"href":"https:\/\/itv.geekbotelectronics.com\/index.php\/wp-json\/wp\/v2\/product"}],"about":[{"href":"https:\/\/itv.geekbotelectronics.com\/index.php\/wp-json\/wp\/v2\/types\/product"}],"replies":[{"embeddable":true,"href":"https:\/\/itv.geekbotelectronics.com\/index.php\/wp-json\/wp\/v2\/comments?post=3832"}],"wp:featuredmedia":[{"embeddable":true,"href":"https:\/\/itv.geekbotelectronics.com\/index.php\/wp-json\/wp\/v2\/media\/1591"}],"wp:attachment":[{"href":"https:\/\/itv.geekbotelectronics.com\/index.php\/wp-json\/wp\/v2\/media?parent=3832"}],"wp:term":[{"taxonomy":"product_brand","embeddable":true,"href":"https:\/\/itv.geekbotelectronics.com\/index.php\/wp-json\/wp\/v2\/product_brand?post=3832"},{"taxonomy":"product_cat","embeddable":true,"href":"https:\/\/itv.geekbotelectronics.com\/index.php\/wp-json\/wp\/v2\/product_cat?post=3832"},{"taxonomy":"product_tag","embeddable":true,"href":"https:\/\/itv.geekbotelectronics.com\/index.php\/wp-json\/wp\/v2\/product_tag?post=3832"}],"curies":[{"name":"wp","href":"https:\/\/api.w.org\/{rel}","templated":true}]}}