{"id":3858,"date":"2022-09-05T22:13:34","date_gmt":"2022-09-06T04:13:34","guid":{"rendered":"https:\/\/itv.geekbotelectronics.com\/?post_type=product&#038;p=3858"},"modified":"2024-03-11T09:35:45","modified_gmt":"2024-03-11T15:35:45","slug":"sensor-gp2y0a41sk0f-distancia-sharp-4-30-cm","status":"publish","type":"product","link":"https:\/\/itv.geekbotelectronics.com\/index.php\/product\/sensor-gp2y0a41sk0f-distancia-sharp-4-30-cm\/","title":{"rendered":"Sensor GP2Y0A41SK0F Distancia Sharp 4-30 cm"},"content":{"rendered":"<h4>GP2Y0A41SK0F Sensor de Distancia Sharp 4-30 cm<\/h4>\n<p>El GP2Y0A41SK0F sensor de distancia Sharp es excelente para a\u00f1adir la opci\u00f3n de esquivar\u00a0obst\u00e1culos o detecci\u00f3n de movimiento a su robot o cualquier otro proyecto.<\/p>\n<p>Con un rango de detecci\u00f3n de 4 cm a 30 cm y un voltaje anal\u00f3gico que indica la distancia, este sensor es muy f\u00e1cil de usar.\u00a0Los sensores de distancia son una opci\u00f3n popular para muchos proyectos que requieren mediciones de distancia precisa.<\/p>\n<p>El GP2Y0A41SK0F utiliza un conector JST PH de 3 posiciones.\u00a0Tambi\u00e9n es posible soldar tres alambres al sensor donde se montan los pines del conector.<\/p>\n<p><strong>Especificaciones:<\/strong><\/p>\n<ul>\n<li>Voltaje de operaci\u00f3n: 4.5 V a\u00a05.5<\/li>\n<li>Corriente de consumo: 30 mA<\/li>\n<li>Rango de distancia: 4 cm a 30 cm<\/li>\n<li>Tipo de salida: voltaje anal\u00f3gico<\/li>\n<li>Diferencial de voltaje de salida sobre el rango de distancia: 1.9 V (t\u00edpico)<\/li>\n<li>Tiempo de respuesta:\u00a0\u00a038\u00a0\u00b1\u00a010\u00a0ms<\/li>\n<li>Dimensiones: 44.5\u00a0mm x 18.9\u00a0mm x 13.5\u00a0mm<\/li>\n<li>Marca: Sharp<\/li>\n<li>Modelo: GP2Y0A41SK0F<\/li>\n<\/ul>\n<p><a href=\"http:\/\/www.geekbotelectronics.com\/wp-content\/uploads\/2014\/12\/gp2y0a21yk0f.pdf\">DataSheet<\/a><\/p>\n","protected":false},"excerpt":{"rendered":"<p>Este sensor de distancia Sharp es una elecci\u00f3n bastante popular para muchos tipos de proyectos que requieren medici\u00f3n de distancia precisa.<\/p>\n","protected":false},"featured_media":577,"comment_status":"closed","ping_status":"closed","template":"","meta":{"_lmt_disableupdate":"no","_lmt_disable":""},"product_brand":[],"product_cat":[61],"product_tag":[],"class_list":{"0":"post-3858","1":"product","2":"type-product","3":"status-publish","4":"has-post-thumbnail","6":"product_cat-proximidad","8":"first","9":"instock","10":"taxable","11":"shipping-taxable","12":"purchasable","13":"product-type-simple"},"_links":{"self":[{"href":"https:\/\/itv.geekbotelectronics.com\/index.php\/wp-json\/wp\/v2\/product\/3858"}],"collection":[{"href":"https:\/\/itv.geekbotelectronics.com\/index.php\/wp-json\/wp\/v2\/product"}],"about":[{"href":"https:\/\/itv.geekbotelectronics.com\/index.php\/wp-json\/wp\/v2\/types\/product"}],"replies":[{"embeddable":true,"href":"https:\/\/itv.geekbotelectronics.com\/index.php\/wp-json\/wp\/v2\/comments?post=3858"}],"wp:featuredmedia":[{"embeddable":true,"href":"https:\/\/itv.geekbotelectronics.com\/index.php\/wp-json\/wp\/v2\/media\/577"}],"wp:attachment":[{"href":"https:\/\/itv.geekbotelectronics.com\/index.php\/wp-json\/wp\/v2\/media?parent=3858"}],"wp:term":[{"taxonomy":"product_brand","embeddable":true,"href":"https:\/\/itv.geekbotelectronics.com\/index.php\/wp-json\/wp\/v2\/product_brand?post=3858"},{"taxonomy":"product_cat","embeddable":true,"href":"https:\/\/itv.geekbotelectronics.com\/index.php\/wp-json\/wp\/v2\/product_cat?post=3858"},{"taxonomy":"product_tag","embeddable":true,"href":"https:\/\/itv.geekbotelectronics.com\/index.php\/wp-json\/wp\/v2\/product_tag?post=3858"}],"curies":[{"name":"wp","href":"https:\/\/api.w.org\/{rel}","templated":true}]}}