{"id":3866,"date":"2022-09-05T22:13:34","date_gmt":"2022-09-06T04:13:34","guid":{"rendered":"https:\/\/itv.geekbotelectronics.com\/?post_type=product&#038;p=3866"},"modified":"2025-11-03T16:56:33","modified_gmt":"2025-11-03T22:56:33","slug":"terminal-block-2-tornillos-rojo-5-08mm","status":"publish","type":"product","link":"https:\/\/itv.geekbotelectronics.com\/index.php\/product\/terminal-block-2-tornillos-rojo-5-08mm\/","title":{"rendered":"Terminal Block 2 Tornillos Rojo 5.08mm"},"content":{"rendered":"<h4>Terminal Block<\/h4>\n<div>Terminal block doble con opresores para sujetar cable por medio de tornillos. Cuenta con gu\u00edas para empotrarse con terminales similares a ellas \u00fatil para hacer conexiones el\u00e9ctricas y\/o electr\u00f3nicas en protoboard o chasis.<\/div>\n<div><\/div>\n<div>\n<p><strong>Especificaciones<\/strong><\/p>\n<ul>\n<li>N\u00famero de tornillos: 2<\/li>\n<li>Con gu\u00eda de empalme<\/li>\n<li>Para protoboard o chasis<\/li>\n<li>Color: Rojo<\/li>\n<li>Voltaje: 300 V<\/li>\n<li>Amperaje: 16 A<\/li>\n<li>Para cable calibre: 22 &#8211; 14 AWG<\/li>\n<li>Tornillo Plano<\/li>\n<li>Espaciamiento de pines: 5.08 mm<\/li>\n<li>Dimensiones: 10 x 7.6 x 10 mm<\/li>\n<\/ul>\n<\/div>\n","protected":false},"excerpt":{"rendered":"<p>Terminal Block Terminal block doble con opresores para sujetar cable por medio de tornillos. Cuenta con gu\u00edas para empotrarse con terminales similares a ellas \u00fatil para hacer conexiones el\u00e9ctricas y\/o electr\u00f3nicas en protoboard o chasis. Especificaciones N\u00famero de tornillos: 2 Con gu\u00eda de empalme Para protoboard o chasis Color: Rojo Voltaje: 300 V Amperaje: 16 [&hellip;]<\/p>\n","protected":false},"featured_media":1648,"comment_status":"closed","ping_status":"closed","template":"","meta":{"_lmt_disableupdate":"no","_lmt_disable":""},"product_brand":[],"product_cat":[72],"product_tag":[],"class_list":{"0":"post-3866","1":"product","2":"type-product","3":"status-publish","4":"has-post-thumbnail","6":"product_cat-terminales-con-tornillo","8":"first","9":"instock","10":"taxable","11":"shipping-taxable","12":"purchasable","13":"product-type-simple"},"_links":{"self":[{"href":"https:\/\/itv.geekbotelectronics.com\/index.php\/wp-json\/wp\/v2\/product\/3866"}],"collection":[{"href":"https:\/\/itv.geekbotelectronics.com\/index.php\/wp-json\/wp\/v2\/product"}],"about":[{"href":"https:\/\/itv.geekbotelectronics.com\/index.php\/wp-json\/wp\/v2\/types\/product"}],"replies":[{"embeddable":true,"href":"https:\/\/itv.geekbotelectronics.com\/index.php\/wp-json\/wp\/v2\/comments?post=3866"}],"wp:featuredmedia":[{"embeddable":true,"href":"https:\/\/itv.geekbotelectronics.com\/index.php\/wp-json\/wp\/v2\/media\/1648"}],"wp:attachment":[{"href":"https:\/\/itv.geekbotelectronics.com\/index.php\/wp-json\/wp\/v2\/media?parent=3866"}],"wp:term":[{"taxonomy":"product_brand","embeddable":true,"href":"https:\/\/itv.geekbotelectronics.com\/index.php\/wp-json\/wp\/v2\/product_brand?post=3866"},{"taxonomy":"product_cat","embeddable":true,"href":"https:\/\/itv.geekbotelectronics.com\/index.php\/wp-json\/wp\/v2\/product_cat?post=3866"},{"taxonomy":"product_tag","embeddable":true,"href":"https:\/\/itv.geekbotelectronics.com\/index.php\/wp-json\/wp\/v2\/product_tag?post=3866"}],"curies":[{"name":"wp","href":"https:\/\/api.w.org\/{rel}","templated":true}]}}