{"id":3879,"date":"2022-09-05T22:13:42","date_gmt":"2022-09-06T04:13:42","guid":{"rendered":"https:\/\/itv.geekbotelectronics.com\/?post_type=product&#038;p=3879"},"modified":"2025-10-17T15:31:00","modified_gmt":"2025-10-17T21:31:00","slug":"switch-de-balancin-con-piloto-verde","status":"publish","type":"product","link":"https:\/\/itv.geekbotelectronics.com\/index.php\/product\/switch-de-balancin-con-piloto-verde\/","title":{"rendered":"Switch de Balanc\u00edn con Piloto Verde"},"content":{"rendered":"","protected":false},"excerpt":{"rendered":"<p><strong>Descripci\u00f3n<\/strong><\/p>\n<p>Interruptor balanc\u00edn cuadrado \u00fatil para las instalaciones el\u00e9ctricas y\/o electr\u00f3nicas.<\/p>\n<p><strong>Especificaciones<\/strong><\/p>\n<ul>\n<li>6 A \/ 250 VCA<\/li>\n<li>10 A \/ 125 VCA<\/li>\n<li>2\u00a0polo, 1 tiro, 2 posiciones<\/li>\n<li>Enclave<\/li>\n<li>iluminado\u00a0piloto<\/li>\n<li>3 pines<\/li>\n<li>Modelo: KCD1<\/li>\n<\/ul>\n","protected":false},"featured_media":1687,"comment_status":"closed","ping_status":"closed","template":"","meta":{"_lmt_disableupdate":"no","_lmt_disable":""},"product_brand":[],"product_cat":[43],"product_tag":[],"class_list":{"0":"post-3879","1":"product","2":"type-product","3":"status-publish","4":"has-post-thumbnail","6":"product_cat-switch","8":"first","9":"outofstock","10":"taxable","11":"shipping-taxable","12":"purchasable","13":"product-type-simple"},"_links":{"self":[{"href":"https:\/\/itv.geekbotelectronics.com\/index.php\/wp-json\/wp\/v2\/product\/3879"}],"collection":[{"href":"https:\/\/itv.geekbotelectronics.com\/index.php\/wp-json\/wp\/v2\/product"}],"about":[{"href":"https:\/\/itv.geekbotelectronics.com\/index.php\/wp-json\/wp\/v2\/types\/product"}],"replies":[{"embeddable":true,"href":"https:\/\/itv.geekbotelectronics.com\/index.php\/wp-json\/wp\/v2\/comments?post=3879"}],"wp:featuredmedia":[{"embeddable":true,"href":"https:\/\/itv.geekbotelectronics.com\/index.php\/wp-json\/wp\/v2\/media\/1687"}],"wp:attachment":[{"href":"https:\/\/itv.geekbotelectronics.com\/index.php\/wp-json\/wp\/v2\/media?parent=3879"}],"wp:term":[{"taxonomy":"product_brand","embeddable":true,"href":"https:\/\/itv.geekbotelectronics.com\/index.php\/wp-json\/wp\/v2\/product_brand?post=3879"},{"taxonomy":"product_cat","embeddable":true,"href":"https:\/\/itv.geekbotelectronics.com\/index.php\/wp-json\/wp\/v2\/product_cat?post=3879"},{"taxonomy":"product_tag","embeddable":true,"href":"https:\/\/itv.geekbotelectronics.com\/index.php\/wp-json\/wp\/v2\/product_tag?post=3879"}],"curies":[{"name":"wp","href":"https:\/\/api.w.org\/{rel}","templated":true}]}}