{"id":3896,"date":"2022-09-05T22:13:43","date_gmt":"2022-09-06T04:13:43","guid":{"rendered":"https:\/\/itv.geekbotelectronics.com\/?post_type=product&#038;p=3896"},"modified":"2025-02-04T18:17:33","modified_gmt":"2025-02-05T00:17:33","slug":"mosfet-irf1404","status":"publish","type":"product","link":"https:\/\/itv.geekbotelectronics.com\/index.php\/product\/mosfet-irf1404\/","title":{"rendered":"Mosfet IRF1404 Ch-N 40V 162A"},"content":{"rendered":"<h4><span style=\"color: #000000\">IRF1404 Mosfet<\/span><\/h4>\n<h5><span style=\"color: #000000\">Descripci\u00f3n<\/span><\/h5>\n<div><span style=\"color: #000000\">T<a style=\"color: #000000\" title=\"Resistor\" href=\"https:\/\/es.wikipedia.org\/wiki\/Resistor\">ransistor<\/a>\u00a0mosfet IRF3205 Canal N.<strong><br \/>\n<\/strong><\/span><\/div>\n<h5><span style=\"color: #000000\">Informaci\u00f3n B\u00e1sica<\/span><\/h5>\n<div>\n<ul>\n<li><span style=\"color: #000000\">Canal-N<\/span><\/li>\n<li><span style=\"color: #000000\">Voltaje Vdss = 40 V<\/span><\/li>\n<li><span style=\"color: #000000\">Intensidad de drenaje Id = 202 A<\/span><\/li>\n<li><span style=\"color: #000000\">Disipaci\u00f3n de potencia = 333 W<\/span><\/li>\n<li>Temperatura de operaci\u00f3n = hasta 175 \u00b0C<\/li>\n<li><span style=\"color: #000000\">Encapsulado TO-220<\/span><\/li>\n<li><span style=\"color: #000000\">3 pines<\/span><\/li>\n<\/ul>\n<\/div>\n<div>\n<div><a href=\"http:\/\/www.geekbotelectronics.com\/wp-content\/uploads\/2018\/05\/irf1404.pdf\">Datasheet<\/a><\/div>\n<\/div>\n","protected":false},"excerpt":{"rendered":"<p>IRF1404 Mosfet Descripci\u00f3n Transistor\u00a0mosfet IRF3205 Canal N. Informaci\u00f3n B\u00e1sica Canal-N Voltaje Vdss = 40 V Intensidad de drenaje Id = 202 A Disipaci\u00f3n de potencia = 333 W Temperatura de operaci\u00f3n = hasta 175 \u00b0C Encapsulado TO-220 3 pines Datasheet<\/p>\n","protected":false},"featured_media":1697,"comment_status":"closed","ping_status":"closed","template":"","meta":{"_lmt_disableupdate":"no","_lmt_disable":""},"product_brand":[],"product_cat":[175],"product_tag":[],"class_list":{"0":"post-3896","1":"product","2":"type-product","3":"status-publish","4":"has-post-thumbnail","6":"product_cat-mosfet","8":"first","9":"instock","10":"taxable","11":"shipping-taxable","12":"purchasable","13":"product-type-simple"},"_links":{"self":[{"href":"https:\/\/itv.geekbotelectronics.com\/index.php\/wp-json\/wp\/v2\/product\/3896"}],"collection":[{"href":"https:\/\/itv.geekbotelectronics.com\/index.php\/wp-json\/wp\/v2\/product"}],"about":[{"href":"https:\/\/itv.geekbotelectronics.com\/index.php\/wp-json\/wp\/v2\/types\/product"}],"replies":[{"embeddable":true,"href":"https:\/\/itv.geekbotelectronics.com\/index.php\/wp-json\/wp\/v2\/comments?post=3896"}],"wp:featuredmedia":[{"embeddable":true,"href":"https:\/\/itv.geekbotelectronics.com\/index.php\/wp-json\/wp\/v2\/media\/1697"}],"wp:attachment":[{"href":"https:\/\/itv.geekbotelectronics.com\/index.php\/wp-json\/wp\/v2\/media?parent=3896"}],"wp:term":[{"taxonomy":"product_brand","embeddable":true,"href":"https:\/\/itv.geekbotelectronics.com\/index.php\/wp-json\/wp\/v2\/product_brand?post=3896"},{"taxonomy":"product_cat","embeddable":true,"href":"https:\/\/itv.geekbotelectronics.com\/index.php\/wp-json\/wp\/v2\/product_cat?post=3896"},{"taxonomy":"product_tag","embeddable":true,"href":"https:\/\/itv.geekbotelectronics.com\/index.php\/wp-json\/wp\/v2\/product_tag?post=3896"}],"curies":[{"name":"wp","href":"https:\/\/api.w.org\/{rel}","templated":true}]}}